{"id":11655,"date":"2025-04-21T16:31:50","date_gmt":"2025-04-21T14:31:50","guid":{"rendered":"https:\/\/topol.org.pl\/?page_id=11655"},"modified":"2026-03-16T13:20:45","modified_gmt":"2026-03-16T12:20:45","slug":"skarb-wislan-z-krakowa","status":"publish","type":"page","link":"https:\/\/topol.org.pl\/?page_id=11655","title":{"rendered":"&#8222;skarb Wi\u015blan z Krakowa&#8221;"},"content":{"rendered":"\n<p>21.04.2025 16.29 &#8222;<a href=\"https:\/\/ma.krakow.pl\/tour\/skarb-wislan-grzywny-siekieropodobne-z-ul-kanoniczej-13-w-krakowie\/\">Niezwyk\u0142y skarb Wi\u015blan z Krakowa. Odkrycie spektakularne w skali Europy<\/a>&#8221; \u0179r\u00f3d\u0142o: wp.pl\/<a href=\"https:\/\/www.google.com\/search?q=Niezwyk%C5%82y+skarb+Wi%C5%9Blan+z+Krakowa.+Odkrycie+spektakularne+w+skali+Europy&amp;oq=Niezwyk%C5%82y+skarb+Wi%C5%9Blan+z+Krakowa.+Odkrycie+spektakularne+w+skali+Europy&amp;gs_lcrp=EgZjaHJvbWUyBggAEEUYOdIBCTIzNjdqMGoxNagCCLACAQ&amp;sourceid=chrome&amp;ie=UTF-8\">Google<\/a><\/p>\n\n\n\n<p>Verte &gt;<a href=\"https:\/\/topol.org.pl\/?page_id=6187\">Fundacja Narodowe Si\u0142y Samoobrony \u201eGrot\u201d<\/a><\/p>\n\n\n\n<p><\/p>\n","protected":false},"excerpt":{"rendered":"<p>21.04.2025 16.29 &#8222;Niezwyk\u0142y skarb Wi\u015blan z Krakowa. Odkrycie spektakularne w skali Europy&#8221; \u0179r\u00f3d\u0142o: wp.pl\/Google Verte &gt;Fundacja Narodowe Si\u0142y Samoobrony \u201eGrot\u201d<\/p>\n","protected":false},"author":1,"featured_media":0,"parent":10180,"menu_order":0,"comment_status":"closed","ping_status":"closed","template":"","meta":{"footnotes":""},"class_list":["post-11655","page","type-page","status-publish","hentry"],"_links":{"self":[{"href":"https:\/\/topol.org.pl\/index.php?rest_route=\/wp\/v2\/pages\/11655","targetHints":{"allow":["GET"]}}],"collection":[{"href":"https:\/\/topol.org.pl\/index.php?rest_route=\/wp\/v2\/pages"}],"about":[{"href":"https:\/\/topol.org.pl\/index.php?rest_route=\/wp\/v2\/types\/page"}],"author":[{"embeddable":true,"href":"https:\/\/topol.org.pl\/index.php?rest_route=\/wp\/v2\/users\/1"}],"replies":[{"embeddable":true,"href":"https:\/\/topol.org.pl\/index.php?rest_route=%2Fwp%2Fv2%2Fcomments&post=11655"}],"version-history":[{"count":3,"href":"https:\/\/topol.org.pl\/index.php?rest_route=\/wp\/v2\/pages\/11655\/revisions"}],"predecessor-version":[{"id":14450,"href":"https:\/\/topol.org.pl\/index.php?rest_route=\/wp\/v2\/pages\/11655\/revisions\/14450"}],"up":[{"embeddable":true,"href":"https:\/\/topol.org.pl\/index.php?rest_route=\/wp\/v2\/pages\/10180"}],"wp:attachment":[{"href":"https:\/\/topol.org.pl\/index.php?rest_route=%2Fwp%2Fv2%2Fmedia&parent=11655"}],"curies":[{"name":"wp","href":"https:\/\/api.w.org\/{rel}","templated":true}]}}