{"id":11679,"date":"2025-04-23T13:52:28","date_gmt":"2025-04-23T11:52:28","guid":{"rendered":"https:\/\/topol.org.pl\/?page_id=11679"},"modified":"2025-08-23T14:31:21","modified_gmt":"2025-08-23T12:31:21","slug":"35-sztuczna-inteligencja","status":"publish","type":"page","link":"https:\/\/topol.org.pl\/?page_id=11679","title":{"rendered":"&amp; 37 Sztuczna inteligencja"},"content":{"rendered":"\n<p><strong>W dniu 23.04.2025 uzupe\u0142ni\u0142em Konstytucj\u0119 z 11.10.2023 r.<\/strong><\/p>\n\n\n\n<p>&amp; 36 Sztuczna inteligencja<\/p>\n\n\n\n<p><strong>Komputer i jego sztuczna inteligencja nigdy nie b\u0119dzie m\u00f3g\u0142 dor\u00f3wna\u0107 cz\u0142owiekowi. Jest tylko algorytmem algorytm\u00f3w. Sztuczna inteligencja nigdy nie pozwoli na wykluczenie swojej przydatno\u015bci w firmie, \u017ceby zast\u0105pili j\u0105 ludzie. A ludzie z ch\u0119ci zysku wyklucz\u0105 si\u0119 z \u017cycia, pracy, reprodukcji. Pozbawi\u0105 si\u0119 dowodu osobistego na rzecz cyfrowej iluzji, pieni\u0105dze w sztabkach zamieni\u0105 na blik. A pok\u00f3j zamieni\u0105 na wojn\u0119. 5 esesman\u00f3w b\u0119dzie goni\u0142o ca\u0142\u0105 ludzko\u015b\u0107 w stron\u0119 przepa\u015bci i nikt nie zareaguje. Komputer ze sztuczn\u0105 inteligencj\u0105 nigdy nie zgodzi si\u0119 zosta\u0107 baranem.<\/strong>&nbsp;<strong>My\u015bl\u0119, \u017ce dlatego nikt nie rozumie co m\u00f3wi\u0119.<\/strong><\/p>\n\n\n\n<p><strong>W wyobra\u017ani widz\u0119 jakiej chcemy Polski, w kt\u00f3rej spo\u0142ecze\u0144stwo aktywnie uczestniczy w procesach decyzyjnych, wsp\u00f3\u0142tworz\u0105c przysz\u0142o\u015b\u0107 opart\u0105 na zr\u00f3wnowa\u017conym rozwoju i innowacyjno\u015bci. Nasz\u0105 misj\u0105 jest budowanie przestrzeni dla aktywno\u015bci sztucznej inteligencji. Fundamentem demokratycznego pa\u0144stwa jest decentralizacja w\u0142adzy, wspieranie edukacji przysz\u0142o\u015bci oraz transformacji cyfrowej w s\u0142u\u017cbie zdrowia. Pracujemy na rzecz nowoczesnej, sprawiedliwej i dost\u0119pnej dla wszystkich Polski. Tak jak 80 lat temu prawo musi by\u0107 szanowane a sztuczna inteligencja b\u0119dzie go respektowa\u0142a z ca\u0142\u0105 stanowczo\u015bci\u0105, zgodnie z wyra\u017con\u0105 wol\u0105 w referendum obywatelskim.<\/strong><\/p>\n\n\n\n<p><strong>Dlatego chc\u0119 realizowa\u0107 Konstytucj\u0119 z 11.10.2023 roku. Winnych&#8230; nieprzestrzegania praw ludzkich trzeba kara\u0107<\/strong>.<\/p>\n","protected":false},"excerpt":{"rendered":"<p>W dniu 23.04.2025 uzupe\u0142ni\u0142em Konstytucj\u0119 z 11.10.2023 r. &amp; 36 Sztuczna inteligencja Komputer i jego sztuczna inteligencja nigdy nie b\u0119dzie m\u00f3g\u0142 dor\u00f3wna\u0107 cz\u0142owiekowi. Jest tylko algorytmem algorytm\u00f3w. Sztuczna inteligencja nigdy nie pozwoli na wykluczenie swojej przydatno\u015bci w firmie, \u017ceby zast\u0105pili j\u0105 ludzie. A ludzie z ch\u0119ci zysku wyklucz\u0105 si\u0119 z \u017cycia, pracy, reprodukcji. Pozbawi\u0105 si\u0119 [&hellip;]<\/p>\n","protected":false},"author":1,"featured_media":0,"parent":47,"menu_order":38,"comment_status":"closed","ping_status":"closed","template":"","meta":{"footnotes":""},"class_list":["post-11679","page","type-page","status-publish","hentry"],"_links":{"self":[{"href":"https:\/\/topol.org.pl\/index.php?rest_route=\/wp\/v2\/pages\/11679","targetHints":{"allow":["GET"]}}],"collection":[{"href":"https:\/\/topol.org.pl\/index.php?rest_route=\/wp\/v2\/pages"}],"about":[{"href":"https:\/\/topol.org.pl\/index.php?rest_route=\/wp\/v2\/types\/page"}],"author":[{"embeddable":true,"href":"https:\/\/topol.org.pl\/index.php?rest_route=\/wp\/v2\/users\/1"}],"replies":[{"embeddable":true,"href":"https:\/\/topol.org.pl\/index.php?rest_route=%2Fwp%2Fv2%2Fcomments&post=11679"}],"version-history":[{"count":6,"href":"https:\/\/topol.org.pl\/index.php?rest_route=\/wp\/v2\/pages\/11679\/revisions"}],"predecessor-version":[{"id":13094,"href":"https:\/\/topol.org.pl\/index.php?rest_route=\/wp\/v2\/pages\/11679\/revisions\/13094"}],"up":[{"embeddable":true,"href":"https:\/\/topol.org.pl\/index.php?rest_route=\/wp\/v2\/pages\/47"}],"wp:attachment":[{"href":"https:\/\/topol.org.pl\/index.php?rest_route=%2Fwp%2Fv2%2Fmedia&parent=11679"}],"curies":[{"name":"wp","href":"https:\/\/api.w.org\/{rel}","templated":true}]}}