{"id":11737,"date":"2025-04-24T14:37:02","date_gmt":"2025-04-24T12:37:02","guid":{"rendered":"https:\/\/topol.org.pl\/?page_id=11737"},"modified":"2025-05-03T20:17:06","modified_gmt":"2025-05-03T18:17:06","slug":"trzy-kropki","status":"publish","type":"page","link":"https:\/\/topol.org.pl\/?page_id=11737","title":{"rendered":"TRZY KROPKI"},"content":{"rendered":"\n<p>24.04.2025 14.37 <a href=\"https:\/\/www.youtube.com\/watch?v=Bija2BOFQGo\">TRZY KROPKI<\/a> | prof. Grzegorz Kucharczyk \u0179r\u00f3d\u0142o: <a href=\"https:\/\/www.youtube.com\/@PoProstuHistoriaGK\">Po Prostu Historia<\/a><\/p>\n\n\n\n<figure class=\"wp-block-image size-full\"><a href=\"https:\/\/youtu.be\/Bija2BOFQGo?t=455\"><img loading=\"lazy\" decoding=\"async\" width=\"989\" height=\"761\" src=\"https:\/\/topol.org.pl\/wp-content\/uploads\/2025\/04\/TRZY-KROPKI-1.jpg\" alt=\"\" class=\"wp-image-11742\" srcset=\"https:\/\/topol.org.pl\/wp-content\/uploads\/2025\/04\/TRZY-KROPKI-1.jpg 989w, https:\/\/topol.org.pl\/wp-content\/uploads\/2025\/04\/TRZY-KROPKI-1-300x231.jpg 300w, https:\/\/topol.org.pl\/wp-content\/uploads\/2025\/04\/TRZY-KROPKI-1-768x591.jpg 768w\" sizes=\"auto, (max-width: 989px) 100vw, 989px\" \/><\/a><\/figure>\n\n\n\n<p>Eufemizmy- Eufemizm to&nbsp;<mark>wyraz lub zwrot u\u017cywany zamiast innego, uwa\u017canego za zbyt dosadne, nieprzyzwoite, kr\u0119puj\u0105ce lub mog\u0105ce obrazi\u0107 czyje\u015b uczucia<\/mark>.&nbsp;Eufemizmy maj\u0105 na celu z\u0142agodzenie tre\u015bci wypowiedzi, unikanie wulgaryzm\u00f3w lub wyra\u017canie czego\u015b w bardziej delikatny spos\u00f3b.&nbsp;<\/p>\n\n\n\n<p>28.04.202519.25 <a href=\"https:\/\/www.youtube.com\/watch?v=rEfLpKU7NX8\">POT\u0118GA (NIE)SMAKU<\/a> | prof. Grzegorz Kucharczyk<\/p>\n\n\n\n<figure class=\"wp-block-table\"><table class=\"has-fixed-layout\"><tbody><tr><td colspan=\"2\"><strong>Akt abdykacji<sup><a href=\"https:\/\/pl.wikisource.org\/wiki\/Akt_abdykacji_Stanis%C5%82awa_Augusta_Poniatowskiego#cite_note-1\">[1]<\/a><\/sup><\/strong><br><em><a href=\"https:\/\/pl.wikisource.org\/wiki\/Autor:Stanis%C5%82aw_August_Poniatowski\">Stanis\u0142awa Augusta Poniatowskiego<\/a><\/em><\/td><td><\/td><\/tr><\/tbody><\/table><\/figure>\n\n\n\n<figure class=\"wp-block-table\"><table class=\"has-fixed-layout\"><tbody><tr><td><a href=\"https:\/\/pl.wikipedia.org\/wiki\/Grodno\">Grodno<\/a>&nbsp;<a href=\"https:\/\/pl.wikipedia.org\/wiki\/25_listopada\">25 listopada<\/a>&nbsp;<a href=\"https:\/\/pl.wikipedia.org\/wiki\/1795\">1795<\/a>. Rzeczywistym autorem tekstu by\u0142 by\u0142y pose\u0142 rosyjski w Rzeczypospolitej&nbsp;<a href=\"https:\/\/pl.wikipedia.org\/wiki\/Niko%C5%82aj_Repnin\">Niko\u0142aj Repnin<\/a>.<\/td><\/tr><\/tbody><\/table><\/figure>\n\n\n\n<p>My, Stanis\u0142aw August, z Bo\u017cej \u0141aski Kr\u00f3l Polski, Wielki Ksi\u0105\u017ce Litewski et c., et c., et c.<\/p>\n\n\n\n<p>Nie szukaj\u0105c w ci\u0105gu kr\u00f3lowania naszego innych korzy\u015bci lub zamiar\u00f3w, jak sta\u0107 si\u0119 u\u017cytecznym ojczy\u017anie Naszej, byli\u015bmy tak\u017ce tego zdania, i\u017c opu\u015bci\u0107 nale\u017cy tron w okoliczno\u015bciach, w kt\u00f3rych rozumieli\u015bmy, \u017ce oddalenie Nasze przy\u0142o\u017cy si\u0119 do powi\u0119kszenia szcz\u0119\u015bcia wsp\u00f3\u0142ziomk\u00f3w Naszych lub te\u017c przynajmniej umniejsza ich nieszcz\u0119\u015bcia; przekonani teraz, \u017ce pieczo\u0142owito\u015b\u0107 Nasza na nic si\u0119 ojczy\u017anie Naszej nie przyda, kiedy nieszcz\u0119\u015bliwa zdarzona w niej insurekcja pogr\u0105\u017cy\u0142a j\u0105 w tera\u017aniejszy stan zniszczenia, i rozwa\u017cywszy, \u017ce \u015brodki wzgl\u0119dem przysz\u0142ego losu Polski koniecznie potrzebne z powodu nagl\u0105cych okoliczno\u015bci, a od Najja\u015bniejszej Imperatorowej Wszech Rosji i innych s\u0105siednich mocarstw przedsi\u0119wzi\u0119te, jedynymi s\u0105 do przywr\u00f3cenia pokoju i spokojno\u015bci wsp\u00f3\u0142obywatelom Naszym, kt\u00f3rych dobro zawsze by\u0142o najmilszym przedmiotem stara\u0144 Naszych \u2014 postanowili\u015bmy przeto z przywi\u0105zania do spokojno\u015bci publicznej o\u015bwiadczy\u0107, tak jako te\u017c niniejszym aktem najuroczy\u015bciej og\u0142aszamy, \u017ce&nbsp;<strong>wolnie i z w\u0142asnej woli<\/strong>&nbsp;wyrzekamy si\u0119 bez ekscepcji wszelkich praw Naszych do Korony Polskiej, do Wielkiego Ksi\u0119stwa Litewskiego i innych nale\u017c\u0105cych do nich kraj\u00f3w, jako te\u017c znajduj\u0105cych si\u0119 w nich posesji i przynale\u017cyto\u015bci; akt ten uroczysty abdykacji korony i rz\u0105du Polski w r\u0119ce Najja\u015bniejszej Imperatorowej Wszech Rosji sk\u0142adamy dobrowolnie i z t\u0105 rzetelno\u015bci\u0105, kt\u00f3ra post\u0119powaniem Naszym w ca\u0142ym \u017cyciu kierowa\u0142a. Zst\u0119puj\u0105c z tronu, dope\u0142niamy ostatniego obowi\u0105zku kr\u00f3lewskiej godno\u015bci, zaklinaj\u0105c Najja\u015bniejsz\u0105 Imperatorow\u0105, a\u017ceby macierzy\u0144sk\u0105 sw\u0105 dobroczynno\u015b\u0107 na tych rozci\u0105gn\u0119\u0142a, kt\u00f3rych kr\u00f3lem byli\u015bmy, i to wielko\u015bci Jej duszy dzia\u0142anie wielkim swym sprzymierze\u0144com udzieli\u0142a. Akt niniejszy dla wi\u0119kszego waloru podpisali\u015bmy i piecz\u0119\u0107 na\u0144 Nasza wycisn\u0105\u0107 rozkazali\u015bmy.<\/p>\n\n\n\n<p>Dzia\u0142o si\u0119 to w Grodnie dnia 25 listopada, a roku 32 panowania Naszego Stanis\u0142aw August, kr\u00f3l.<\/p>\n\n\n\n<p><a href=\"https:\/\/pl.wikipedia.org\/wiki\/Stanis%C5%82aw_August_Poniatowski\">Stanis\u0142aw August Poniatowski<\/a><\/p>\n\n\n\n<p><strong>Wed\u0142ug mnie kr\u00f3la otaczali zdrajcy. A\u017c si\u0119 od nich roi\u0142o.<\/strong> <strong>Trzeba przyzna\u0107, \u017ce wykaza\u0142 charyzm\u0119, z takimi przeciwnikami nie da\u0142o si\u0119 wygra\u0107 w pojedynk\u0119. Abdykacji z tego co czyta\u0142em nie podpisa\u0142. Jeszcze niedawno by\u0142y kopie w Internecie w Wikipedii.<\/strong> <strong>Trzy poprawki, \u017cadnej nie podpisa\u0142.<\/strong> <\/p>\n\n\n\n<p class=\"has-vivid-green-cyan-background-color has-background\"><strong>Trzeba <\/strong><a href=\"https:\/\/pl.wikipedia.org\/wiki\/Stanis%C5%82aw_August_Poniatowski\">Stanis\u0142awowi Augustowi Poniatowskiemu<\/a><strong> odda\u0107 cze\u015b\u0107 i honor.<\/strong><\/p>\n\n\n\n<p><a href=\"https:\/\/pl.wikipedia.org\/wiki\/III_rozbi%C3%B3r_Polski\">III rozbi\u00f3r Polski<\/a> <strong>24 pa\u017adziernika 1795 r. rzekoma abdykacja 25 listopada 1795 r. Jeden dzie\u0144 p\u00f3\u017aniej. Niepodpisana.<\/strong> <strong>Nie mo\u017cna abdykowa\u0107 jak dokona\u0142y si\u0119 rozbiory i nie ma pa\u0144stwa.<\/strong> <strong>Najpierw trzeba abdykowa\u0107 a p\u00f3\u017aniej dokona\u0107 rozbior\u00f3w.<\/strong> <strong>To zn\u00f3w kolejna kwestia rozwi\u0105zana. Chcia\u0142bym si\u0119 przyda\u0107 w tych zawi\u0142o\u015bciach prawnych.<\/strong><\/p>\n\n\n\n<p>&#8222;Cze\u015b\u0107 i honor&#8221; to powszechne polskie wyra\u017cenie, u\u017cywane g\u0142\u00f3wnie w formach oficjalnych lub w sytuacjach, gdzie chcemy wyrazi\u0107 szacunek i uznanie dla kogo\u015b.&nbsp;Znaczy ono mniej wi\u0119cej&nbsp;<mark>&#8222;pozdrowienie i honor&#8221;<\/mark>.                                      \u0179r\u00f3d\u0142o: Al Sztuczna inteligencja<\/p>\n\n\n\n<p>Nieca\u0142y rok po upadku insurekcji, 24 pa\u017adziernika 1795, monarchowie&nbsp;<a href=\"https:\/\/pl.wikipedia.org\/wiki\/Imperium_Rosyjskie\">Rosji<\/a>,&nbsp;<a href=\"https:\/\/pl.wikipedia.org\/wiki\/Kr%C3%B3lestwo_Prus\">Prus<\/a>&nbsp;i&nbsp;<a href=\"https:\/\/pl.wikipedia.org\/wiki\/Cesarstwo_Austrii\">Austrii<\/a>&nbsp;(a w\u0142a\u015bciwie&nbsp;<a href=\"https:\/\/pl.wikipedia.org\/wiki\/Monarchia_Habsburg%C3%B3w\">imperium Habsburg\u00f3w<\/a>) uzgodnili wzajemnie traktat, zgodnie z kt\u00f3rym przeprowadzili ostatni, pe\u0142ny, III rozbi\u00f3r Rzeczypospolitej. <strong>Jedynie Imperium Osma\u0144skie nie uzna\u0142o nigdy rozbior\u00f3w Polski.<\/strong><\/p>\n\n\n\n<p><strong>Miejsce przechowywania:<\/strong> Orygina\u0142 aktu prawdopodobnie znajduje si\u0119 w archiwach pa\u0144stwowych lub muzealnych, cho\u0107 szczeg\u00f3\u0142owe informacje o jego aktualnym po\u0142o\u017ceniu mog\u0105 wymaga\u0107 dalszego researchu. Al sztuczna inteligencja<\/p>\n\n\n\n<p>&#8222;Akt ten pozostawa\u0142 faktycznie w sprzeczno\u015bci z polskim prawem, gdy\u017c od czas\u00f3w abdykacji kr\u00f3la Jana Kazimierza w 1668 r. sejm zakaza\u0142 zrzeczenia si\u0119 tronu w\u0142adcom&#8221;. \u0179r\u00f3d\u0142o: <a href=\"https:\/\/muzeumwp.pl\/timeline\/abdykacja-krola-stanislawa-augusta-poniatowskiego-ostatniego-krola-rzeczpospolitej-1764-1795\/#:~:text=W%20efekcie%20caryca%20Rosji%20Katarzyna,od%2012%20stycznia%201795%20r.\">Muzeum Wojska Polskiego w Cytadeli Warszawskiej<\/a><\/p>\n\n\n\n<h2 class=\"wp-block-heading\" id=\"Nast\u0119pstwa\">Nast\u0119pstwa<\/h2>\n\n\n\n<p>Kr\u00f3l&nbsp;<a href=\"https:\/\/pl.wikipedia.org\/wiki\/Stanis%C5%82aw_August_Poniatowski\">Stanis\u0142aw August Poniatowski<\/a>&nbsp;opu\u015bci\u0142 Warszaw\u0119 i w asy\u015bcie&nbsp;<a href=\"https:\/\/pl.wikipedia.org\/wiki\/Dragoni\">dragon\u00f3w<\/a>&nbsp;rosyjskich uda\u0142 si\u0119 do&nbsp;<a href=\"https:\/\/pl.wikipedia.org\/wiki\/Grodno\">Grodna<\/a>, pod opiek\u0119 i nadz\u00f3r namiestnika rosyjskiego, po czym abdykowa\u0142 25 listopada na rzecz Rosji. Z tej przyczyny Rosja&nbsp;<em><a href=\"https:\/\/pl.wikipedia.org\/wiki\/De_iure\">de iure<\/a><\/em>&nbsp;sta\u0142a si\u0119&nbsp;<a href=\"https:\/\/pl.wikipedia.org\/wiki\/Depozytariusz\">depozytariuszk\u0105<\/a>&nbsp;<a href=\"https:\/\/pl.wikipedia.org\/wiki\/Korona_Kr%C3%B3lestwa_Polskiego\">korony polskiej<\/a>&nbsp;i bez jej zgody&nbsp;<a href=\"https:\/\/pl.wikipedia.org\/wiki\/Napoleon_Bonaparte\">Napoleon<\/a>&nbsp;nie chcia\u0142 i nie m\u00f3g\u0142 przywr\u00f3ci\u0107 p\u00f3\u017aniej&nbsp;<a href=\"https:\/\/pl.wikipedia.org\/wiki\/Rzeczpospolita_Obojga_Narod%C3%B3w\">Kr\u00f3lestwa Polskiego<\/a>&nbsp;(uczyni\u0142 to dopiero w 1812 r., powo\u0142uj\u0105c&nbsp;<a href=\"https:\/\/pl.wikipedia.org\/wiki\/Konfederacja_Generalna_Kr%C3%B3lestwa_Polskiego\">Konfederacj\u0119 Generaln\u0105 Kr\u00f3lestwa Polskiego<\/a>&nbsp;i wypowiadaj\u0105c wojn\u0119 Rosji). Stanis\u0142aw August Poniatowski zmar\u0142 w&nbsp;<a href=\"https:\/\/pl.wikipedia.org\/wiki\/Petersburg\">Petersburgu<\/a>&nbsp;12 lutego 1798. \u0179r\u00f3d\u0142o: Wikipedia<\/p>\n\n\n\n<p><strong>Dlaczego mi na tym zale\u017cy, poniewa\u017c w 2040 roku&#8230;<\/strong><\/p>\n\n\n\n<p><strong>&#8222;<a href=\"https:\/\/www.rp.pl\/publicystyka\/art42190661-marek-a-cichocki-upadek-klausa-schwaba-z-davos-odkrywa-prawde-o-zachodnim-liberalizmie\">tak zwani ludzie z Davos<\/a>&#8221; czy to nie z nimi spotyka\u0142a si\u0119 nasza z\u0142ota elita.<\/strong><\/p>\n\n\n\n<p><strong>Zapowiadaj\u0105, \u017ce ostatni prawdziwy cz\u0142owiek urodzi si\u0119 w 2040 roku. P\u00f3\u017aniej \u015bwiat cyfrowy po\u0142\u0105czy na zawsze roboty i bioroboty.<\/strong> &#8222;<a href=\"https:\/\/cyfrowa.rp.pl\/globalne-interesy\/art42190611-superkomputer-za-200-mld-dol-i-zasilany-przez-dziewiec-reaktorow-nadchodza-giganci\">Superkomputery AI b\u0119d\u0105 potrzebowa\u0142y ogromnych ilo\u015bci energii. T\u0119 mog\u0105 dostarczy\u0107 g\u0142\u00f3wnie elektrownie atomowe<\/a>&#8222;. <strong>Dla nas nie b\u0119dzie miejsca na ziemi.<\/strong> <strong>B\u0119dziemy musieli zamieszka\u0107 na ksi\u0119\u017cycu.<\/strong> Tak jak <a href=\"https:\/\/pl.wikipedia.org\/wiki\/Pan_Twardowski_(posta%C4%87)\">Pan Twardowski<\/a>.<\/p>\n\n\n\n<p><a href=\"https:\/\/www.youtube.com\/watch?v=5ZuZzYgfWXQ&amp;list=PLvdibod3J-XuIrT3Ug9zE2PMmSHugI3n2&amp;index=1\">Dominacja bezprawia | ksi\u0105dz profesor TADEUSZ GUZ<\/a> \u0179r\u00f3d\u0142o: <a href=\"https:\/\/www.youtube.com\/watch?v=5ZuZzYgfWXQ&amp;list=PLvdibod3J-XuIrT3Ug9zE2PMmSHugI3n2&amp;index=1\">Studio KIK<\/a><\/p>\n\n\n\n<p><strong>Musimy odzyska\u0107 niepodleg\u0142o\u015b\u0107 i suwerenno\u015b\u0107. Ci\u0105gle mo\u017cemy co\u015b zrobi\u0107.<\/strong><\/p>\n\n\n\n<figure class=\"wp-block-image size-large\"><a href=\"https:\/\/www.youtube.com\/playlist?list=PLvdibod3J-XuHzvaEetYG9YGjFMmTB1Tn\"><img loading=\"lazy\" decoding=\"async\" width=\"1024\" height=\"415\" src=\"https:\/\/topol.org.pl\/wp-content\/uploads\/2025\/04\/Jubileuszowy-medal-na-1000-lecie-koronacji-Boleslawa-Chrobrego-1-szt.-1025-r-1024x415.jpg\" alt=\"\" class=\"wp-image-11817\" srcset=\"https:\/\/topol.org.pl\/wp-content\/uploads\/2025\/04\/Jubileuszowy-medal-na-1000-lecie-koronacji-Boleslawa-Chrobrego-1-szt.-1025-r-1024x415.jpg 1024w, https:\/\/topol.org.pl\/wp-content\/uploads\/2025\/04\/Jubileuszowy-medal-na-1000-lecie-koronacji-Boleslawa-Chrobrego-1-szt.-1025-r-300x122.jpg 300w, https:\/\/topol.org.pl\/wp-content\/uploads\/2025\/04\/Jubileuszowy-medal-na-1000-lecie-koronacji-Boleslawa-Chrobrego-1-szt.-1025-r-768x311.jpg 768w, https:\/\/topol.org.pl\/wp-content\/uploads\/2025\/04\/Jubileuszowy-medal-na-1000-lecie-koronacji-Boleslawa-Chrobrego-1-szt.-1025-r-1536x623.jpg 1536w, https:\/\/topol.org.pl\/wp-content\/uploads\/2025\/04\/Jubileuszowy-medal-na-1000-lecie-koronacji-Boleslawa-Chrobrego-1-szt.-1025-r.jpg 1892w\" sizes=\"auto, (max-width: 1024px) 100vw, 1024px\" \/><\/a><\/figure>\n\n\n\n<p>Verte &gt;<a href=\"https:\/\/topol.org.pl\/?page_id=6187\">Fundacja Narodowe Si\u0142y Samoobrony \u201eGrot\u201d<\/a><\/p>\n\n\n\n<p><\/p>\n","protected":false},"excerpt":{"rendered":"<p>24.04.2025 14.37 TRZY KROPKI | prof. Grzegorz Kucharczyk \u0179r\u00f3d\u0142o: Po Prostu Historia Eufemizmy- Eufemizm to&nbsp;wyraz lub zwrot u\u017cywany zamiast innego, uwa\u017canego za zbyt dosadne, nieprzyzwoite, kr\u0119puj\u0105ce lub mog\u0105ce obrazi\u0107 czyje\u015b uczucia.&nbsp;Eufemizmy maj\u0105 na celu z\u0142agodzenie tre\u015bci wypowiedzi, unikanie wulgaryzm\u00f3w lub wyra\u017canie czego\u015b w bardziej delikatny spos\u00f3b.&nbsp; 28.04.202519.25 POT\u0118GA (NIE)SMAKU | prof. Grzegorz Kucharczyk Akt abdykacji[1]Stanis\u0142awa [&hellip;]<\/p>\n","protected":false},"author":1,"featured_media":0,"parent":0,"menu_order":292,"comment_status":"closed","ping_status":"closed","template":"","meta":{"footnotes":""},"class_list":["post-11737","page","type-page","status-publish","hentry"],"_links":{"self":[{"href":"https:\/\/topol.org.pl\/index.php?rest_route=\/wp\/v2\/pages\/11737","targetHints":{"allow":["GET"]}}],"collection":[{"href":"https:\/\/topol.org.pl\/index.php?rest_route=\/wp\/v2\/pages"}],"about":[{"href":"https:\/\/topol.org.pl\/index.php?rest_route=\/wp\/v2\/types\/page"}],"author":[{"embeddable":true,"href":"https:\/\/topol.org.pl\/index.php?rest_route=\/wp\/v2\/users\/1"}],"replies":[{"embeddable":true,"href":"https:\/\/topol.org.pl\/index.php?rest_route=%2Fwp%2Fv2%2Fcomments&post=11737"}],"version-history":[{"count":28,"href":"https:\/\/topol.org.pl\/index.php?rest_route=\/wp\/v2\/pages\/11737\/revisions"}],"predecessor-version":[{"id":11910,"href":"https:\/\/topol.org.pl\/index.php?rest_route=\/wp\/v2\/pages\/11737\/revisions\/11910"}],"wp:attachment":[{"href":"https:\/\/topol.org.pl\/index.php?rest_route=%2Fwp%2Fv2%2Fmedia&parent=11737"}],"curies":[{"name":"wp","href":"https:\/\/api.w.org\/{rel}","templated":true}]}}