{"id":11783,"date":"2025-04-28T16:56:22","date_gmt":"2025-04-28T14:56:22","guid":{"rendered":"https:\/\/topol.org.pl\/?page_id=11783"},"modified":"2025-05-02T09:31:43","modified_gmt":"2025-05-02T07:31:43","slug":"po-prostu-mnie-podpuszcza","status":"publish","type":"page","link":"https:\/\/topol.org.pl\/?page_id=11783","title":{"rendered":"&#8222;po prostu mnie podpuszcza&#8221;"},"content":{"rendered":"\n<p>28.04.2025 15.08 <a href=\"https:\/\/www.rp.pl\/dyplomacja\/art42189271-donald-trump-byc-moze-putin-po-prostu-mnie-podpuszcza\">Donald Trump: By\u0107 mo\u017ce Putin po prostu mnie podpuszcza<\/a> \u0179r\u00f3d\u0142o: rp.pl<\/p>\n\n\n\n<p><strong>Mam nadziej\u0119, \u017ce Rosja nie przegra planu pokojowego na rzecz Chin i Europy Zachodniej. Jak b\u0119dzie przed\u0142u\u017ca\u0107 straci swoje terytorium i rozp\u0119ta wojn\u0119 o przetrwanie. Europa Zachodnia stawia na Chiny. Zamie\u015bci\u0142em plan pokojowy na mojej stronie. Najlepsze warunki dla wszystkich<\/strong> <strong>stron niepotrzebnego konfliktu.<\/strong> <strong>My stawiamy na Tr\u00f3jmorze i suwerenno\u015b\u0107.<\/strong> <strong>Ukraina ma si\u0119 zgodzi\u0107 na zawieszenie konfliktu i utworzenie strefy spornej. Te tereny s\u0105 zamieszkane przez Rosjan. Jak wci\u0105gn\u0105 do pomocy innych to prawdopodobnie teren sporny zajmie Turcja. Ukraina sama sobie poradzi z obron\u0105. Dobrze jak podpisz\u0105 umow\u0119 o minera\u0142y z USA. Stworz\u0105 warunki do wsp\u00f3\u0142pracy technologicznej i zabezpiecz\u0105 swoje interesy. Powinni zrozumie\u0107, \u017ce nie po drodze im z Angli\u0105, Francj\u0105 i Niemcami. <\/strong><\/p>\n\n\n\n<p>&#8222;Odwieczni wrogowie&#8221; oznacza osoby lub grupy, kt\u00f3re s\u0105 wrogo nastawione do siebie od dawna, od wiek\u00f3w, w spos\u00f3b trwaj\u0105cy. \u0179r\u00f3d\u0142o: <strong>AI<\/strong> Sztuczna inteligencja.<\/p>\n\n\n\n<p>01.05.2025 07.57 &#8222;<a href=\"https:\/\/www.rp.pl\/polityka\/art42218191-umowa-surowcowa-usa-ukraina-podpisana-jest-oficjalne-potwierdzenie\">Umowa surowcowa USA-Ukraina podpisana<\/a>&#8222;. \u0179r\u00f3d\u0142o: rp.pl<\/p>\n\n\n\n<p>&#8222;Strony porozumia\u0142y si\u0119 w kwestii stworzenia Ameryka\u0144sko-Ukrai\u0144skiego Inwestycyjnego Funduszu Odbudowy&#8221;.<\/p>\n\n\n\n<p>01.05.2025 17.50 <a href=\"https:\/\/www.youtube.com\/watch?v=wJVN43k-Mfg\">Zaskakuj\u0105ce Fakty o Umowie USA i Ukrainy: Surowce To Nie Wszystko!<\/a> \u0179r\u00f3d\u0142o: <a href=\"https:\/\/www.youtube.com\/@TomaszPiekielnik\">Tomasz Piekielnik<\/a><\/p>\n\n\n\n<p>Verte &gt;<a href=\"https:\/\/topol.org.pl\/?page_id=6187\">Fundacja Narodowe Si\u0142y Samoobrony \u201eGrot\u201d<\/a><\/p>\n\n\n\n<p><\/p>\n","protected":false},"excerpt":{"rendered":"<p>28.04.2025 15.08 Donald Trump: By\u0107 mo\u017ce Putin po prostu mnie podpuszcza \u0179r\u00f3d\u0142o: rp.pl Mam nadziej\u0119, \u017ce Rosja nie przegra planu pokojowego na rzecz Chin i Europy Zachodniej. Jak b\u0119dzie przed\u0142u\u017ca\u0107 straci swoje terytorium i rozp\u0119ta wojn\u0119 o przetrwanie. Europa Zachodnia stawia na Chiny. Zamie\u015bci\u0142em plan pokojowy na mojej stronie. Najlepsze warunki dla wszystkich stron niepotrzebnego [&hellip;]<\/p>\n","protected":false},"author":1,"featured_media":0,"parent":0,"menu_order":291,"comment_status":"closed","ping_status":"closed","template":"","meta":{"footnotes":""},"class_list":["post-11783","page","type-page","status-publish","hentry"],"_links":{"self":[{"href":"https:\/\/topol.org.pl\/index.php?rest_route=\/wp\/v2\/pages\/11783","targetHints":{"allow":["GET"]}}],"collection":[{"href":"https:\/\/topol.org.pl\/index.php?rest_route=\/wp\/v2\/pages"}],"about":[{"href":"https:\/\/topol.org.pl\/index.php?rest_route=\/wp\/v2\/types\/page"}],"author":[{"embeddable":true,"href":"https:\/\/topol.org.pl\/index.php?rest_route=\/wp\/v2\/users\/1"}],"replies":[{"embeddable":true,"href":"https:\/\/topol.org.pl\/index.php?rest_route=%2Fwp%2Fv2%2Fcomments&post=11783"}],"version-history":[{"count":10,"href":"https:\/\/topol.org.pl\/index.php?rest_route=\/wp\/v2\/pages\/11783\/revisions"}],"predecessor-version":[{"id":11847,"href":"https:\/\/topol.org.pl\/index.php?rest_route=\/wp\/v2\/pages\/11783\/revisions\/11847"}],"wp:attachment":[{"href":"https:\/\/topol.org.pl\/index.php?rest_route=%2Fwp%2Fv2%2Fmedia&parent=11783"}],"curies":[{"name":"wp","href":"https:\/\/api.w.org\/{rel}","templated":true}]}}