{"id":11813,"date":"2025-04-29T06:57:05","date_gmt":"2025-04-29T04:57:05","guid":{"rendered":"https:\/\/topol.org.pl\/?page_id=11813"},"modified":"2026-01-09T11:01:28","modified_gmt":"2026-01-09T10:01:28","slug":"orly-esg","status":"publish","type":"page","link":"https:\/\/topol.org.pl\/?page_id=11813","title":{"rendered":"Or\u0142y ESG"},"content":{"rendered":"\n<p>29.04.2025 06.57 <a href=\"https:\/\/www.youtube.com\/watch?v=VP_q8Iu1tMY&amp;t=59s\">Co Dzieje Si\u0119 na \u015awiecie: Blackout w Hiszpanii, Putin Zawiesza Bro\u0144, Trump i Ze\u0142e\u0144ski, Tusk i Atom<\/a> \u0179r\u00f3d\u0142o: Tomasz Piekielnik<\/p>\n\n\n\n<p>Verte ><a href=\"https:\/\/topol.org.pl\/?page_id=6187\">Fundacja Narodowe Si\u0142y Samoobrony \u201eGrot\u201d<\/a><\/p>\n\n\n\n<p><\/p>\n","protected":false},"excerpt":{"rendered":"<p>29.04.2025 06.57 Co Dzieje Si\u0119 na \u015awiecie: Blackout w Hiszpanii, Putin Zawiesza Bro\u0144, Trump i Ze\u0142e\u0144ski, Tusk i Atom \u0179r\u00f3d\u0142o: Tomasz Piekielnik Verte >Fundacja Narodowe Si\u0142y Samoobrony \u201eGrot\u201d<\/p>\n","protected":false},"author":1,"featured_media":0,"parent":8678,"menu_order":3,"comment_status":"closed","ping_status":"closed","template":"","meta":{"footnotes":""},"class_list":["post-11813","page","type-page","status-publish","hentry"],"_links":{"self":[{"href":"https:\/\/topol.org.pl\/index.php?rest_route=\/wp\/v2\/pages\/11813","targetHints":{"allow":["GET"]}}],"collection":[{"href":"https:\/\/topol.org.pl\/index.php?rest_route=\/wp\/v2\/pages"}],"about":[{"href":"https:\/\/topol.org.pl\/index.php?rest_route=\/wp\/v2\/types\/page"}],"author":[{"embeddable":true,"href":"https:\/\/topol.org.pl\/index.php?rest_route=\/wp\/v2\/users\/1"}],"replies":[{"embeddable":true,"href":"https:\/\/topol.org.pl\/index.php?rest_route=%2Fwp%2Fv2%2Fcomments&post=11813"}],"version-history":[{"count":3,"href":"https:\/\/topol.org.pl\/index.php?rest_route=\/wp\/v2\/pages\/11813\/revisions"}],"predecessor-version":[{"id":11816,"href":"https:\/\/topol.org.pl\/index.php?rest_route=\/wp\/v2\/pages\/11813\/revisions\/11816"}],"up":[{"embeddable":true,"href":"https:\/\/topol.org.pl\/index.php?rest_route=\/wp\/v2\/pages\/8678"}],"wp:attachment":[{"href":"https:\/\/topol.org.pl\/index.php?rest_route=%2Fwp%2Fv2%2Fmedia&parent=11813"}],"curies":[{"name":"wp","href":"https:\/\/api.w.org\/{rel}","templated":true}]}}