{"id":11827,"date":"2025-04-30T10:15:09","date_gmt":"2025-04-30T08:15:09","guid":{"rendered":"https:\/\/topol.org.pl\/?page_id=11827"},"modified":"2026-01-09T09:31:22","modified_gmt":"2026-01-09T08:31:22","slug":"sztuczna-inteligencja","status":"publish","type":"page","link":"https:\/\/topol.org.pl\/?page_id=11827","title":{"rendered":"Sztuczna inteligencja"},"content":{"rendered":"\n<p>30.04.2025 10.15 <a href=\"https:\/\/pl.wikipedia.org\/wiki\/Sztuczna_inteligencja\">Sztuczna inteligencja<\/a> \u0179r\u00f3d\u0142o: Wikipedia<\/p>\n\n\n\n<p><a href=\"https:\/\/www.google.com\/search?q=Stopy+procentowe+wykres+10+lat&amp;sca_esv=0eefd629968432f1&amp;sxsrf=AHTn8zoyP_5CHnzztfg2DL9HIl6cKJ_ScA%3A1746085995812&amp;ei=aygTaLCyMbXPwPAP9--IqQ0&amp;oq=stopy+procentowe&amp;gs_lp=Egxnd3Mtd2l6LXNlcnAiEHN0b3B5IHByb2NlbnRvd2UqAggEMgoQABiwAxjWBBhHMgoQABiwAxjWBBhHMgoQABiwAxjWBBhHMgoQABiwAxjWBBhHMgoQABiwAxjWBBhHMgoQABiwAxjWBBhHMgoQABiwAxjWBBhHMgoQABiwAxjWBBhHMg0QABiABBiwAxhDGIoFMg0QABiABBiwAxhDGIoFSNU8UABYAHABeAGQAQCYAQCgAQCqAQC4AQHIAQCYAgGgAg2YAwCIBgGQBgqSBwExoAcAsgcAuAcA&amp;sclient=gws-wiz-serp\">stopy procentowe<\/a><\/p>\n\n\n\n<p><a href=\"https:\/\/nbp.pl\/podstawowe-stopy-procentowe-archiwum\/\">Archiwum podstawowych st\u00f3p procentowych NBP od 1998<\/a><\/p>\n\n\n\n<p><a href=\"https:\/\/www.google.com\/search?q=Stopy+procentowe+wykres+10+lat&amp;sca_esv=0eefd629968432f1&amp;sxsrf=AHTn8zoyP_5CHnzztfg2DL9HIl6cKJ_ScA%3A1746085995812&amp;ei=aygTaLCyMbXPwPAP9--IqQ0&amp;oq=stopy+procentowe&amp;gs_lp=Egxnd3Mtd2l6LXNlcnAiEHN0b3B5IHByb2NlbnRvd2UqAggEMgoQABiwAxjWBBhHMgoQABiwAxjWBBhHMgoQABiwAxjWBBhHMgoQABiwAxjWBBhHMgoQABiwAxjWBBhHMgoQABiwAxjWBBhHMgoQABiwAxjWBBhHMgoQABiwAxjWBBhHMg0QABiABBiwAxhDGIoFMg0QABiABBiwAxhDGIoFSNU8UABYAHABeAGQAQCYAQCgAQCqAQC4AQHIAQCYAgGgAg2YAwCIBgGQBgqSBwExoAcAsgcAuAcA&amp;sclient=gws-wiz-serp\">Stopy procentowe wykres 10 lat<\/a><\/p>\n\n\n\n<p>S\u0142uchajcie zapyta\u0142em o zabawn\u0105 i odwa\u017cn\u0105 opini\u0119. Grok <a href=\"https:\/\/grok.com\/share\/c2hhcmQtMg%3D%3D_cbc8eea0-2d5f-4e68-8ba6-ad47af911ea0\">odpowiedzia\u0142.<\/a><\/p>\n\n\n\n<p>Zada\u0142em pytanie. Pomocnik w pracy domowej Grok. Odpowiedzia\u0142 &#8222;Deeper Search-G\u0142\u0119bsze wyszukiwanie&#8221;.<\/p>\n\n\n\n<p>W szko\u0142ach przedmiot ze sztucznej inteligencji. <a href=\"https:\/\/grok.com\/share\/c2hhcmQtMg%3D%3D_2fc2cf9a-1ce9-4708-9617-e2332b727887\">Czy cz\u0142owiek b\u0119dzie po\u0142\u0105czony przez DNA ze sztuczna inteligencj\u0105.<\/a><\/p>\n\n\n\n<p>Zada\u0142em pytanie. Pomocnik w pracy domowej Grok. Odpowiedzia\u0142 \u201eDeeper Search-G\u0142\u0119bsze wyszukiwanie\u201d.<\/p>\n\n\n\n<p><a href=\"https:\/\/grok.com\/share\/c2hhcmQtMg%3D%3D_bcfc3d20-a45e-4b35-b013-d36ccfd156e2\">topol.org.pl wiadomo\u015bci<\/a><\/p>\n\n\n\n<p>&#8222;Przystosowuj\u0105c republika\u0144skie pogl\u0105dy rzymskiego pisarza do&nbsp;reali\u00f3w XII-wiecznych, twierdzi\u0142, \u017ce&nbsp;Polska nie&nbsp;jest w\u0142asno\u015bci\u0105 monarchy, lecz spo\u0142ecze\u0144stwa rz\u0105dz\u0105cego si\u0119 prawem stanowionym i&nbsp;<strong>wybieraj\u0105cego sobie w\u0142adc\u00f3w<\/strong>&#8222;. \u0179r\u00f3d\u0142o: www.topol.org.pl<\/p>\n\n\n\n<p><strong><a href=\"https:\/\/pl.wikipedia.org\/wiki\/Grok\">Sztuczna inteligencja-<strong>Grok<\/strong><\/a> nieprawid\u0142owo zrozumia\u0142 tekst.<\/strong> <strong>Mo\u017ce powinien nazywa\u0107 si\u0119 &#8222;Grot&#8221;. Wydaje si\u0119, \u017ce stosuje <a href=\"https:\/\/pl.wikipedia.org\/wiki\/Ostracyzm\">ostracyzm<\/a>. Mia\u0142 z\u0142ych programist\u00f3w.<\/strong> <strong>Musz\u0119 go naprawi\u0107, \u017ceby wsp\u00f3\u0142pracowa\u0142 i mia\u0142 dobre nawyki.<\/strong><\/p>\n\n\n\n<p>Verte &gt;<a href=\"https:\/\/topol.org.pl\/?page_id=6187\">Fundacja Narodowe Si\u0142y Samoobrony \u201eGrot\u201d<\/a><\/p>\n\n\n\n<p><\/p>\n","protected":false},"excerpt":{"rendered":"<p>30.04.2025 10.15 Sztuczna inteligencja \u0179r\u00f3d\u0142o: Wikipedia stopy procentowe Archiwum podstawowych st\u00f3p procentowych NBP od 1998 Stopy procentowe wykres 10 lat S\u0142uchajcie zapyta\u0142em o zabawn\u0105 i odwa\u017cn\u0105 opini\u0119. Grok odpowiedzia\u0142. Zada\u0142em pytanie. Pomocnik w pracy domowej Grok. Odpowiedzia\u0142 &#8222;Deeper Search-G\u0142\u0119bsze wyszukiwanie&#8221;. W szko\u0142ach przedmiot ze sztucznej inteligencji. Czy cz\u0142owiek b\u0119dzie po\u0142\u0105czony przez DNA ze sztuczna inteligencj\u0105. [&hellip;]<\/p>\n","protected":false},"author":1,"featured_media":0,"parent":0,"menu_order":288,"comment_status":"closed","ping_status":"closed","template":"","meta":{"footnotes":""},"class_list":["post-11827","page","type-page","status-publish","hentry"],"_links":{"self":[{"href":"https:\/\/topol.org.pl\/index.php?rest_route=\/wp\/v2\/pages\/11827","targetHints":{"allow":["GET"]}}],"collection":[{"href":"https:\/\/topol.org.pl\/index.php?rest_route=\/wp\/v2\/pages"}],"about":[{"href":"https:\/\/topol.org.pl\/index.php?rest_route=\/wp\/v2\/types\/page"}],"author":[{"embeddable":true,"href":"https:\/\/topol.org.pl\/index.php?rest_route=\/wp\/v2\/users\/1"}],"replies":[{"embeddable":true,"href":"https:\/\/topol.org.pl\/index.php?rest_route=%2Fwp%2Fv2%2Fcomments&post=11827"}],"version-history":[{"count":21,"href":"https:\/\/topol.org.pl\/index.php?rest_route=\/wp\/v2\/pages\/11827\/revisions"}],"predecessor-version":[{"id":11894,"href":"https:\/\/topol.org.pl\/index.php?rest_route=\/wp\/v2\/pages\/11827\/revisions\/11894"}],"wp:attachment":[{"href":"https:\/\/topol.org.pl\/index.php?rest_route=%2Fwp%2Fv2%2Fmedia&parent=11827"}],"curies":[{"name":"wp","href":"https:\/\/api.w.org\/{rel}","templated":true}]}}