{"id":11867,"date":"2025-05-02T09:27:36","date_gmt":"2025-05-02T07:27:36","guid":{"rendered":"https:\/\/topol.org.pl\/?page_id=11867"},"modified":"2025-05-02T09:35:34","modified_gmt":"2025-05-02T07:35:34","slug":"milicja-lac-militia-sluzba-wojskowa-od-miles-zolnierz","status":"publish","type":"page","link":"https:\/\/topol.org.pl\/?page_id=11867","title":{"rendered":"Milicja \u0142ac.\u00a0militia\u00a0\u201es\u0142u\u017cba wojskowa\u201d od\u00a0miles\u00a0\u201e\u017co\u0142nierz\u201d"},"content":{"rendered":"\n<p>02.05.2025 09.20 <a href=\"https:\/\/www.youtube.com\/watch?v=emrFsefviuY\">Milicja czy policja? Ukradzione znaczenie wa\u017cnego s\u0142owa&#8230;<\/a> | Pogodne Szorty<\/p>\n\n\n\n<p><a href=\"https:\/\/pl.wikipedia.org\/wiki\/Milicja\">Milicja<\/a> \u0179r\u00f3d\u0142o: Wikipedia<\/p>\n\n\n\n<p><strong>Milicja<\/strong>\u00a0(<a href=\"https:\/\/pl.wikipedia.org\/wiki\/%C5%81acina\">\u0142ac.<\/a>\u00a0<em>militia<\/em><sup><a href=\"https:\/\/pl.wikipedia.org\/wiki\/Milicja#cite_note-2\">[a]<\/a><\/sup>) \u2013 oddzia\u0142y zbrojne organizowane w zakresie lokalnym, formowane z\u00a0<a href=\"https:\/\/pl.wikipedia.org\/wiki\/Cywil\">cywil\u00f3w<\/a>\u00a0posiadaj\u0105cych przynajmniej minimalne przeszkolenie\u00a0<a href=\"https:\/\/pl.wikipedia.org\/wiki\/Si%C5%82y_zbrojne\">wojskowe<\/a>\u00a0i zazwyczaj w\u0142asn\u0105 bro\u0144. Formacje tego typu mobilizowane s\u0105 dora\u017anie na wypadek\u00a0<a href=\"https:\/\/pl.wikipedia.org\/wiki\/Wojna\">wojny<\/a>\u00a0lub innego zagro\u017cenia.<\/p>\n\n\n\n<p>Verte &gt;<a href=\"https:\/\/topol.org.pl\/?page_id=6187\">Fundacja Narodowe Si\u0142y Samoobrony \u201eGrot\u201d<\/a><\/p>\n\n\n\n<p><\/p>\n","protected":false},"excerpt":{"rendered":"<p>02.05.2025 09.20 Milicja czy policja? Ukradzione znaczenie wa\u017cnego s\u0142owa&#8230; | Pogodne Szorty Milicja \u0179r\u00f3d\u0142o: Wikipedia Milicja\u00a0(\u0142ac.\u00a0militia[a]) \u2013 oddzia\u0142y zbrojne organizowane w zakresie lokalnym, formowane z\u00a0cywil\u00f3w\u00a0posiadaj\u0105cych przynajmniej minimalne przeszkolenie\u00a0wojskowe\u00a0i zazwyczaj w\u0142asn\u0105 bro\u0144. Formacje tego typu mobilizowane s\u0105 dora\u017anie na wypadek\u00a0wojny\u00a0lub innego zagro\u017cenia. Verte &gt;Fundacja Narodowe Si\u0142y Samoobrony \u201eGrot\u201d<\/p>\n","protected":false},"author":1,"featured_media":0,"parent":0,"menu_order":287,"comment_status":"closed","ping_status":"closed","template":"","meta":{"footnotes":""},"class_list":["post-11867","page","type-page","status-publish","hentry"],"_links":{"self":[{"href":"https:\/\/topol.org.pl\/index.php?rest_route=\/wp\/v2\/pages\/11867","targetHints":{"allow":["GET"]}}],"collection":[{"href":"https:\/\/topol.org.pl\/index.php?rest_route=\/wp\/v2\/pages"}],"about":[{"href":"https:\/\/topol.org.pl\/index.php?rest_route=\/wp\/v2\/types\/page"}],"author":[{"embeddable":true,"href":"https:\/\/topol.org.pl\/index.php?rest_route=\/wp\/v2\/users\/1"}],"replies":[{"embeddable":true,"href":"https:\/\/topol.org.pl\/index.php?rest_route=%2Fwp%2Fv2%2Fcomments&post=11867"}],"version-history":[{"count":3,"href":"https:\/\/topol.org.pl\/index.php?rest_route=\/wp\/v2\/pages\/11867\/revisions"}],"predecessor-version":[{"id":11870,"href":"https:\/\/topol.org.pl\/index.php?rest_route=\/wp\/v2\/pages\/11867\/revisions\/11870"}],"wp:attachment":[{"href":"https:\/\/topol.org.pl\/index.php?rest_route=%2Fwp%2Fv2%2Fmedia&parent=11867"}],"curies":[{"name":"wp","href":"https:\/\/api.w.org\/{rel}","templated":true}]}}