{"id":11895,"date":"2025-05-03T09:26:06","date_gmt":"2025-05-03T07:26:06","guid":{"rendered":"https:\/\/topol.org.pl\/?page_id=11895"},"modified":"2025-07-02T06:52:58","modified_gmt":"2025-07-02T04:52:58","slug":"witaj-maj-trzeci-maj","status":"publish","type":"page","link":"https:\/\/topol.org.pl\/?page_id=11895","title":{"rendered":"Witaj Maj! Trzeci Maj!"},"content":{"rendered":"\n<p>03.05.2025 09.22 &#8222;<a href=\"https:\/\/historia.dorzeczy.pl\/xix-wiek\/721692\/witaj-maj-trzeci-maj-witaj-majowa-jutrzenko-historia-piesni.html\">Witaj Maj, Trzeci Maj!<\/a>&#8221; <\/p>\n\n\n\n<p>03.05.2025 09.50 <a href=\"https:\/\/historia.dorzeczy.pl\/nowozytnosc\/721686\/konstytucja-3-maja-jest-ona-jedynym-wezlem-rozszarpanej-polski.html\">&#8222;Po dzi\u015b dzie\u0144 jest ona jedynym w\u0119z\u0142em rozszarpanej Polski\u201d. Z\u00a0dziej\u00f3w Konstytucji 3\u00a0Maja<\/a><\/p>\n\n\n\n<p>\u0179r\u00f3d\u0142o:&nbsp;DoRzeczy.pl<\/p>\n\n\n\n<p><strong>&#8222;Konstytucja 3 maja jest nieaktualna, na tronie Polskim mia\u0142 zasiada\u0107 kr\u00f3l z Niemieckiego rodu, protoplast\u0105 hrabia, Ka\u017cdy kr\u00f3l jest \u201eDux Poloniae\u201d* Tre\u015b\u0107 Konstytucji z 1997. akceptuj\u0119 mimo \u017ce referendum jest niewa\u017cne bo uczestniczy\u0142o 42,86% ludzi. Wa\u017cna jest konstytucja z 1935 roku po zaprzysi\u0119\u017ceniu prezydenta na uchod\u017astwie legalizuje* granice z 2 RP. Dlatego w dniu 11.10.2023 zaznaczam, \u017ce 2RP, PRL,3RP nie maj\u0105 ci\u0105g\u0142o\u015bci z Kr\u00f3lestwem (<em>Corona Regni Poloniae<\/em>). Wszystkie osoby-urz\u0119dnik\u00f3w Pa\u0144stwowych w Mojej Rzeczypospolitej Polskiej akceptuj\u0119&#8221;.<\/strong> \u0179r\u00f3d\u0142o: <a href=\"https:\/\/topol.org.pl\/?page_id=47\">Fragment<\/a><\/p>\n\n\n\n<p>Verte &gt;<a href=\"https:\/\/topol.org.pl\/?page_id=6187\">Fundacja Narodowe Si\u0142y Samoobrony \u201eGrot\u201d<\/a><\/p>\n\n\n\n<p><\/p>\n","protected":false},"excerpt":{"rendered":"<p>03.05.2025 09.22 &#8222;Witaj Maj, Trzeci Maj!&#8221; 03.05.2025 09.50 &#8222;Po dzi\u015b dzie\u0144 jest ona jedynym w\u0119z\u0142em rozszarpanej Polski\u201d. Z\u00a0dziej\u00f3w Konstytucji 3\u00a0Maja \u0179r\u00f3d\u0142o:&nbsp;DoRzeczy.pl &#8222;Konstytucja 3 maja jest nieaktualna, na tronie Polskim mia\u0142 zasiada\u0107 kr\u00f3l z Niemieckiego rodu, protoplast\u0105 hrabia, Ka\u017cdy kr\u00f3l jest \u201eDux Poloniae\u201d* Tre\u015b\u0107 Konstytucji z 1997. akceptuj\u0119 mimo \u017ce referendum jest niewa\u017cne bo uczestniczy\u0142o 42,86% [&hellip;]<\/p>\n","protected":false},"author":1,"featured_media":0,"parent":10863,"menu_order":6,"comment_status":"closed","ping_status":"closed","template":"","meta":{"footnotes":""},"class_list":["post-11895","page","type-page","status-publish","hentry"],"_links":{"self":[{"href":"https:\/\/topol.org.pl\/index.php?rest_route=\/wp\/v2\/pages\/11895","targetHints":{"allow":["GET"]}}],"collection":[{"href":"https:\/\/topol.org.pl\/index.php?rest_route=\/wp\/v2\/pages"}],"about":[{"href":"https:\/\/topol.org.pl\/index.php?rest_route=\/wp\/v2\/types\/page"}],"author":[{"embeddable":true,"href":"https:\/\/topol.org.pl\/index.php?rest_route=\/wp\/v2\/users\/1"}],"replies":[{"embeddable":true,"href":"https:\/\/topol.org.pl\/index.php?rest_route=%2Fwp%2Fv2%2Fcomments&post=11895"}],"version-history":[{"count":5,"href":"https:\/\/topol.org.pl\/index.php?rest_route=\/wp\/v2\/pages\/11895\/revisions"}],"predecessor-version":[{"id":11904,"href":"https:\/\/topol.org.pl\/index.php?rest_route=\/wp\/v2\/pages\/11895\/revisions\/11904"}],"up":[{"embeddable":true,"href":"https:\/\/topol.org.pl\/index.php?rest_route=\/wp\/v2\/pages\/10863"}],"wp:attachment":[{"href":"https:\/\/topol.org.pl\/index.php?rest_route=%2Fwp%2Fv2%2Fmedia&parent=11895"}],"curies":[{"name":"wp","href":"https:\/\/api.w.org\/{rel}","templated":true}]}}