{"id":11898,"date":"2025-05-03T09:33:55","date_gmt":"2025-05-03T07:33:55","guid":{"rendered":"https:\/\/topol.org.pl\/?page_id=11898"},"modified":"2025-07-02T06:52:28","modified_gmt":"2025-07-02T04:52:28","slug":"dzien-flagi-rp","status":"publish","type":"page","link":"https:\/\/topol.org.pl\/?page_id=11898","title":{"rendered":"Dzie\u0144 Flagi RP"},"content":{"rendered":"\n<p>03.05.2025 09.33 <a href=\"https:\/\/historia.dorzeczy.pl\/historia-wspolczesna\/721374\/flaga-polski.html\">&#8222;W Dzie\u0144 Flagi RP&#8221;<\/a> <\/p>\n\n\n\n<p>\u0179r\u00f3d\u0142o:&nbsp;DoRzeczy.pl<\/p>\n\n\n\n<p>Verte &gt;<a href=\"https:\/\/topol.org.pl\/?page_id=6187\">Fundacja Narodowe Si\u0142y Samoobrony \u201eGrot\u201d<\/a><\/p>\n\n\n\n<p><\/p>\n","protected":false},"excerpt":{"rendered":"<p>03.05.2025 09.33 &#8222;W Dzie\u0144 Flagi RP&#8221; \u0179r\u00f3d\u0142o:&nbsp;DoRzeczy.pl Verte &gt;Fundacja Narodowe Si\u0142y Samoobrony \u201eGrot\u201d<\/p>\n","protected":false},"author":1,"featured_media":0,"parent":10863,"menu_order":5,"comment_status":"closed","ping_status":"closed","template":"","meta":{"footnotes":""},"class_list":["post-11898","page","type-page","status-publish","hentry"],"_links":{"self":[{"href":"https:\/\/topol.org.pl\/index.php?rest_route=\/wp\/v2\/pages\/11898","targetHints":{"allow":["GET"]}}],"collection":[{"href":"https:\/\/topol.org.pl\/index.php?rest_route=\/wp\/v2\/pages"}],"about":[{"href":"https:\/\/topol.org.pl\/index.php?rest_route=\/wp\/v2\/types\/page"}],"author":[{"embeddable":true,"href":"https:\/\/topol.org.pl\/index.php?rest_route=\/wp\/v2\/users\/1"}],"replies":[{"embeddable":true,"href":"https:\/\/topol.org.pl\/index.php?rest_route=%2Fwp%2Fv2%2Fcomments&post=11898"}],"version-history":[{"count":2,"href":"https:\/\/topol.org.pl\/index.php?rest_route=\/wp\/v2\/pages\/11898\/revisions"}],"predecessor-version":[{"id":11900,"href":"https:\/\/topol.org.pl\/index.php?rest_route=\/wp\/v2\/pages\/11898\/revisions\/11900"}],"up":[{"embeddable":true,"href":"https:\/\/topol.org.pl\/index.php?rest_route=\/wp\/v2\/pages\/10863"}],"wp:attachment":[{"href":"https:\/\/topol.org.pl\/index.php?rest_route=%2Fwp%2Fv2%2Fmedia&parent=11898"}],"curies":[{"name":"wp","href":"https:\/\/api.w.org\/{rel}","templated":true}]}}