{"id":11911,"date":"2025-05-04T10:24:37","date_gmt":"2025-05-04T08:24:37","guid":{"rendered":"https:\/\/topol.org.pl\/?page_id=11911"},"modified":"2025-05-05T19:39:48","modified_gmt":"2025-05-05T17:39:48","slug":"dal-doradcy-wolna-reke-w-zarzadzaniu-majatkiem","status":"publish","type":"page","link":"https:\/\/topol.org.pl\/?page_id=11911","title":{"rendered":"&#8222;da\u0107 doradcy woln\u0105 r\u0119k\u0119 w zarz\u0105dzaniu maj\u0105tkiem&#8221;"},"content":{"rendered":"\n<p>04.05.2025 10.22 &#8222;<a href=\"https:\/\/www.google.com\/search?q=dzia%C5%82anie+na+szkod%C4%99+pa%C5%84stwa&amp;oq=dzia%C5%82anie+na+szkod%C4%99+pa%C5%84stwa&amp;gs_lcrp=EgZjaHJvbWUyBggAEEUYOdIBCjEzNzE3ajBqMTWoAgiwAgE&amp;sourceid=chrome&amp;ie=UTF-8\">dzia\u0142anie lub zaniechanie, kt\u00f3re wyrz\u0105dza szkod\u0119 Rzeczypospolitej Polskiej lub jej interesom<\/a>&#8222;<\/p>\n\n\n\n<p><strong>Je\u015bli zobaczymy dzia\u0142ania na szkod\u0119, mo\u017ce <a href=\"https:\/\/www.google.com\/search?q=zadzia%C5%82a%C4%87&amp;sca_esv=5e804dac30343705&amp;sxsrf=AHTn8zqTlMznsVogE0AfE9Al7hQszXbjfw%3A1746346739072&amp;ei=8yIXaPWRBMKH7NYPhbyGgAo&amp;ved=0ahUKEwi116XIsImNAxXCA9sEHQWeAaAQ4dUDCBA&amp;uact=5&amp;oq=zadzia%C5%82a%C4%87&amp;gs_lp=Egxnd3Mtd2l6LXNlcnAiC3phZHppYcWCYcSHMgUQABiABDIFEAAYgAQyBBAAGB4yBBAAGB4yBhAAGAUYHjIGEAAYBRgeMggQABiABBiiBDIIEAAYgAQYogRIrB9QvRRYvRRwAXgBkAEAmAF9oAF9qgEDMC4xuAEDyAEA-AEC-AEBmAICoAKUAcICChAAGLADGNYEGEeYAwCIBgGQBgiSBwMxLjGgB_kDsgcDMC4xuAeCAQ&amp;sclient=gws-wiz-serp\">zadzia\u0142a\u0107<\/a> &#8222;Milicja&#8221;.<\/strong> <strong>Nie mo\u017cemy dawa\u0107 doradcom wolnej r\u0119ki w zarz\u0105dzaniu <a href=\"https:\/\/www.google.com\/search?q=dobrami+strategicznymi+Pa%C5%84stwa&amp;oq=dobrami+strategicznymi+Pa%C5%84stwa&amp;gs_lcrp=EgZjaHJvbWUyBggAEEUYOdIBCTIyMTJqMGoxNagCCLACAQ&amp;sourceid=chrome&amp;ie=UTF-8\">dobrami strategicznymi Pa\u0144stwa<\/a>. Na przyk\u0142ad kopalniami, rolnictwem, energetyk\u0105, le\u015bnictwem, wojskiem, edukacj\u0105 itp .<\/strong> <strong>Zawsze wo\u0142ali\u015bmy jak kto\u015b nam zagra\u017ca &#8222;<a href=\"https:\/\/www.google.com\/search?q=Milicja&amp;oq=Milicja&amp;gs_lcrp=EgZjaHJvbWUyBggAEEUYOTIGCAEQRRg7MgYIAhBFGDwyBggDEEUYPTIGCAQQRRg90gEJMjg1OGowajE1qAIIsAIB&amp;sourceid=chrome&amp;ie=UTF-8\">Milicja, Milicja, Milicja<\/a>&#8222;<\/strong><\/p>\n\n\n\n<p>Verte &gt;<a href=\"https:\/\/topol.org.pl\/?page_id=6187\">Fundacja Narodowe Si\u0142y Samoobrony \u201eGrot\u201d<\/a><\/p>\n\n\n\n<p><\/p>\n","protected":false},"excerpt":{"rendered":"<p>04.05.2025 10.22 &#8222;dzia\u0142anie lub zaniechanie, kt\u00f3re wyrz\u0105dza szkod\u0119 Rzeczypospolitej Polskiej lub jej interesom&#8222; Je\u015bli zobaczymy dzia\u0142ania na szkod\u0119, mo\u017ce zadzia\u0142a\u0107 &#8222;Milicja&#8221;. Nie mo\u017cemy dawa\u0107 doradcom wolnej r\u0119ki w zarz\u0105dzaniu dobrami strategicznymi Pa\u0144stwa. Na przyk\u0142ad kopalniami, rolnictwem, energetyk\u0105, le\u015bnictwem, wojskiem, edukacj\u0105 itp . Zawsze wo\u0142ali\u015bmy jak kto\u015b nam zagra\u017ca &#8222;Milicja, Milicja, Milicja&#8222; Verte &gt;Fundacja Narodowe Si\u0142y [&hellip;]<\/p>\n","protected":false},"author":1,"featured_media":0,"parent":11867,"menu_order":0,"comment_status":"closed","ping_status":"closed","template":"","meta":{"footnotes":""},"class_list":["post-11911","page","type-page","status-publish","hentry"],"_links":{"self":[{"href":"https:\/\/topol.org.pl\/index.php?rest_route=\/wp\/v2\/pages\/11911","targetHints":{"allow":["GET"]}}],"collection":[{"href":"https:\/\/topol.org.pl\/index.php?rest_route=\/wp\/v2\/pages"}],"about":[{"href":"https:\/\/topol.org.pl\/index.php?rest_route=\/wp\/v2\/types\/page"}],"author":[{"embeddable":true,"href":"https:\/\/topol.org.pl\/index.php?rest_route=\/wp\/v2\/users\/1"}],"replies":[{"embeddable":true,"href":"https:\/\/topol.org.pl\/index.php?rest_route=%2Fwp%2Fv2%2Fcomments&post=11911"}],"version-history":[{"count":5,"href":"https:\/\/topol.org.pl\/index.php?rest_route=\/wp\/v2\/pages\/11911\/revisions"}],"predecessor-version":[{"id":11917,"href":"https:\/\/topol.org.pl\/index.php?rest_route=\/wp\/v2\/pages\/11911\/revisions\/11917"}],"up":[{"embeddable":true,"href":"https:\/\/topol.org.pl\/index.php?rest_route=\/wp\/v2\/pages\/11867"}],"wp:attachment":[{"href":"https:\/\/topol.org.pl\/index.php?rest_route=%2Fwp%2Fv2%2Fmedia&parent=11911"}],"curies":[{"name":"wp","href":"https:\/\/api.w.org\/{rel}","templated":true}]}}