{"id":11918,"date":"2025-05-04T12:03:53","date_gmt":"2025-05-04T10:03:53","guid":{"rendered":"https:\/\/topol.org.pl\/?page_id=11918"},"modified":"2025-05-04T12:12:20","modified_gmt":"2025-05-04T10:12:20","slug":"zamek-swiny","status":"publish","type":"page","link":"https:\/\/topol.org.pl\/?page_id=11918","title":{"rendered":"Zamek \u015awiny"},"content":{"rendered":"\n<p>04.05.2025 12.05 <a href=\"https:\/\/pl.wikipedia.org\/wiki\/Zamek_%C5%9Awiny\">Zamek \u015awiny<\/a> \u0179r\u00f3d\u0142o: Wikipedia<\/p>\n\n\n\n<p>04.05.2025 12.10 Jakub \u015awinka \u0179r\u00f3d\u0142o: Wikipedia<\/p>\n\n\n\n<p><strong>Jakub \u015awinka (<em>Jakob Zwinka<\/em>)<\/strong>\u00a0herbu\u00a0<a href=\"https:\/\/pl.wikipedia.org\/wiki\/%C5%9Awinka_(herb_szlachecki)\">\u015awinka<\/a>\u00a0(ur.\u00a0? \u2013 zm.\u00a0<a href=\"https:\/\/pl.wikipedia.org\/wiki\/4_marca\">4 marca<\/a>\u00a0<a href=\"https:\/\/pl.wikipedia.org\/wiki\/1314\">1314<\/a>) \u2013\u00a0<a href=\"https:\/\/pl.wikipedia.org\/wiki\/Biskupi_gnie%C5%BAnie%C5%84scy\">arcybiskup gnie\u017anie\u0144ski<\/a>\u00a0w latach 1283\u20131314. Bliski wsp\u00f3\u0142pracownik\u00a0<a href=\"https:\/\/pl.wikipedia.org\/wiki\/Przemys%C5%82_II\">Przemys\u0142a II Wielkopolskiego<\/a>\u00a0i\u00a0<a href=\"https:\/\/pl.wikipedia.org\/wiki\/W%C5%82adys%C5%82aw_I_%C5%81okietek\">W\u0142adys\u0142awa \u0141okietka<\/a>, jeden z wybitniejszych polityk\u00f3w \u015bredniowiecznej\u00a0<a href=\"https:\/\/pl.wikipedia.org\/wiki\/Polska_w_okresie_rozbicia_dzielnicowego\">Polski<\/a>, zwolennik\u00a0<a href=\"https:\/\/pl.wikipedia.org\/wiki\/Zjednoczenie_monarchii_piastowskiej\">zjednoczenia pa\u0144stwowego<\/a>.<\/p>\n\n\n\n<p>Verte &gt;<a href=\"https:\/\/topol.org.pl\/?page_id=6187\">Fundacja Narodowe Si\u0142y Samoobrony \u201eGrot\u201d<\/a><\/p>\n\n\n\n<p><\/p>\n","protected":false},"excerpt":{"rendered":"<p>04.05.2025 12.05 Zamek \u015awiny \u0179r\u00f3d\u0142o: Wikipedia 04.05.2025 12.10 Jakub \u015awinka \u0179r\u00f3d\u0142o: Wikipedia Jakub \u015awinka (Jakob Zwinka)\u00a0herbu\u00a0\u015awinka\u00a0(ur.\u00a0? \u2013 zm.\u00a04 marca\u00a01314) \u2013\u00a0arcybiskup gnie\u017anie\u0144ski\u00a0w latach 1283\u20131314. Bliski wsp\u00f3\u0142pracownik\u00a0Przemys\u0142a II Wielkopolskiego\u00a0i\u00a0W\u0142adys\u0142awa \u0141okietka, jeden z wybitniejszych polityk\u00f3w \u015bredniowiecznej\u00a0Polski, zwolennik\u00a0zjednoczenia pa\u0144stwowego. Verte &gt;Fundacja Narodowe Si\u0142y Samoobrony \u201eGrot\u201d<\/p>\n","protected":false},"author":1,"featured_media":0,"parent":1106,"menu_order":0,"comment_status":"closed","ping_status":"closed","template":"","meta":{"footnotes":""},"class_list":["post-11918","page","type-page","status-publish","hentry"],"_links":{"self":[{"href":"https:\/\/topol.org.pl\/index.php?rest_route=\/wp\/v2\/pages\/11918","targetHints":{"allow":["GET"]}}],"collection":[{"href":"https:\/\/topol.org.pl\/index.php?rest_route=\/wp\/v2\/pages"}],"about":[{"href":"https:\/\/topol.org.pl\/index.php?rest_route=\/wp\/v2\/types\/page"}],"author":[{"embeddable":true,"href":"https:\/\/topol.org.pl\/index.php?rest_route=\/wp\/v2\/users\/1"}],"replies":[{"embeddable":true,"href":"https:\/\/topol.org.pl\/index.php?rest_route=%2Fwp%2Fv2%2Fcomments&post=11918"}],"version-history":[{"count":4,"href":"https:\/\/topol.org.pl\/index.php?rest_route=\/wp\/v2\/pages\/11918\/revisions"}],"predecessor-version":[{"id":11923,"href":"https:\/\/topol.org.pl\/index.php?rest_route=\/wp\/v2\/pages\/11918\/revisions\/11923"}],"up":[{"embeddable":true,"href":"https:\/\/topol.org.pl\/index.php?rest_route=\/wp\/v2\/pages\/1106"}],"wp:attachment":[{"href":"https:\/\/topol.org.pl\/index.php?rest_route=%2Fwp%2Fv2%2Fmedia&parent=11918"}],"curies":[{"name":"wp","href":"https:\/\/api.w.org\/{rel}","templated":true}]}}