{"id":11955,"date":"2025-05-05T07:10:43","date_gmt":"2025-05-05T05:10:43","guid":{"rendered":"https:\/\/topol.org.pl\/?page_id=11955"},"modified":"2025-08-23T14:31:45","modified_gmt":"2025-08-23T12:31:45","slug":"36-zamek-w-lubiazu-i-ziemie-zachodnie","status":"publish","type":"page","link":"https:\/\/topol.org.pl\/?page_id=11955","title":{"rendered":"&amp; 38 Zamek w Lubi\u0105\u017cu i Ziemie Zachodnie"},"content":{"rendered":"\n<p>&amp; 37 Zamek w Lubi\u0105\u017cu i Ziemie Zachodnie<\/p>\n\n\n\n<p><strong>Zamek w Lubi\u0105\u017cu powinien zosta\u0107 przej\u0119ty przez pa\u0144stwo.<\/strong>&nbsp;<strong>Muzeum Narodowe po\u015bwi\u0119cone barokowi to dobry pomys\u0142.<\/strong>&nbsp;<strong>Premier powinien wysun\u0105\u0107 ustaw\u0119 do przeg\u0142osowania a Prezydent powinien ustaw\u0119 podpisa\u0107. To Polska Racja Stanu.<\/strong>&nbsp;<strong><a href=\"https:\/\/topol.org.pl\/?page_id=2191\">Przynale\u017cno\u015b\u0107 \u015al\u0105ska<\/a>,&nbsp;<a href=\"https:\/\/pl.wikipedia.org\/wiki\/%C5%9Awi%C4%99tope%C5%82k_Mieszkowic\">Ziemi Lubuskiej i Pomorza do Polski jest bezdyskusyjna<\/a>.<\/strong>&nbsp;Ta ustawa&nbsp;<strong>to&nbsp;<a href=\"https:\/\/www.google.com\/search?q=Polska+Racja+Stanu&amp;oq=Polska+Racja+Stanu&amp;gs_lcrp=EgZjaHJvbWUyBggAEEUYOdIBCTIzMTZqMGoxNagCCLACAQ&amp;sourceid=chrome&amp;ie=UTF-8\">Polska Racja Stanu<\/a>.<\/strong> \u0179r\u00f3d\u0142o: <a href=\"https:\/\/topol.org.pl\/?page_id=47\">Fragment<\/a><\/p>\n\n\n\n<p><\/p>\n","protected":false},"excerpt":{"rendered":"<p>&amp; 37 Zamek w Lubi\u0105\u017cu i Ziemie Zachodnie Zamek w Lubi\u0105\u017cu powinien zosta\u0107 przej\u0119ty przez pa\u0144stwo.&nbsp;Muzeum Narodowe po\u015bwi\u0119cone barokowi to dobry pomys\u0142.&nbsp;Premier powinien wysun\u0105\u0107 ustaw\u0119 do przeg\u0142osowania a Prezydent powinien ustaw\u0119 podpisa\u0107. To Polska Racja Stanu.&nbsp;Przynale\u017cno\u015b\u0107 \u015al\u0105ska,&nbsp;Ziemi Lubuskiej i Pomorza do Polski jest bezdyskusyjna.&nbsp;Ta ustawa&nbsp;to&nbsp;Polska Racja Stanu. \u0179r\u00f3d\u0142o: Fragment<\/p>\n","protected":false},"author":1,"featured_media":0,"parent":47,"menu_order":39,"comment_status":"closed","ping_status":"closed","template":"","meta":{"footnotes":""},"class_list":["post-11955","page","type-page","status-publish","hentry"],"_links":{"self":[{"href":"https:\/\/topol.org.pl\/index.php?rest_route=\/wp\/v2\/pages\/11955","targetHints":{"allow":["GET"]}}],"collection":[{"href":"https:\/\/topol.org.pl\/index.php?rest_route=\/wp\/v2\/pages"}],"about":[{"href":"https:\/\/topol.org.pl\/index.php?rest_route=\/wp\/v2\/types\/page"}],"author":[{"embeddable":true,"href":"https:\/\/topol.org.pl\/index.php?rest_route=\/wp\/v2\/users\/1"}],"replies":[{"embeddable":true,"href":"https:\/\/topol.org.pl\/index.php?rest_route=%2Fwp%2Fv2%2Fcomments&post=11955"}],"version-history":[{"count":6,"href":"https:\/\/topol.org.pl\/index.php?rest_route=\/wp\/v2\/pages\/11955\/revisions"}],"predecessor-version":[{"id":13095,"href":"https:\/\/topol.org.pl\/index.php?rest_route=\/wp\/v2\/pages\/11955\/revisions\/13095"}],"up":[{"embeddable":true,"href":"https:\/\/topol.org.pl\/index.php?rest_route=\/wp\/v2\/pages\/47"}],"wp:attachment":[{"href":"https:\/\/topol.org.pl\/index.php?rest_route=%2Fwp%2Fv2%2Fmedia&parent=11955"}],"curies":[{"name":"wp","href":"https:\/\/api.w.org\/{rel}","templated":true}]}}