{"id":12003,"date":"2025-05-06T20:52:22","date_gmt":"2025-05-06T18:52:22","guid":{"rendered":"https:\/\/topol.org.pl\/?page_id=12003"},"modified":"2025-05-11T13:42:36","modified_gmt":"2025-05-11T11:42:36","slug":"czy-sztuczna-inteligencja-jest-niebezpieczna","status":"publish","type":"page","link":"https:\/\/topol.org.pl\/?page_id=12003","title":{"rendered":"Czy sztuczna inteligencja jest niebezpieczna?"},"content":{"rendered":"\n<p>06.05.2025 20.49 <a href=\"https:\/\/www.youtube.com\/watch?v=2kEOtJqDJLc\">Czy sztuczna inteligencja jest niebezpieczna? Dr Maciej Kawecki<\/a> \u0179r\u00f3d\u0142o: <a href=\"https:\/\/www.youtube.com\/@AnnaPRO\">Anna PRO<\/a><\/p>\n\n\n\n<p>Verte ><a href=\"https:\/\/topol.org.pl\/?page_id=6187\">Fundacja Narodowe Si\u0142y Samoobrony \u201eGrot\u201d<\/a><\/p>\n","protected":false},"excerpt":{"rendered":"<p>06.05.2025 20.49 Czy sztuczna inteligencja jest niebezpieczna? Dr Maciej Kawecki \u0179r\u00f3d\u0142o: Anna PRO Verte >Fundacja Narodowe Si\u0142y Samoobrony \u201eGrot\u201d<\/p>\n","protected":false},"author":1,"featured_media":0,"parent":11827,"menu_order":1,"comment_status":"closed","ping_status":"closed","template":"","meta":{"footnotes":""},"class_list":["post-12003","page","type-page","status-publish","hentry"],"_links":{"self":[{"href":"https:\/\/topol.org.pl\/index.php?rest_route=\/wp\/v2\/pages\/12003","targetHints":{"allow":["GET"]}}],"collection":[{"href":"https:\/\/topol.org.pl\/index.php?rest_route=\/wp\/v2\/pages"}],"about":[{"href":"https:\/\/topol.org.pl\/index.php?rest_route=\/wp\/v2\/types\/page"}],"author":[{"embeddable":true,"href":"https:\/\/topol.org.pl\/index.php?rest_route=\/wp\/v2\/users\/1"}],"replies":[{"embeddable":true,"href":"https:\/\/topol.org.pl\/index.php?rest_route=%2Fwp%2Fv2%2Fcomments&post=12003"}],"version-history":[{"count":2,"href":"https:\/\/topol.org.pl\/index.php?rest_route=\/wp\/v2\/pages\/12003\/revisions"}],"predecessor-version":[{"id":12005,"href":"https:\/\/topol.org.pl\/index.php?rest_route=\/wp\/v2\/pages\/12003\/revisions\/12005"}],"up":[{"embeddable":true,"href":"https:\/\/topol.org.pl\/index.php?rest_route=\/wp\/v2\/pages\/11827"}],"wp:attachment":[{"href":"https:\/\/topol.org.pl\/index.php?rest_route=%2Fwp%2Fv2%2Fmedia&parent=12003"}],"curies":[{"name":"wp","href":"https:\/\/api.w.org\/{rel}","templated":true}]}}