{"id":12010,"date":"2025-05-07T09:22:55","date_gmt":"2025-05-07T07:22:55","guid":{"rendered":"https:\/\/topol.org.pl\/?page_id=12010"},"modified":"2026-01-09T10:59:44","modified_gmt":"2026-01-09T09:59:44","slug":"list-z-polski-do-wielkiego-wezyra-osmanskiego-sejjida-hasana-paszy-prawdopodobnie-wyslany-w-1745-r-przez-wielkiego-kanclerza-koronnego-andrzeja-stanislawa-zaluskiego","status":"publish","type":"page","link":"https:\/\/topol.org.pl\/?page_id=12010","title":{"rendered":"List z\u00a0Polski do\u00a0wielkiego wezyra osma\u0144skiego Sejjida Hasana Paszy, prawdopodobnie wys\u0142any w\u00a01745\u00a0r. przez wielkiego kanclerza koronnego Andrzeja Stanis\u0142awa Za\u0142uskiego."},"content":{"rendered":"\n<p>07.05.2025 09.22 &#8222;List z\u00a0Polski do\u00a0wielkiego wezyra osma\u0144skiego Sejjida Hasana Paszy, prawdopodobnie wys\u0142any w\u00a01745\u00a0r. przez wielkiego kanclerza koronnego Andrzeja Stanis\u0142awa Za\u0142uskiego&#8221;. \u0179r\u00f3d\u0142o: <a href=\"https:\/\/dorzeczy.pl\/kraj\/722994\/tusk-nie-zglosil-prezentu-od-erdogana-zlamal-prawo.html\">DoRzeczy.pl<\/a>\/<a href=\"https:\/\/x.com\/donaldtusk\/status\/1899862020477915402\">X<\/a><\/p>\n\n\n\n<p><a href=\"https:\/\/pl.wikipedia.org\/wiki\/Andrzej_Stanis%C5%82aw_Za%C5%82uski\">Andrzej Stanis\u0142aw Za\u0142uski<\/a><\/p>\n\n\n\n<p>Verte &gt;<a href=\"https:\/\/topol.org.pl\/?page_id=6187\">Fundacja Narodowe Si\u0142y Samoobrony \u201eGrot\u201d<\/a><\/p>\n\n\n\n<p><\/p>\n","protected":false},"excerpt":{"rendered":"<p>07.05.2025 09.22 &#8222;List z\u00a0Polski do\u00a0wielkiego wezyra osma\u0144skiego Sejjida Hasana Paszy, prawdopodobnie wys\u0142any w\u00a01745\u00a0r. przez wielkiego kanclerza koronnego Andrzeja Stanis\u0142awa Za\u0142uskiego&#8221;. \u0179r\u00f3d\u0142o: DoRzeczy.pl\/X Andrzej Stanis\u0142aw Za\u0142uski Verte &gt;Fundacja Narodowe Si\u0142y Samoobrony \u201eGrot\u201d<\/p>\n","protected":false},"author":1,"featured_media":0,"parent":7594,"menu_order":0,"comment_status":"closed","ping_status":"closed","template":"","meta":{"footnotes":""},"class_list":["post-12010","page","type-page","status-publish","hentry"],"_links":{"self":[{"href":"https:\/\/topol.org.pl\/index.php?rest_route=\/wp\/v2\/pages\/12010","targetHints":{"allow":["GET"]}}],"collection":[{"href":"https:\/\/topol.org.pl\/index.php?rest_route=\/wp\/v2\/pages"}],"about":[{"href":"https:\/\/topol.org.pl\/index.php?rest_route=\/wp\/v2\/types\/page"}],"author":[{"embeddable":true,"href":"https:\/\/topol.org.pl\/index.php?rest_route=\/wp\/v2\/users\/1"}],"replies":[{"embeddable":true,"href":"https:\/\/topol.org.pl\/index.php?rest_route=%2Fwp%2Fv2%2Fcomments&post=12010"}],"version-history":[{"count":6,"href":"https:\/\/topol.org.pl\/index.php?rest_route=\/wp\/v2\/pages\/12010\/revisions"}],"predecessor-version":[{"id":12018,"href":"https:\/\/topol.org.pl\/index.php?rest_route=\/wp\/v2\/pages\/12010\/revisions\/12018"}],"up":[{"embeddable":true,"href":"https:\/\/topol.org.pl\/index.php?rest_route=\/wp\/v2\/pages\/7594"}],"wp:attachment":[{"href":"https:\/\/topol.org.pl\/index.php?rest_route=%2Fwp%2Fv2%2Fmedia&parent=12010"}],"curies":[{"name":"wp","href":"https:\/\/api.w.org\/{rel}","templated":true}]}}