{"id":12035,"date":"2025-05-08T18:43:50","date_gmt":"2025-05-08T16:43:50","guid":{"rendered":"https:\/\/topol.org.pl\/?page_id=12035"},"modified":"2025-05-10T19:09:32","modified_gmt":"2025-05-10T17:09:32","slug":"8-maja-narodowy-dzien-zwyciestwa","status":"publish","type":"page","link":"https:\/\/topol.org.pl\/?page_id=12035","title":{"rendered":"8 maja Narodowy Dzie\u0144 Zwyci\u0119stwa"},"content":{"rendered":"\n<p>08.05.2025 18.38 <a href=\"https:\/\/www.wojsko-polskie.pl\/3bot\/articles\/aktualnosci-w\/8-maja-narodowy-dzien-zwyciestwa\/\">8 maja Narodowy Dzie\u0144 Zwyci\u0119stwa<\/a> \u0179r\u00f3d\u0142o: 3 Podkarpacka Brygada Obrony Terytorialnej<\/p>\n\n\n\n<p>Co to znaczy, \u017ce kto\u015b jest malkontent?<\/p>\n\n\n\n<p>Malkontent to&nbsp;<strong>osoba, kt\u00f3ra jest zawsze niezadowolona i bardzo negatywnie podchodzi do wszystkiego, co dzieje si\u0119 w jej \u017cyciu<\/strong>. Widzi \u015bwiat w negatywnych barwach i mimo usilnych stara\u0144 swoich bliskich w ka\u017cdej rzeczy odnajdzie co\u015b, co nie b\u0119dzie si\u0119 jej podoba\u0107. \u0179r\u00f3d\u0142o: Google Sztuczna inteligencja<\/p>\n\n\n\n<p><strong>Mamy teraz najlepsze granice, stanowimy zwarte spo\u0142ecze\u0144stwo.<\/strong> <strong>Wszystkich, kt\u00f3rzy m\u00f3wi\u0105 o granicach z 2RP ostrzegam, \u017ce ta propaganda o ziemiach na wschodzie b\u0119dzie skutkowa\u0142a zaj\u0119ciem Ziem Zachodnich przez Niemcy. A w tej chwili nie mamy nic wsp\u00f3lnego z Bia\u0142orusi\u0105 i Ukrain\u0105.<\/strong> <strong>To oddzielne pa\u0144stwa. Jak b\u0119dziemy chcieli po\u0142\u0105czenia zostaniemy przej\u0119ci przez Ukrain\u0119 od wschodu i Niemcy od zachodu.<\/strong> <strong>Z Bia\u0142orusi\u0105 wywo\u0142amy wojn\u0119.<\/strong> <strong>W Internecie jest mn\u00f3stwo nagra\u0144 o powrocie do granic z 2RP. Teraz mamy Polsk\u0119 jak 1000 lat temu.<\/strong><\/p>\n\n\n\n<p>Mo\u017cliwa jest tylko: <a href=\"https:\/\/topol.org.pl\/?page_id=7594\">Konfederacja. Kr\u00f3lestwo S\u0142owia\u0144skie \u201eWielka Lechia\u201d<\/a><\/p>\n\n\n\n<p>09.05.2025 12.01 <a href=\"https:\/\/www.youtube.com\/watch?v=55i5qSho5xI&amp;t=640s\">Ziemie prawdziwie odzyskane. Kilka tez na 80. rocznic\u0119 powrotu do Polski &#8211; Jakub Siemi\u0105tkowski<\/a> \u0179r\u00f3d\u0142o: Audioteka Nowego \u0141adu<\/p>\n\n\n\n<p>Verte &gt;<a href=\"https:\/\/topol.org.pl\/?page_id=6187\">Fundacja Narodowe Si\u0142y Samoobrony \u201eGrot\u201d<\/a><\/p>\n\n\n\n<p><\/p>\n","protected":false},"excerpt":{"rendered":"<p>08.05.2025 18.38 8 maja Narodowy Dzie\u0144 Zwyci\u0119stwa \u0179r\u00f3d\u0142o: 3 Podkarpacka Brygada Obrony Terytorialnej Co to znaczy, \u017ce kto\u015b jest malkontent? Malkontent to&nbsp;osoba, kt\u00f3ra jest zawsze niezadowolona i bardzo negatywnie podchodzi do wszystkiego, co dzieje si\u0119 w jej \u017cyciu. Widzi \u015bwiat w negatywnych barwach i mimo usilnych stara\u0144 swoich bliskich w ka\u017cdej rzeczy odnajdzie co\u015b, co [&hellip;]<\/p>\n","protected":false},"author":1,"featured_media":0,"parent":0,"menu_order":294,"comment_status":"closed","ping_status":"closed","template":"","meta":{"footnotes":""},"class_list":["post-12035","page","type-page","status-publish","hentry"],"_links":{"self":[{"href":"https:\/\/topol.org.pl\/index.php?rest_route=\/wp\/v2\/pages\/12035","targetHints":{"allow":["GET"]}}],"collection":[{"href":"https:\/\/topol.org.pl\/index.php?rest_route=\/wp\/v2\/pages"}],"about":[{"href":"https:\/\/topol.org.pl\/index.php?rest_route=\/wp\/v2\/types\/page"}],"author":[{"embeddable":true,"href":"https:\/\/topol.org.pl\/index.php?rest_route=\/wp\/v2\/users\/1"}],"replies":[{"embeddable":true,"href":"https:\/\/topol.org.pl\/index.php?rest_route=%2Fwp%2Fv2%2Fcomments&post=12035"}],"version-history":[{"count":10,"href":"https:\/\/topol.org.pl\/index.php?rest_route=\/wp\/v2\/pages\/12035\/revisions"}],"predecessor-version":[{"id":12094,"href":"https:\/\/topol.org.pl\/index.php?rest_route=\/wp\/v2\/pages\/12035\/revisions\/12094"}],"wp:attachment":[{"href":"https:\/\/topol.org.pl\/index.php?rest_route=%2Fwp%2Fv2%2Fmedia&parent=12035"}],"curies":[{"name":"wp","href":"https:\/\/api.w.org\/{rel}","templated":true}]}}