{"id":12049,"date":"2025-05-09T18:40:15","date_gmt":"2025-05-09T16:40:15","guid":{"rendered":"https:\/\/topol.org.pl\/?page_id=12049"},"modified":"2025-07-02T06:53:07","modified_gmt":"2025-07-02T04:53:07","slug":"zwierzchnosc-papieza-i-cesarza-byla-tytularna-ktorej-zaden-z-krolow-nie-uznawal","status":"publish","type":"page","link":"https:\/\/topol.org.pl\/?page_id=12049","title":{"rendered":"&#8222;Zwierzchno\u015b\u0107 Cesarza by\u0142a tytularna , kt\u00f3rej \u017caden z Kr\u00f3l\u00f3w nie uznawa\u0142&#8221;"},"content":{"rendered":"\n<p>09.05.2025 18.36 Nowe spojrzenie na histori\u0119 Polski 1025-2025 &#8211; Magdalena i Adam Wielomscy \u0179r\u00f3d\u0142o: <a href=\"https:\/\/www.youtube.com\/@ChrobrySzlak\">Chrobry Szlak<\/a><\/p>\n\n\n\n<p>&#8222;Zwierzchno\u015b\u0107 Cesarza by\u0142a tytularna , kt\u00f3rej \u017caden z Kr\u00f3l\u00f3w nie uznawa\u0142&#8221; <strong>Mo\u017cna powiedzie\u0107, \u017ce Niemcy opanowali media, mieli przekaz &#8222;Mainstreamowy&#8221; zdominowany przez uzurpacj\u0119. Tak jak teraz Unia, ro\u015bcili sobie prawo do dominacji nad suwerennymi Kr\u00f3lestwami, od kt\u00f3rych regularnie dostawali \u0142upnia. Na przyk\u0142ad w 972<\/strong>,<strong>1018<\/strong>, <strong>1410,<\/strong> <strong>1454-1466<\/strong>, <strong>1918, 1945<\/strong>. <strong>To, \u017ce Cesarz jest w\u0142adc\u0105 ca\u0142ego \u015bwiata to bzdura.<\/strong> <strong>&#8222;Cesarz nie ma prawa rozporz\u0105dza\u0107 ziemiami innych narod\u00f3w&#8221;.<\/strong> <strong>My\u015bl\u0119, \u017ce trzeba przeprowadzi\u0107 denazyfikacj\u0119.<\/strong> <strong>Wystarczy by\u0107 &#8222;Dux Poloniae&#8221; i z\u0142o\u017cy\u0107 przysi\u0119g\u0119 przed Bogiem i Krzy\u017cem Pana Jezusa.<\/strong><\/p>\n\n\n\n<p>Verte &gt;<a href=\"https:\/\/topol.org.pl\/?page_id=6187\">Fundacja Narodowe Si\u0142y Samoobrony \u201eGrot\u201d<\/a><\/p>\n\n\n\n<p><\/p>\n","protected":false},"excerpt":{"rendered":"<p>09.05.2025 18.36 Nowe spojrzenie na histori\u0119 Polski 1025-2025 &#8211; Magdalena i Adam Wielomscy \u0179r\u00f3d\u0142o: Chrobry Szlak &#8222;Zwierzchno\u015b\u0107 Cesarza by\u0142a tytularna , kt\u00f3rej \u017caden z Kr\u00f3l\u00f3w nie uznawa\u0142&#8221; Mo\u017cna powiedzie\u0107, \u017ce Niemcy opanowali media, mieli przekaz &#8222;Mainstreamowy&#8221; zdominowany przez uzurpacj\u0119. Tak jak teraz Unia, ro\u015bcili sobie prawo do dominacji nad suwerennymi Kr\u00f3lestwami, od kt\u00f3rych regularnie dostawali [&hellip;]<\/p>\n","protected":false},"author":1,"featured_media":0,"parent":10863,"menu_order":7,"comment_status":"closed","ping_status":"closed","template":"","meta":{"footnotes":""},"class_list":["post-12049","page","type-page","status-publish","hentry"],"_links":{"self":[{"href":"https:\/\/topol.org.pl\/index.php?rest_route=\/wp\/v2\/pages\/12049","targetHints":{"allow":["GET"]}}],"collection":[{"href":"https:\/\/topol.org.pl\/index.php?rest_route=\/wp\/v2\/pages"}],"about":[{"href":"https:\/\/topol.org.pl\/index.php?rest_route=\/wp\/v2\/types\/page"}],"author":[{"embeddable":true,"href":"https:\/\/topol.org.pl\/index.php?rest_route=\/wp\/v2\/users\/1"}],"replies":[{"embeddable":true,"href":"https:\/\/topol.org.pl\/index.php?rest_route=%2Fwp%2Fv2%2Fcomments&post=12049"}],"version-history":[{"count":10,"href":"https:\/\/topol.org.pl\/index.php?rest_route=\/wp\/v2\/pages\/12049\/revisions"}],"predecessor-version":[{"id":12066,"href":"https:\/\/topol.org.pl\/index.php?rest_route=\/wp\/v2\/pages\/12049\/revisions\/12066"}],"up":[{"embeddable":true,"href":"https:\/\/topol.org.pl\/index.php?rest_route=\/wp\/v2\/pages\/10863"}],"wp:attachment":[{"href":"https:\/\/topol.org.pl\/index.php?rest_route=%2Fwp%2Fv2%2Fmedia&parent=12049"}],"curies":[{"name":"wp","href":"https:\/\/api.w.org\/{rel}","templated":true}]}}