{"id":12070,"date":"2025-05-10T06:47:00","date_gmt":"2025-05-10T04:47:00","guid":{"rendered":"https:\/\/topol.org.pl\/?page_id=12070"},"modified":"2025-05-11T14:08:35","modified_gmt":"2025-05-11T12:08:35","slug":"wyjazd-na-ukraine","status":"publish","type":"page","link":"https:\/\/topol.org.pl\/?page_id=12070","title":{"rendered":"Wyjazd na Ukrain\u0119"},"content":{"rendered":"\n<p>10.05.2025 06.37 <strong>Europejscy politycy z w\u0142asnej inicjatywy jad\u0105 na <a href=\"https:\/\/www.google.com\/search?q=rekonesans&amp;rlz=1C1GCEU_plPL1161PL1161&amp;oq=rekonesans&amp;gs_lcrp=EgZjaHJvbWUyBggAEEUYOdIBCTIwNjNqMGoxNagCCLACAQ&amp;sourceid=chrome&amp;ie=UTF-8https:\/\/www.google.com\/search?q=rekonesans&amp;rlz=1C1GCEU_plPL1161PL1161&amp;oq=rekonesans&amp;gs_lcrp=EgZjaHJvbWUyBggAEEUYOdIBCTIwNjNqMGoxNagCCLACAQ&amp;sourceid=chrome&amp;ie=UTF-8\">rekonesans<\/a> do Kijowa. Ambasada USA ostrzega o mo\u017cliwo\u015bci ataku bombowego &#8222;w dowolnej chwili&#8221;.<\/strong> <strong>Zlekcewa\u017cyli &#8222;Ostrze\u017cenie ambasady USA&#8221;. Sami odpowiadaj\u0105 za nieodpowiedzialne inicjatywy. Jestem za negocjacjami bez ich udzia\u0142u.<\/strong><\/p>\n\n\n\n<p><strong>&#8222;w dowolnej chwili&#8221;<\/strong> \u0179r\u00f3d\u0142o:&nbsp;<a href=\"https:\/\/dorzeczy.pl\/kraj\/724860\/europejscy-liderzy-w-drodze-do-kijowa-tusk-pokazal-zdjecie.html\">X&nbsp;\/&nbsp;Ambasada USA w Kijowie\/TVN24\/DoRzeczy.pl<\/a><\/p>\n\n\n\n<p><strong>&#8222;Ostrze\u017cenie ambasady USA&#8221;<\/strong> \u0179r\u00f3d\u0142o:&nbsp;<a href=\"https:\/\/dorzeczy.pl\/swiat\/724878\/trump-wzywa-putina-i-zelenskiego-do-zakonczenia-wojny.html\">Wirtualna Polska&nbsp;\/&nbsp;Reuters\/DoRzeczy.pl<\/a><\/p>\n\n\n\n<p>Verte &gt;<a href=\"https:\/\/topol.org.pl\/?page_id=6187\">Fundacja Narodowe Si\u0142y Samoobrony \u201eGrot\u201d<\/a><\/p>\n\n\n\n<p><\/p>\n","protected":false},"excerpt":{"rendered":"<p>10.05.2025 06.37 Europejscy politycy z w\u0142asnej inicjatywy jad\u0105 na rekonesans do Kijowa. Ambasada USA ostrzega o mo\u017cliwo\u015bci ataku bombowego &#8222;w dowolnej chwili&#8221;. Zlekcewa\u017cyli &#8222;Ostrze\u017cenie ambasady USA&#8221;. Sami odpowiadaj\u0105 za nieodpowiedzialne inicjatywy. Jestem za negocjacjami bez ich udzia\u0142u. &#8222;w dowolnej chwili&#8221; \u0179r\u00f3d\u0142o:&nbsp;X&nbsp;\/&nbsp;Ambasada USA w Kijowie\/TVN24\/DoRzeczy.pl &#8222;Ostrze\u017cenie ambasady USA&#8221; \u0179r\u00f3d\u0142o:&nbsp;Wirtualna Polska&nbsp;\/&nbsp;Reuters\/DoRzeczy.pl Verte &gt;Fundacja Narodowe Si\u0142y Samoobrony \u201eGrot\u201d<\/p>\n","protected":false},"author":1,"featured_media":0,"parent":12035,"menu_order":2,"comment_status":"closed","ping_status":"closed","template":"","meta":{"footnotes":""},"class_list":["post-12070","page","type-page","status-publish","hentry"],"_links":{"self":[{"href":"https:\/\/topol.org.pl\/index.php?rest_route=\/wp\/v2\/pages\/12070","targetHints":{"allow":["GET"]}}],"collection":[{"href":"https:\/\/topol.org.pl\/index.php?rest_route=\/wp\/v2\/pages"}],"about":[{"href":"https:\/\/topol.org.pl\/index.php?rest_route=\/wp\/v2\/types\/page"}],"author":[{"embeddable":true,"href":"https:\/\/topol.org.pl\/index.php?rest_route=\/wp\/v2\/users\/1"}],"replies":[{"embeddable":true,"href":"https:\/\/topol.org.pl\/index.php?rest_route=%2Fwp%2Fv2%2Fcomments&post=12070"}],"version-history":[{"count":14,"href":"https:\/\/topol.org.pl\/index.php?rest_route=\/wp\/v2\/pages\/12070\/revisions"}],"predecessor-version":[{"id":12104,"href":"https:\/\/topol.org.pl\/index.php?rest_route=\/wp\/v2\/pages\/12070\/revisions\/12104"}],"up":[{"embeddable":true,"href":"https:\/\/topol.org.pl\/index.php?rest_route=\/wp\/v2\/pages\/12035"}],"wp:attachment":[{"href":"https:\/\/topol.org.pl\/index.php?rest_route=%2Fwp%2Fv2%2Fmedia&parent=12070"}],"curies":[{"name":"wp","href":"https:\/\/api.w.org\/{rel}","templated":true}]}}