{"id":12075,"date":"2025-05-10T08:56:41","date_gmt":"2025-05-10T06:56:41","guid":{"rendered":"https:\/\/topol.org.pl\/?page_id=12075"},"modified":"2025-05-10T09:08:04","modified_gmt":"2025-05-10T07:08:04","slug":"grill-z-delikatesow","status":"publish","type":"page","link":"https:\/\/topol.org.pl\/?page_id=12075","title":{"rendered":"Grill z Delikates\u00f3w"},"content":{"rendered":"\n<p>10.05.2025 08.51 <strong>Grill z Delikates\u00f3w&#8230; Na zakupy wybra\u0142em Delikatesy.<\/strong> <strong>Mimo, \u017ce zapadaj\u0105 wa\u017cne decyzje na \u015bwiecie i w kraju zdecydowa\u0142em, \u017ce tak jak wi\u0119kszo\u015b\u0107 Polak\u00f3w rozpal\u0119 Grilla. Zaprzyja\u017aniona mi\u0142a ekspedientka doradzi\u0142a kie\u0142baski.<\/strong><\/p>\n\n\n\n<figure class=\"wp-block-image size-full\"><img loading=\"lazy\" decoding=\"async\" width=\"290\" height=\"300\" src=\"https:\/\/topol.org.pl\/wp-content\/uploads\/2025\/05\/Grill-weglowy-LUND-Deluxe-999.jpg\" alt=\"\" class=\"wp-image-12077\"\/><\/figure>\n\n\n\n<p>Verte &gt;<a href=\"https:\/\/topol.org.pl\/?page_id=6187\">Fundacja Narodowe Si\u0142y Samoobrony \u201eGrot\u201d<\/a><\/p>\n\n\n\n<p><\/p>\n","protected":false},"excerpt":{"rendered":"<p>10.05.2025 08.51 Grill z Delikates\u00f3w&#8230; Na zakupy wybra\u0142em Delikatesy. Mimo, \u017ce zapadaj\u0105 wa\u017cne decyzje na \u015bwiecie i w kraju zdecydowa\u0142em, \u017ce tak jak wi\u0119kszo\u015b\u0107 Polak\u00f3w rozpal\u0119 Grilla. Zaprzyja\u017aniona mi\u0142a ekspedientka doradzi\u0142a kie\u0142baski. Verte &gt;Fundacja Narodowe Si\u0142y Samoobrony \u201eGrot\u201d<\/p>\n","protected":false},"author":1,"featured_media":0,"parent":10544,"menu_order":0,"comment_status":"closed","ping_status":"closed","template":"","meta":{"footnotes":""},"class_list":["post-12075","page","type-page","status-publish","hentry"],"_links":{"self":[{"href":"https:\/\/topol.org.pl\/index.php?rest_route=\/wp\/v2\/pages\/12075","targetHints":{"allow":["GET"]}}],"collection":[{"href":"https:\/\/topol.org.pl\/index.php?rest_route=\/wp\/v2\/pages"}],"about":[{"href":"https:\/\/topol.org.pl\/index.php?rest_route=\/wp\/v2\/types\/page"}],"author":[{"embeddable":true,"href":"https:\/\/topol.org.pl\/index.php?rest_route=\/wp\/v2\/users\/1"}],"replies":[{"embeddable":true,"href":"https:\/\/topol.org.pl\/index.php?rest_route=%2Fwp%2Fv2%2Fcomments&post=12075"}],"version-history":[{"count":3,"href":"https:\/\/topol.org.pl\/index.php?rest_route=\/wp\/v2\/pages\/12075\/revisions"}],"predecessor-version":[{"id":12080,"href":"https:\/\/topol.org.pl\/index.php?rest_route=\/wp\/v2\/pages\/12075\/revisions\/12080"}],"up":[{"embeddable":true,"href":"https:\/\/topol.org.pl\/index.php?rest_route=\/wp\/v2\/pages\/10544"}],"wp:attachment":[{"href":"https:\/\/topol.org.pl\/index.php?rest_route=%2Fwp%2Fv2%2Fmedia&parent=12075"}],"curies":[{"name":"wp","href":"https:\/\/api.w.org\/{rel}","templated":true}]}}