{"id":12102,"date":"2025-05-10T20:31:36","date_gmt":"2025-05-10T18:31:36","guid":{"rendered":"https:\/\/topol.org.pl\/?page_id=12102"},"modified":"2025-05-13T18:16:36","modified_gmt":"2025-05-13T16:16:36","slug":"pulapka-becka-2-0-koalicja-chetnych","status":"publish","type":"page","link":"https:\/\/topol.org.pl\/?page_id=12102","title":{"rendered":"Pu\u0142apka Becka 2.0 &#8222;koalicja ch\u0119tnych&#8221;"},"content":{"rendered":"\n<p>10.05.2025 19.03&nbsp;<a href=\"https:\/\/www.youtube.com\/playlist?list=PLvdibod3J-XuarYDE326E9R5ZyMR3UePH\">Traktat Polski z Francj\u0105 i \u201ekoalicja ch\u0119tnych\u201d w Kijowie \u2013 w stron\u0119 katastrofy? Pu\u0142apka Becka 2.0&nbsp;<\/a>\u0179r\u00f3d\u0142o: Leszek Sykulski<\/p>\n\n\n\n<p>Typowa Pu\u0142apka Beka \u201e<strong><a href=\"https:\/\/www.youtube.com\/watch?v=Y_OOUGZ8994\">Mechanizm pu\u0142apki Beka<\/a><\/strong>\u201e.<\/p>\n\n\n\n<p><strong>Trzy zasady J\u00f3zefa Pi\u0142sudskiego.<\/strong><\/p>\n\n\n\n<ol class=\"wp-block-list\">\n<li>Opieranie na dobrych relacja z s\u0105siadami (<a href=\"https:\/\/dorzeczy.pl\/opinie\/724653\/macron-zapowiada-wspolne-polsko-francuskie-cwiczenia-wojskowe.html\">Wik\u0142anie Polski w sojusze egzotyczne<\/a>).<\/li>\n<\/ol>\n\n\n\n<p>2. Polityka zagraniczna prowadzona na wyrost (<a href=\"https:\/\/dorzeczy.pl\/opinie\/725202\/sikorski-to-jest-wykonalne-aby-polska-byla-mocarstwem-regionu.html\">broszura Juliusza \u0141ukasiewicza POLSKA JEST MOCARSTWEM<\/a>)<\/p>\n\n\n\n<p>3. Polska powinna wej\u015b\u0107 do wojny jako ostatnia. To nie nasza wojna.<\/p>\n\n\n\n<p>Verte &gt;<a href=\"https:\/\/topol.org.pl\/?page_id=6187\">Fundacja Narodowe Si\u0142y Samoobrony \u201eGrot\u201d<\/a><\/p>\n\n\n\n<p><\/p>\n","protected":false},"excerpt":{"rendered":"<p>10.05.2025 19.03&nbsp;Traktat Polski z Francj\u0105 i \u201ekoalicja ch\u0119tnych\u201d w Kijowie \u2013 w stron\u0119 katastrofy? Pu\u0142apka Becka 2.0&nbsp;\u0179r\u00f3d\u0142o: Leszek Sykulski Typowa Pu\u0142apka Beka \u201eMechanizm pu\u0142apki Beka\u201e. Trzy zasady J\u00f3zefa Pi\u0142sudskiego. 2. Polityka zagraniczna prowadzona na wyrost (broszura Juliusza \u0141ukasiewicza POLSKA JEST MOCARSTWEM) 3. Polska powinna wej\u015b\u0107 do wojny jako ostatnia. To nie nasza wojna. Verte &gt;Fundacja [&hellip;]<\/p>\n","protected":false},"author":1,"featured_media":0,"parent":12035,"menu_order":1,"comment_status":"closed","ping_status":"closed","template":"","meta":{"footnotes":""},"class_list":["post-12102","page","type-page","status-publish","hentry"],"_links":{"self":[{"href":"https:\/\/topol.org.pl\/index.php?rest_route=\/wp\/v2\/pages\/12102","targetHints":{"allow":["GET"]}}],"collection":[{"href":"https:\/\/topol.org.pl\/index.php?rest_route=\/wp\/v2\/pages"}],"about":[{"href":"https:\/\/topol.org.pl\/index.php?rest_route=\/wp\/v2\/types\/page"}],"author":[{"embeddable":true,"href":"https:\/\/topol.org.pl\/index.php?rest_route=\/wp\/v2\/users\/1"}],"replies":[{"embeddable":true,"href":"https:\/\/topol.org.pl\/index.php?rest_route=%2Fwp%2Fv2%2Fcomments&post=12102"}],"version-history":[{"count":4,"href":"https:\/\/topol.org.pl\/index.php?rest_route=\/wp\/v2\/pages\/12102\/revisions"}],"predecessor-version":[{"id":12197,"href":"https:\/\/topol.org.pl\/index.php?rest_route=\/wp\/v2\/pages\/12102\/revisions\/12197"}],"up":[{"embeddable":true,"href":"https:\/\/topol.org.pl\/index.php?rest_route=\/wp\/v2\/pages\/12035"}],"wp:attachment":[{"href":"https:\/\/topol.org.pl\/index.php?rest_route=%2Fwp%2Fv2%2Fmedia&parent=12102"}],"curies":[{"name":"wp","href":"https:\/\/api.w.org\/{rel}","templated":true}]}}