{"id":12107,"date":"2025-05-10T21:51:18","date_gmt":"2025-05-10T19:51:18","guid":{"rendered":"https:\/\/topol.org.pl\/?page_id=12107"},"modified":"2026-01-09T11:01:37","modified_gmt":"2026-01-09T10:01:37","slug":"kiedy-nastapi-calkowita-porazka-zielonego-ladu","status":"publish","type":"page","link":"https:\/\/topol.org.pl\/?page_id=12107","title":{"rendered":"Kiedy nast\u0105pi ca\u0142kowita pora\u017cka Zielonego \u0141adu"},"content":{"rendered":"\n<p>10.05.2025 21.55 <strong>Kiedy nast\u0105pi ca\u0142kowita pora\u017cka Zielonego \u0141adu ?<\/strong><\/p>\n\n\n\n<p><strong>Jak wybuchnie wulkan. Popio\u0142y zas\u0142oni\u0105 s\u0142o\u0144ce. Nast\u0105pi ozi\u0119bienie klimatu, nieurodzaj, g\u0142\u00f3d i wojny o przetrwanie.<\/strong><\/p>\n\n\n\n<p>11.05.2025 11.23 \u201e<a href=\"https:\/\/klimat.rp.pl\/planeta\/art42245431-brytyjczycy-sprobuja-zaslonic-slonce-nowa-bron-w-walce-ze-zmianami-klimatu\">nierozwa\u017cne i ma\u0142o przewidywalne<\/a>\u201d \u0179r\u00f3d\u0142o: rp.pl<\/p>\n\n\n\n<p><a href=\"https:\/\/topol.org.pl\/?page_id=6187\">Fundacja: Narodowe Si\u0142y Samoobrony \u201eGrot\u201d<\/a><\/p>\n\n\n\n<p><\/p>\n","protected":false},"excerpt":{"rendered":"<p>10.05.2025 21.55 Kiedy nast\u0105pi ca\u0142kowita pora\u017cka Zielonego \u0141adu ? Jak wybuchnie wulkan. Popio\u0142y zas\u0142oni\u0105 s\u0142o\u0144ce. Nast\u0105pi ozi\u0119bienie klimatu, nieurodzaj, g\u0142\u00f3d i wojny o przetrwanie. 11.05.2025 11.23 \u201enierozwa\u017cne i ma\u0142o przewidywalne\u201d \u0179r\u00f3d\u0142o: rp.pl Fundacja: Narodowe Si\u0142y Samoobrony \u201eGrot\u201d<\/p>\n","protected":false},"author":1,"featured_media":0,"parent":8678,"menu_order":4,"comment_status":"closed","ping_status":"closed","template":"","meta":{"footnotes":""},"class_list":["post-12107","page","type-page","status-publish","hentry"],"_links":{"self":[{"href":"https:\/\/topol.org.pl\/index.php?rest_route=\/wp\/v2\/pages\/12107","targetHints":{"allow":["GET"]}}],"collection":[{"href":"https:\/\/topol.org.pl\/index.php?rest_route=\/wp\/v2\/pages"}],"about":[{"href":"https:\/\/topol.org.pl\/index.php?rest_route=\/wp\/v2\/types\/page"}],"author":[{"embeddable":true,"href":"https:\/\/topol.org.pl\/index.php?rest_route=\/wp\/v2\/users\/1"}],"replies":[{"embeddable":true,"href":"https:\/\/topol.org.pl\/index.php?rest_route=%2Fwp%2Fv2%2Fcomments&post=12107"}],"version-history":[{"count":9,"href":"https:\/\/topol.org.pl\/index.php?rest_route=\/wp\/v2\/pages\/12107\/revisions"}],"predecessor-version":[{"id":12165,"href":"https:\/\/topol.org.pl\/index.php?rest_route=\/wp\/v2\/pages\/12107\/revisions\/12165"}],"up":[{"embeddable":true,"href":"https:\/\/topol.org.pl\/index.php?rest_route=\/wp\/v2\/pages\/8678"}],"wp:attachment":[{"href":"https:\/\/topol.org.pl\/index.php?rest_route=%2Fwp%2Fv2%2Fmedia&parent=12107"}],"curies":[{"name":"wp","href":"https:\/\/api.w.org\/{rel}","templated":true}]}}