{"id":12130,"date":"2025-05-11T14:06:49","date_gmt":"2025-05-11T12:06:49","guid":{"rendered":"https:\/\/topol.org.pl\/?page_id=12130"},"modified":"2025-05-11T14:08:48","modified_gmt":"2025-05-11T12:08:48","slug":"taka-sytuacja-wyniknela-z-tego-ze-pociag-podstawiala-strona-ukrainska","status":"publish","type":"page","link":"https:\/\/topol.org.pl\/?page_id=12130","title":{"rendered":"Taka sytuacja wynikn\u0119\u0142a z\u00a0tego, \u017ce\u00a0poci\u0105g podstawia\u0142a strona ukrai\u0144ska"},"content":{"rendered":"\n<p>11.05.2025 14.03 &#8222;<a href=\"https:\/\/dorzeczy.pl\/kraj\/725352\/slychac-wycie-tusk-w-swoim-stylu-odpowiada-na-krytyke.html\">Taka sytuacja wynikn\u0119\u0142a z\u00a0tego, \u017ce\u00a0poci\u0105g podstawia\u0142a strona ukrai\u0144ska<\/a>&#8221; \u0179r\u00f3d\u0142o: DoRzeczy.pl<\/p>\n\n\n\n<p><strong>Oczywi\u015bcie, nie mo\u017cna im ufa\u0107.<\/strong><\/p>\n\n\n\n<p>Verte ><a href=\"https:\/\/topol.org.pl\/?page_id=6187\">Fundacja Narodowe Si\u0142y Samoobrony \u201eGrot\u201d<\/a><\/p>\n","protected":false},"excerpt":{"rendered":"<p>11.05.2025 14.03 &#8222;Taka sytuacja wynikn\u0119\u0142a z\u00a0tego, \u017ce\u00a0poci\u0105g podstawia\u0142a strona ukrai\u0144ska&#8221; \u0179r\u00f3d\u0142o: DoRzeczy.pl Oczywi\u015bcie, nie mo\u017cna im ufa\u0107. Verte >Fundacja Narodowe Si\u0142y Samoobrony \u201eGrot\u201d<\/p>\n","protected":false},"author":1,"featured_media":0,"parent":12035,"menu_order":3,"comment_status":"closed","ping_status":"closed","template":"","meta":{"footnotes":""},"class_list":["post-12130","page","type-page","status-publish","hentry"],"_links":{"self":[{"href":"https:\/\/topol.org.pl\/index.php?rest_route=\/wp\/v2\/pages\/12130","targetHints":{"allow":["GET"]}}],"collection":[{"href":"https:\/\/topol.org.pl\/index.php?rest_route=\/wp\/v2\/pages"}],"about":[{"href":"https:\/\/topol.org.pl\/index.php?rest_route=\/wp\/v2\/types\/page"}],"author":[{"embeddable":true,"href":"https:\/\/topol.org.pl\/index.php?rest_route=\/wp\/v2\/users\/1"}],"replies":[{"embeddable":true,"href":"https:\/\/topol.org.pl\/index.php?rest_route=%2Fwp%2Fv2%2Fcomments&post=12130"}],"version-history":[{"count":2,"href":"https:\/\/topol.org.pl\/index.php?rest_route=\/wp\/v2\/pages\/12130\/revisions"}],"predecessor-version":[{"id":12132,"href":"https:\/\/topol.org.pl\/index.php?rest_route=\/wp\/v2\/pages\/12130\/revisions\/12132"}],"up":[{"embeddable":true,"href":"https:\/\/topol.org.pl\/index.php?rest_route=\/wp\/v2\/pages\/12035"}],"wp:attachment":[{"href":"https:\/\/topol.org.pl\/index.php?rest_route=%2Fwp%2Fv2%2Fmedia&parent=12130"}],"curies":[{"name":"wp","href":"https:\/\/api.w.org\/{rel}","templated":true}]}}