{"id":12166,"date":"2025-05-12T16:53:35","date_gmt":"2025-05-12T14:53:35","guid":{"rendered":"https:\/\/topol.org.pl\/?page_id=12166"},"modified":"2025-05-12T17:08:08","modified_gmt":"2025-05-12T15:08:08","slug":"zamkniecia-rosyjskiego-konsulatu-w-krakowie","status":"publish","type":"page","link":"https:\/\/topol.org.pl\/?page_id=12166","title":{"rendered":"&#8222;zamkni\u0119cia rosyjskiego konsulatu w\u00a0Krakowie&#8221;"},"content":{"rendered":"\n<p>12.05.2025 16.30 &#8222;zamkni\u0119cia rosyjskiego konsulatu w&nbsp;Krakowie&#8221; \u0179r\u00f3d\u0142o:&nbsp;<a href=\"https:\/\/dorzeczy.pl\/opinie\/725763\/pieskow-odpowiada-na-decyzje-sikorskiego-wybiera-wrogosc-wobec-rosji.html\">Onet.pl\/DoRzeczy.pl<\/a><\/p>\n\n\n\n<p><strong>Zostaje nam <a href=\"https:\/\/x.com\/\">X<\/a> i <a href=\"https:\/\/www.facebook.com\/\">Facebook<\/a><\/strong>, <strong>mo\u017ce dobrze wszystko b\u0119dziemy wiedzieli co si\u0119 dzieje w dyplomacji. Ciekawe kto stoi za podpaleniami ? Nie ma w\u0105tpliwo\u015bci, \u017ce straci\u0142 na tym drobny biznes. Teraz na tej decyzji tracimy wszyscy.<\/strong> <strong>Za chwil\u0119 rozpoczn\u0105 si\u0119 negocjacje pokojowe. Trzymam kciuki, \u017ceby zako\u0144czy\u0107 t\u0119 wojn\u0119. Przecie\u017c to gra mocarstw, nam do tego daleko zanim b\u0119dziemy mocarstwem. Musimy lawirowa\u0107, \u017ceby przetrwa\u0107 jako pa\u0144stwo, czego nikt nam nie u\u0142atwia.<\/strong> <strong>Najlepiej rozmawia\u0107, u\u017cywaj\u0105c Sztucznej inteligencji-AL.<\/strong> <strong>Wtedy ca\u0142a wina za fiasko negocjacji spada na Sztuczn\u0105 inteligencj\u0119-AL.<\/strong><\/p>\n\n\n\n<p>Verte &gt;<a href=\"https:\/\/topol.org.pl\/?page_id=6187\">Fundacja Narodowe Si\u0142y Samoobrony \u201eGrot\u201d<\/a><\/p>\n\n\n\n<p><\/p>\n","protected":false},"excerpt":{"rendered":"<p>12.05.2025 16.30 &#8222;zamkni\u0119cia rosyjskiego konsulatu w&nbsp;Krakowie&#8221; \u0179r\u00f3d\u0142o:&nbsp;Onet.pl\/DoRzeczy.pl Zostaje nam X i Facebook, mo\u017ce dobrze wszystko b\u0119dziemy wiedzieli co si\u0119 dzieje w dyplomacji. Ciekawe kto stoi za podpaleniami ? Nie ma w\u0105tpliwo\u015bci, \u017ce straci\u0142 na tym drobny biznes. Teraz na tej decyzji tracimy wszyscy. Za chwil\u0119 rozpoczn\u0105 si\u0119 negocjacje pokojowe. Trzymam kciuki, \u017ceby zako\u0144czy\u0107 t\u0119 wojn\u0119. [&hellip;]<\/p>\n","protected":false},"author":1,"featured_media":0,"parent":12035,"menu_order":5,"comment_status":"closed","ping_status":"closed","template":"","meta":{"footnotes":""},"class_list":["post-12166","page","type-page","status-publish","hentry"],"_links":{"self":[{"href":"https:\/\/topol.org.pl\/index.php?rest_route=\/wp\/v2\/pages\/12166","targetHints":{"allow":["GET"]}}],"collection":[{"href":"https:\/\/topol.org.pl\/index.php?rest_route=\/wp\/v2\/pages"}],"about":[{"href":"https:\/\/topol.org.pl\/index.php?rest_route=\/wp\/v2\/types\/page"}],"author":[{"embeddable":true,"href":"https:\/\/topol.org.pl\/index.php?rest_route=\/wp\/v2\/users\/1"}],"replies":[{"embeddable":true,"href":"https:\/\/topol.org.pl\/index.php?rest_route=%2Fwp%2Fv2%2Fcomments&post=12166"}],"version-history":[{"count":5,"href":"https:\/\/topol.org.pl\/index.php?rest_route=\/wp\/v2\/pages\/12166\/revisions"}],"predecessor-version":[{"id":12171,"href":"https:\/\/topol.org.pl\/index.php?rest_route=\/wp\/v2\/pages\/12166\/revisions\/12171"}],"up":[{"embeddable":true,"href":"https:\/\/topol.org.pl\/index.php?rest_route=\/wp\/v2\/pages\/12035"}],"wp:attachment":[{"href":"https:\/\/topol.org.pl\/index.php?rest_route=%2Fwp%2Fv2%2Fmedia&parent=12166"}],"curies":[{"name":"wp","href":"https:\/\/api.w.org\/{rel}","templated":true}]}}