{"id":12202,"date":"2025-05-14T07:10:38","date_gmt":"2025-05-14T05:10:38","guid":{"rendered":"https:\/\/topol.org.pl\/?page_id=12202"},"modified":"2026-01-09T10:16:08","modified_gmt":"2026-01-09T09:16:08","slug":"krajowy-osrodek-wsparcia-rolnictwa","status":"publish","type":"page","link":"https:\/\/topol.org.pl\/?page_id=12202","title":{"rendered":"Krajowy O\u015brodek Wsparcia Rolnictwa"},"content":{"rendered":"\n<p>14.05.2025 07.06 <em><a href=\"https:\/\/www.gov.pl\/web\/kowr\">Krajowy O\u015brodek Wsparcia Rolnictwa<\/a><\/em> \u0179r\u00f3d\u0142o: gov.pl<\/p>\n\n\n\n<p>14.05.2025 07.06 <a href=\"https:\/\/www.youtube.com\/watch?v=2KIwbP8gf08\">KOWR to instytucja kt\u00f3ra powinna by\u0107 prze\u015bwietlona<\/a> \u0179r\u00f3d\u0142o: <a href=\"https:\/\/www.youtube.com\/@TelewizjawPolsce24\">wPolsce24<\/a><\/p>\n\n\n\n<p>Verte ><a href=\"https:\/\/topol.org.pl\/?page_id=6187\">Fundacja Narodowe Si\u0142y Samoobrony \u201eGrot\u201d<\/a><\/p>\n","protected":false},"excerpt":{"rendered":"<p>14.05.2025 07.06 Krajowy O\u015brodek Wsparcia Rolnictwa \u0179r\u00f3d\u0142o: gov.pl 14.05.2025 07.06 KOWR to instytucja kt\u00f3ra powinna by\u0107 prze\u015bwietlona \u0179r\u00f3d\u0142o: wPolsce24 Verte >Fundacja Narodowe Si\u0142y Samoobrony \u201eGrot\u201d<\/p>\n","protected":false},"author":1,"featured_media":0,"parent":1568,"menu_order":0,"comment_status":"closed","ping_status":"closed","template":"","meta":{"footnotes":""},"class_list":["post-12202","page","type-page","status-publish","hentry"],"_links":{"self":[{"href":"https:\/\/topol.org.pl\/index.php?rest_route=\/wp\/v2\/pages\/12202","targetHints":{"allow":["GET"]}}],"collection":[{"href":"https:\/\/topol.org.pl\/index.php?rest_route=\/wp\/v2\/pages"}],"about":[{"href":"https:\/\/topol.org.pl\/index.php?rest_route=\/wp\/v2\/types\/page"}],"author":[{"embeddable":true,"href":"https:\/\/topol.org.pl\/index.php?rest_route=\/wp\/v2\/users\/1"}],"replies":[{"embeddable":true,"href":"https:\/\/topol.org.pl\/index.php?rest_route=%2Fwp%2Fv2%2Fcomments&post=12202"}],"version-history":[{"count":1,"href":"https:\/\/topol.org.pl\/index.php?rest_route=\/wp\/v2\/pages\/12202\/revisions"}],"predecessor-version":[{"id":12203,"href":"https:\/\/topol.org.pl\/index.php?rest_route=\/wp\/v2\/pages\/12202\/revisions\/12203"}],"up":[{"embeddable":true,"href":"https:\/\/topol.org.pl\/index.php?rest_route=\/wp\/v2\/pages\/1568"}],"wp:attachment":[{"href":"https:\/\/topol.org.pl\/index.php?rest_route=%2Fwp%2Fv2%2Fmedia&parent=12202"}],"curies":[{"name":"wp","href":"https:\/\/api.w.org\/{rel}","templated":true}]}}