{"id":12211,"date":"2025-05-14T15:47:10","date_gmt":"2025-05-14T13:47:10","guid":{"rendered":"https:\/\/topol.org.pl\/?page_id=12211"},"modified":"2026-01-09T10:57:27","modified_gmt":"2026-01-09T09:57:27","slug":"hanba-skandal-i-podlosc","status":"publish","type":"page","link":"https:\/\/topol.org.pl\/?page_id=12211","title":{"rendered":"Przerzucanie odpowiedzialno\u015bci za Holokaust"},"content":{"rendered":"\n<p>Przerzucanie odpowiedzialno\u015bci za Holokaust \u0179r\u00f3d\u0142o: <a href=\"https:\/\/www.google.com\/search?q=holokaust&amp;rlz=1C1GCEU_plPL1161PL1161&amp;oq=holokaust&amp;gs_lcrp=EgZjaHJvbWUyBggAEEUYOTIGCAEQRRg70gEJMjM0NWowajE1qAIIsAIB&amp;sourceid=chrome&amp;ie=UTF-8\">AL Sztuczna Inteligencja<\/a><\/p>\n\n\n\n<p>14.05.2025 15.39 &#8222;Ha\u0144ba, skandal i pod\u0142o\u015b\u0107&#8221; \u0179r\u00f3d\u0142o: <a href=\"https:\/\/www.youtube.com\/watch?v=sb0b5XQ71CQ\">Rafa\u0142 Ziemkiewicz<\/a><\/p>\n\n\n\n<p><a href=\"https:\/\/www.holocaustresearch.pl\/\">\u201eCentrum Bada\u0144 nad Zag\u0142ad\u0105 \u017byd\u00f3w\u201d<\/a> <\/p>\n\n\n\n<p>\u0179r\u00f3d\u0142o: <a href=\"https:\/\/ifispan.pl\/\">Instytut Filozofii i Socjologii Polskiej Akademii Nauk<\/a><\/p>\n\n\n\n<p><a href=\"https:\/\/pl.wikipedia.org\/wiki\/Zag%C5%82ada_%C5%BByd%C3%B3w\">Polityka nazist\u00f3w niemieckich wobec \u017byd\u00f3w<\/a> \u0179r\u00f3d\u0142o: Wikipedia<\/p>\n\n\n\n<p><strong>Przerzucanie odpowiedzialno\u015bci za Holokaust ma na celu wyrobienie z\u0142ej opinii i brak wsp\u00f3\u0142czucia innych narod\u00f3w jak uda si\u0119 wepchn\u0105\u0107 nas do wojny i spowodowa\u0107  zag\u0142ad\u0119 naszego pa\u0144stwa. Jest to firmowane przez instytucje.<\/strong> <\/p>\n\n\n\n<h2 class=\"wp-block-heading\">S\u0142ownik j\u0119zyka polskiego PWN<\/h2>\n\n\n\n<p><a href=\"https:\/\/sjp.pwn.pl\/sjp\/przerzuci%C4%87;2511081.html\">przerzuci\u0107<\/a>,&nbsp;<a href=\"https:\/\/sjp.pwn.pl\/sjp\/przerzuci%C4%87;2511081.html\">przerzuca\u0107<\/a><\/p>\n\n\n\n<p>\u00abobarczy\u0107 kogo\u015b czym\u015b\u00bb<\/p>\n\n\n\n<p><strong>To jest \u201eHa\u0144ba, skandal i pod\u0142o\u015b\u0107\u201d<\/strong><\/p>\n\n\n\n<p>Verte &gt;<a href=\"https:\/\/topol.org.pl\/?page_id=6187\">Fundacja Narodowe Si\u0142y Samoobrony \u201eGrot\u201d<\/a><\/p>\n\n\n\n<p><\/p>\n","protected":false},"excerpt":{"rendered":"<p>Przerzucanie odpowiedzialno\u015bci za Holokaust \u0179r\u00f3d\u0142o: AL Sztuczna Inteligencja 14.05.2025 15.39 &#8222;Ha\u0144ba, skandal i pod\u0142o\u015b\u0107&#8221; \u0179r\u00f3d\u0142o: Rafa\u0142 Ziemkiewicz \u201eCentrum Bada\u0144 nad Zag\u0142ad\u0105 \u017byd\u00f3w\u201d \u0179r\u00f3d\u0142o: Instytut Filozofii i Socjologii Polskiej Akademii Nauk Polityka nazist\u00f3w niemieckich wobec \u017byd\u00f3w \u0179r\u00f3d\u0142o: Wikipedia Przerzucanie odpowiedzialno\u015bci za Holokaust ma na celu wyrobienie z\u0142ej opinii i brak wsp\u00f3\u0142czucia innych narod\u00f3w jak uda si\u0119 [&hellip;]<\/p>\n","protected":false},"author":1,"featured_media":0,"parent":9055,"menu_order":1,"comment_status":"closed","ping_status":"closed","template":"","meta":{"footnotes":""},"class_list":["post-12211","page","type-page","status-publish","hentry"],"_links":{"self":[{"href":"https:\/\/topol.org.pl\/index.php?rest_route=\/wp\/v2\/pages\/12211","targetHints":{"allow":["GET"]}}],"collection":[{"href":"https:\/\/topol.org.pl\/index.php?rest_route=\/wp\/v2\/pages"}],"about":[{"href":"https:\/\/topol.org.pl\/index.php?rest_route=\/wp\/v2\/types\/page"}],"author":[{"embeddable":true,"href":"https:\/\/topol.org.pl\/index.php?rest_route=\/wp\/v2\/users\/1"}],"replies":[{"embeddable":true,"href":"https:\/\/topol.org.pl\/index.php?rest_route=%2Fwp%2Fv2%2Fcomments&post=12211"}],"version-history":[{"count":7,"href":"https:\/\/topol.org.pl\/index.php?rest_route=\/wp\/v2\/pages\/12211\/revisions"}],"predecessor-version":[{"id":12221,"href":"https:\/\/topol.org.pl\/index.php?rest_route=\/wp\/v2\/pages\/12211\/revisions\/12221"}],"up":[{"embeddable":true,"href":"https:\/\/topol.org.pl\/index.php?rest_route=\/wp\/v2\/pages\/9055"}],"wp:attachment":[{"href":"https:\/\/topol.org.pl\/index.php?rest_route=%2Fwp%2Fv2%2Fmedia&parent=12211"}],"curies":[{"name":"wp","href":"https:\/\/api.w.org\/{rel}","templated":true}]}}