{"id":12245,"date":"2025-05-17T17:03:40","date_gmt":"2025-05-17T15:03:40","guid":{"rendered":"https:\/\/topol.org.pl\/?page_id=12245"},"modified":"2026-01-09T11:05:00","modified_gmt":"2026-01-09T10:05:00","slug":"pierwszy-polski-satelita","status":"publish","type":"page","link":"https:\/\/topol.org.pl\/?page_id=12245","title":{"rendered":"Pierwszy polski satelita"},"content":{"rendered":"\n<p>17.05.2025 17.00 <a href=\"https:\/\/www.youtube.com\/watch?v=B3nleMTsiQM\">Pierwszy polski satelita trafi na orbit\u0119. Kosmiczny prze\u0142om w WP!<\/a> Zr\u00f3d\u0142o: <a href=\"https:\/\/www.youtube.com\/watch?v=B3nleMTsiQM\">Polska Zbrojna<\/a><\/p>\n\n\n\n<p><a href=\"https:\/\/pl.wikipedia.org\/wiki\/Iceye\">Iceye<\/a> \u0179r\u00f3d\u0142o: Wikipedia<\/p>\n\n\n\n<p><a href=\"https:\/\/www.iceye.com\/pl-pl\/\">Dane i analizy z obserwacji Ziemi wspieraj\u0105ce procesy decyzyjne<\/a><\/p>\n\n\n\n<p>Verte &gt;<a href=\"https:\/\/topol.org.pl\/?page_id=6187\">Fundacja Narodowe Si\u0142y Samoobrony \u201eGrot\u201d<\/a><\/p>\n\n\n\n<p><\/p>\n","protected":false},"excerpt":{"rendered":"<p>17.05.2025 17.00 Pierwszy polski satelita trafi na orbit\u0119. Kosmiczny prze\u0142om w WP! Zr\u00f3d\u0142o: Polska Zbrojna Iceye \u0179r\u00f3d\u0142o: Wikipedia Dane i analizy z obserwacji Ziemi wspieraj\u0105ce procesy decyzyjne Verte &gt;Fundacja Narodowe Si\u0142y Samoobrony \u201eGrot\u201d<\/p>\n","protected":false},"author":1,"featured_media":0,"parent":9659,"menu_order":2,"comment_status":"closed","ping_status":"closed","template":"","meta":{"footnotes":""},"class_list":["post-12245","page","type-page","status-publish","hentry"],"_links":{"self":[{"href":"https:\/\/topol.org.pl\/index.php?rest_route=\/wp\/v2\/pages\/12245","targetHints":{"allow":["GET"]}}],"collection":[{"href":"https:\/\/topol.org.pl\/index.php?rest_route=\/wp\/v2\/pages"}],"about":[{"href":"https:\/\/topol.org.pl\/index.php?rest_route=\/wp\/v2\/types\/page"}],"author":[{"embeddable":true,"href":"https:\/\/topol.org.pl\/index.php?rest_route=\/wp\/v2\/users\/1"}],"replies":[{"embeddable":true,"href":"https:\/\/topol.org.pl\/index.php?rest_route=%2Fwp%2Fv2%2Fcomments&post=12245"}],"version-history":[{"count":4,"href":"https:\/\/topol.org.pl\/index.php?rest_route=\/wp\/v2\/pages\/12245\/revisions"}],"predecessor-version":[{"id":12250,"href":"https:\/\/topol.org.pl\/index.php?rest_route=\/wp\/v2\/pages\/12245\/revisions\/12250"}],"up":[{"embeddable":true,"href":"https:\/\/topol.org.pl\/index.php?rest_route=\/wp\/v2\/pages\/9659"}],"wp:attachment":[{"href":"https:\/\/topol.org.pl\/index.php?rest_route=%2Fwp%2Fv2%2Fmedia&parent=12245"}],"curies":[{"name":"wp","href":"https:\/\/api.w.org\/{rel}","templated":true}]}}