{"id":12255,"date":"2025-05-17T21:24:18","date_gmt":"2025-05-17T19:24:18","guid":{"rendered":"https:\/\/topol.org.pl\/?page_id=12255"},"modified":"2026-01-09T11:03:59","modified_gmt":"2026-01-09T10:03:59","slug":"niemcy","status":"publish","type":"page","link":"https:\/\/topol.org.pl\/?page_id=12255","title":{"rendered":"Niemcy"},"content":{"rendered":"\n<p>17.05.2025 21.22 <a href=\"https:\/\/www.youtube.com\/watch?v=GdZdRVd9WYU\">Historia Polski wg Niemc\u00f3w (1945+)<\/a> \u0179r\u00f3d\u0142o: Historia w 5 minut<\/p>\n\n\n\n<p>W roku 1945 na przekazanych Polsce ziemiach zamieszkiwa\u0142y 3 mln Niemc\u00f3w. Polacy liczyli 1 milion os\u00f3b.<\/p>\n\n\n\n<p><strong><a href=\"https:\/\/pl.wikipedia.org\/wiki\/Ziemie_Odzyskane\">Ziemie Odzyskane<\/a><\/strong>&nbsp;(pocz\u0105tkowo tak\u017ce:&nbsp;<em>Ziemie Zachodnie i P\u00f3\u0142nocne<\/em>,&nbsp;<em>Postulowane<\/em>&nbsp;lub&nbsp;<em>Powracaj\u0105ce<\/em><sup><a href=\"https:\/\/pl.wikipedia.org\/wiki\/Ziemie_Odzyskane#cite_note-krasz-1\">[1]<\/a><\/sup>, r\u00f3wnie\u017c&nbsp;<em><a href=\"https:\/\/pl.wikipedia.org\/wiki\/Kresy_Zachodnie\">Kresy Zachodnie<\/a><\/em>) \u0179r\u00f3d\u0142o: Wikipedia<\/p>\n\n\n\n<figure class=\"wp-block-image size-large\"><img loading=\"lazy\" decoding=\"async\" width=\"1024\" height=\"452\" src=\"https:\/\/topol.org.pl\/wp-content\/uploads\/2025\/05\/Ziemia-Klodzka-1024x452.jpg\" alt=\"\" class=\"wp-image-12263\" srcset=\"https:\/\/topol.org.pl\/wp-content\/uploads\/2025\/05\/Ziemia-Klodzka-1024x452.jpg 1024w, https:\/\/topol.org.pl\/wp-content\/uploads\/2025\/05\/Ziemia-Klodzka-300x132.jpg 300w, https:\/\/topol.org.pl\/wp-content\/uploads\/2025\/05\/Ziemia-Klodzka-768x339.jpg 768w, https:\/\/topol.org.pl\/wp-content\/uploads\/2025\/05\/Ziemia-Klodzka-1536x678.jpg 1536w, https:\/\/topol.org.pl\/wp-content\/uploads\/2025\/05\/Ziemia-Klodzka.jpg 1803w\" sizes=\"auto, (max-width: 1024px) 100vw, 1024px\" \/><\/figure>\n\n\n\n<p><a href=\"http:\/\/www.archiwumpz.iz.poznan.pl\/Content\/324\/C_II_472-C_II_473BP-1947_3_38.pdf\">AKCJA ZALUDNIENIA ZIEM ZACHODNICH &#8211; Instytut Zachodni<\/a><\/p>\n\n\n\n<p>Ile os\u00f3b mieszka na ziemiach odzyskanych?<\/p>\n\n\n\n<figure class=\"wp-block-image\"><img decoding=\"async\" src=\"https:\/\/encrypted-tbn0.gstatic.com\/images?q=tbn:ANd9GcQm8aWgVI1zYZs7HxahKOQOVQM1g-Lb5vhiDr5wK_rNuA&amp;s\" alt=\"Ziemie Odzyskane \u2013 Wikipedia, wolna encyklopedia\"\/><\/figure>\n\n\n\n<p>Teren Ziem Odzyskanych zamieszkuje obecnie&nbsp;<a href=\"https:\/\/www.google.com\/search?q=Ile+ludzi+mieszka+na+ziemiach+odzyskanych&amp;rlz=1C1GCEU_plPL1161PL1161&amp;oq=Ile+ludzi+mieszka+na+ziemiach+odzyskanych&amp;gs_lcrp=EgZjaHJvbWUyBggAEEUYOdIBCjIxNjA0ajBqMTWoAgiwAgE&amp;sourceid=chrome&amp;ie=UTF-8#vhid=zephyr:0&amp;vssid=atritem-\"><strong>ok.<\/strong>&nbsp;<strong>10 milion\u00f3w os\u00f3b<\/strong><\/a>; du\u017c\u0105 ich cz\u0119\u015b\u0107 stanowi\u0105 wysiedleni z polskich Kres\u00f3w Wschodnich Polacy i ich potomkowie. \u0179r\u00f3d\u0142o: <a href=\"https:\/\/www.google.com\/search?q=Ile+ludzi+mieszka+na+ziemiach+odzyskanych&amp;rlz=1C1GCEU_plPL1161PL1161&amp;oq=Ile+ludzi+mieszka+na+ziemiach+odzyskanych&amp;gs_lcrp=EgZjaHJvbWUyBggAEEUYOdIBCjIxNjA0ajBqMTWoAgiwAgE&amp;sourceid=chrome&amp;ie=UTF-8#vhid=zephyr:0&amp;vssid=atritem-\">Google<\/a><\/p>\n\n\n\n<p>Verte &gt;<a href=\"https:\/\/topol.org.pl\/?page_id=6187\">Fundacja Narodowe Si\u0142y Samoobrony \u201eGrot\u201d<\/a><\/p>\n\n\n\n<p><\/p>\n","protected":false},"excerpt":{"rendered":"<p>17.05.2025 21.22 Historia Polski wg Niemc\u00f3w (1945+) \u0179r\u00f3d\u0142o: Historia w 5 minut W roku 1945 na przekazanych Polsce ziemiach zamieszkiwa\u0142y 3 mln Niemc\u00f3w. Polacy liczyli 1 milion os\u00f3b. Ziemie Odzyskane&nbsp;(pocz\u0105tkowo tak\u017ce:&nbsp;Ziemie Zachodnie i P\u00f3\u0142nocne,&nbsp;Postulowane&nbsp;lub&nbsp;Powracaj\u0105ce[1], r\u00f3wnie\u017c&nbsp;Kresy Zachodnie) \u0179r\u00f3d\u0142o: Wikipedia AKCJA ZALUDNIENIA ZIEM ZACHODNICH &#8211; Instytut Zachodni Ile os\u00f3b mieszka na ziemiach odzyskanych? Teren Ziem Odzyskanych zamieszkuje [&hellip;]<\/p>\n","protected":false},"author":1,"featured_media":0,"parent":0,"menu_order":245,"comment_status":"closed","ping_status":"closed","template":"","meta":{"footnotes":""},"class_list":["post-12255","page","type-page","status-publish","hentry"],"_links":{"self":[{"href":"https:\/\/topol.org.pl\/index.php?rest_route=\/wp\/v2\/pages\/12255","targetHints":{"allow":["GET"]}}],"collection":[{"href":"https:\/\/topol.org.pl\/index.php?rest_route=\/wp\/v2\/pages"}],"about":[{"href":"https:\/\/topol.org.pl\/index.php?rest_route=\/wp\/v2\/types\/page"}],"author":[{"embeddable":true,"href":"https:\/\/topol.org.pl\/index.php?rest_route=\/wp\/v2\/users\/1"}],"replies":[{"embeddable":true,"href":"https:\/\/topol.org.pl\/index.php?rest_route=%2Fwp%2Fv2%2Fcomments&post=12255"}],"version-history":[{"count":7,"href":"https:\/\/topol.org.pl\/index.php?rest_route=\/wp\/v2\/pages\/12255\/revisions"}],"predecessor-version":[{"id":12264,"href":"https:\/\/topol.org.pl\/index.php?rest_route=\/wp\/v2\/pages\/12255\/revisions\/12264"}],"wp:attachment":[{"href":"https:\/\/topol.org.pl\/index.php?rest_route=%2Fwp%2Fv2%2Fmedia&parent=12255"}],"curies":[{"name":"wp","href":"https:\/\/api.w.org\/{rel}","templated":true}]}}