{"id":12266,"date":"2025-05-18T11:02:26","date_gmt":"2025-05-18T09:02:26","guid":{"rendered":"https:\/\/topol.org.pl\/?page_id=12266"},"modified":"2026-01-09T11:04:07","modified_gmt":"2026-01-09T10:04:07","slug":"decyzja-oparta-na-analizie-i-refleksji","status":"publish","type":"page","link":"https:\/\/topol.org.pl\/?page_id=12266","title":{"rendered":"&#8222;decyzja oparta na analizie i refleksji&#8221;"},"content":{"rendered":"\n<p>Powr\u00f3cili\u015bmy na &#8222;Ziemie Piast\u00f3w&#8221;, mamy najlepsze granice, <a href=\"https:\/\/www.google.com\/search?q=pa%C5%84stwo+jednolite+narodowo%C5%9Bciowo&amp;rlz=1C1GCEU_plPL1161PL1161&amp;oq=pa%C5%84stwo+jednolite+narodowo%C5%9Bciowo&amp;gs_lcrp=EgZjaHJvbWUyBggAEEUYOdIBCjE2Mjc1ajBqMTWoAgiwAgE&amp;sourceid=chrome&amp;ie=UTF-8\">jeste\u015bmy pa\u0144stwem jednolitym narodowo\u015bciowo<\/a>, unitarnym (<a href=\"https:\/\/www.google.com\/search?q=pa%C5%84stwo+unitarne&amp;rlz=1C1GCEU_plPL1161PL1161&amp;oq=pa%C5%84stwo+unitarne&amp;gs_lcrp=EgZjaHJvbWUyBggAEEUYOdIBCjExNDgxajBqMTWoAgiwAgE&amp;sourceid=chrome&amp;ie=UTF-8\">Pa\u0144stwo unitarne to&nbsp;<mark>forma ustroju pa\u0144stwa<\/mark><\/a>)<\/p>\n\n\n\n<p><strong>Dlaczego m\u00f3wi\u0119 o tym w skr\u00f3cie, poniewa\u017c przedstawianie naszej historii powojennej w \u015bwietle niekorzystnym, prowadzi do destrukcji pa\u0144stwa.<\/strong> <strong>Mo\u017ce czas uzna\u0107, \u017ce nasze granice w tej chwili s\u0105 dla nas najlepsze i nie j\u0105trzy\u0107 o gwarze \u015bl\u0105skiej, &#8222;<a href=\"https:\/\/www.youtube.com\/watch?v=GE0Mvd--LhU\">o z\u0142ym Bierucie<\/a>&#8221; i <a href=\"https:\/\/www.google.com\/search?q=muzeum+warmii+i+mazur+zmiana+nazwy&amp;sca_esv=d5c9e331663ca2e4&amp;rlz=1C1GCEU_plPL1161PL1161&amp;sxsrf=AHTn8zoVnXmoRM3GbkAImSFvpSnVz1zOVQ%3A1747558005361&amp;ei=dZ4paOfbFceOxc8PgebcwQ4&amp;oq=muzeum+warmi+i+mazur&amp;gs_lp=Egxnd3Mtd2l6LXNlcnAiFG11emV1bSB3YXJtaSBpIG1henVyKgIICDIKEAAYsAMY1gQYRzIKEAAYsAMY1gQYRzIKEAAYsAMY1gQYRzIKEAAYsAMY1gQYRzIKEAAYsAMY1gQYRzIKEAAYsAMY1gQYRzIKEAAYsAMY1gQYRzIKEAAYsAMY1gQYRzINEAAYgAQYsAMYQxiKBTINEAAYgAQYsAMYQxiKBTINEAAYgAQYsAMYQxiKBTINEAAYgAQYsAMYQxiKBTIOEAAYsAMY5AIY1gTYAQEyDhAAGLADGOQCGNYE2AEBMg4QABiwAxjkAhjWBNgBATIZEC4YgAQYsAMYQxjHARjIAxiKBRivAdgBATIZEC4YgAQYsAMYQxjHARjIAxiKBRivAdgBATIZEC4YgAQYsAMYQxjHARjIAxiKBRivAdgBATITEC4YgAQYsAMYQxjIAxiKBdgBAUjvO1AAWABwAXgBkAEAmAEAoAEAqgEAuAEByAEAmAIBoAINmAMA4gMFEgExIECIBgGQBhO6BgYIARABGAmSBwExoAcAsgcAuAcA&amp;sclient=gws-wiz-serp\">Muzeum Warmii i Mazur w Olsztynie<\/a> (<mark>Muzeum Warmii i Mazur w Olsztynie zmieni\u0142o nazw\u0119 swojego oddzia\u0142u w Mor\u0105gu na Muzeum Prus G\u00f3rnych<\/mark><\/strong>)<strong>.<\/strong> <strong>Stracimy Polsk\u0119 na rzecz Niemiec i Ukrainy.<\/strong> <strong><a href=\"https:\/\/www.rp.pl\/nauka\/art42107971-zanika-umiejetnosc-pisania-logika-i-gramatyka-zaczynaja-przerastac-mlode-pokolenie\">Dobrze, \u017ce m\u00f3wi\u0119 w skr\u00f3cie, mo\u017ce dotr\u0119 do wi\u0119kszej liczby ludzi.<\/a><\/strong><\/p>\n\n\n\n<p>Verte &gt;<a href=\"https:\/\/topol.org.pl\/?page_id=6187\">Fundacja Narodowe Si\u0142y Samoobrony \u201eGrot\u201d<\/a><\/p>\n\n\n\n<p><\/p>\n","protected":false},"excerpt":{"rendered":"<p>Powr\u00f3cili\u015bmy na &#8222;Ziemie Piast\u00f3w&#8221;, mamy najlepsze granice, jeste\u015bmy pa\u0144stwem jednolitym narodowo\u015bciowo, unitarnym (Pa\u0144stwo unitarne to&nbsp;forma ustroju pa\u0144stwa) Dlaczego m\u00f3wi\u0119 o tym w skr\u00f3cie, poniewa\u017c przedstawianie naszej historii powojennej w \u015bwietle niekorzystnym, prowadzi do destrukcji pa\u0144stwa. Mo\u017ce czas uzna\u0107, \u017ce nasze granice w tej chwili s\u0105 dla nas najlepsze i nie j\u0105trzy\u0107 o gwarze \u015bl\u0105skiej, &#8222;o [&hellip;]<\/p>\n","protected":false},"author":1,"featured_media":0,"parent":12255,"menu_order":0,"comment_status":"closed","ping_status":"closed","template":"","meta":{"footnotes":""},"class_list":["post-12266","page","type-page","status-publish","hentry"],"_links":{"self":[{"href":"https:\/\/topol.org.pl\/index.php?rest_route=\/wp\/v2\/pages\/12266","targetHints":{"allow":["GET"]}}],"collection":[{"href":"https:\/\/topol.org.pl\/index.php?rest_route=\/wp\/v2\/pages"}],"about":[{"href":"https:\/\/topol.org.pl\/index.php?rest_route=\/wp\/v2\/types\/page"}],"author":[{"embeddable":true,"href":"https:\/\/topol.org.pl\/index.php?rest_route=\/wp\/v2\/users\/1"}],"replies":[{"embeddable":true,"href":"https:\/\/topol.org.pl\/index.php?rest_route=%2Fwp%2Fv2%2Fcomments&post=12266"}],"version-history":[{"count":4,"href":"https:\/\/topol.org.pl\/index.php?rest_route=\/wp\/v2\/pages\/12266\/revisions"}],"predecessor-version":[{"id":12284,"href":"https:\/\/topol.org.pl\/index.php?rest_route=\/wp\/v2\/pages\/12266\/revisions\/12284"}],"up":[{"embeddable":true,"href":"https:\/\/topol.org.pl\/index.php?rest_route=\/wp\/v2\/pages\/12255"}],"wp:attachment":[{"href":"https:\/\/topol.org.pl\/index.php?rest_route=%2Fwp%2Fv2%2Fmedia&parent=12266"}],"curies":[{"name":"wp","href":"https:\/\/api.w.org\/{rel}","templated":true}]}}