{"id":12348,"date":"2025-05-21T06:42:47","date_gmt":"2025-05-21T04:42:47","guid":{"rendered":"https:\/\/topol.org.pl\/?page_id=12348"},"modified":"2025-05-21T06:47:26","modified_gmt":"2025-05-21T04:47:26","slug":"jestem-przeciwny-funduszowi-safe","status":"publish","type":"page","link":"https:\/\/topol.org.pl\/?page_id=12348","title":{"rendered":"Jestem przeciwny Funduszowi SAFE"},"content":{"rendered":"\n<p>21.05.2025 06.41 <a href=\"https:\/\/www.google.com\/search?q=Funduszu+SAFE&amp;rlz=1C1GCEU_plPL1161PL1161&amp;oq=Funduszu+SAFE&amp;gs_lcrp=EgZjaHJvbWUyBggAEEUYOTIGCAEQRRg90gEJMjkzNGowajE1qAIIsAIB&amp;sourceid=chrome&amp;ie=UTF-8\">Jestem przeciwny Funduszowi SAFE<\/a> \u0179r\u00f3d\u0142o: Google<\/p>\n\n\n\n<p>Verte ><a href=\"https:\/\/topol.org.pl\/?page_id=6187\">Fundacja Narodowe Si\u0142y Samoobrony \u201eGrot\u201d<\/a><\/p>\n\n\n\n<p><\/p>\n","protected":false},"excerpt":{"rendered":"<p>21.05.2025 06.41 Jestem przeciwny Funduszowi SAFE \u0179r\u00f3d\u0142o: Google Verte >Fundacja Narodowe Si\u0142y Samoobrony \u201eGrot\u201d<\/p>\n","protected":false},"author":1,"featured_media":0,"parent":12182,"menu_order":2,"comment_status":"closed","ping_status":"closed","template":"","meta":{"footnotes":""},"class_list":["post-12348","page","type-page","status-publish","hentry"],"_links":{"self":[{"href":"https:\/\/topol.org.pl\/index.php?rest_route=\/wp\/v2\/pages\/12348","targetHints":{"allow":["GET"]}}],"collection":[{"href":"https:\/\/topol.org.pl\/index.php?rest_route=\/wp\/v2\/pages"}],"about":[{"href":"https:\/\/topol.org.pl\/index.php?rest_route=\/wp\/v2\/types\/page"}],"author":[{"embeddable":true,"href":"https:\/\/topol.org.pl\/index.php?rest_route=\/wp\/v2\/users\/1"}],"replies":[{"embeddable":true,"href":"https:\/\/topol.org.pl\/index.php?rest_route=%2Fwp%2Fv2%2Fcomments&post=12348"}],"version-history":[{"count":3,"href":"https:\/\/topol.org.pl\/index.php?rest_route=\/wp\/v2\/pages\/12348\/revisions"}],"predecessor-version":[{"id":12351,"href":"https:\/\/topol.org.pl\/index.php?rest_route=\/wp\/v2\/pages\/12348\/revisions\/12351"}],"up":[{"embeddable":true,"href":"https:\/\/topol.org.pl\/index.php?rest_route=\/wp\/v2\/pages\/12182"}],"wp:attachment":[{"href":"https:\/\/topol.org.pl\/index.php?rest_route=%2Fwp%2Fv2%2Fmedia&parent=12348"}],"curies":[{"name":"wp","href":"https:\/\/api.w.org\/{rel}","templated":true}]}}