{"id":12360,"date":"2025-05-23T07:19:56","date_gmt":"2025-05-23T05:19:56","guid":{"rendered":"https:\/\/topol.org.pl\/?page_id=12360"},"modified":"2025-05-28T07:08:55","modified_gmt":"2025-05-28T05:08:55","slug":"przelomowa-deregulacja","status":"publish","type":"page","link":"https:\/\/topol.org.pl\/?page_id=12360","title":{"rendered":"&amp; 33 Prze\u0142omowa deregulacja"},"content":{"rendered":"\n<p><strong>W dniu 23.05.2025 uzupe\u0142ni\u0142em Konstytucj\u0119 z 11.10.2023 r.<\/strong><\/p>\n\n\n\n<p>&amp; 33 Prze\u0142omowa deregulacja<\/p>\n\n\n\n<p>Ze wzgl\u0119du na plany globalist\u00f3w, \u017ceby zosta\u0142y na \u015bwiecie tylko korporacje Moja Rzeczpospolita Polska wprowadza program.<br>Potrzebna oferta bytowa \u0179r\u00f3d\u0142o: <a href=\"https:\/\/topol.org.pl\/?page_id=47\">Fragment<\/a><\/p>\n\n\n\n<p>Cel<\/p>\n\n\n\n<ol class=\"wp-block-list\">\n<li>Zachowanie ma\u0142ych firm na rynku krajowym i zagranicznym.<\/li>\n\n\n\n<li>Rozw\u00f3j tych firm.<\/li>\n\n\n\n<li>Zlikwidowanie nadu\u017cy\u0107 wy\u0142udzenia VAT.<\/li>\n\n\n\n<li>Zachowanie systemu ubezpiecze\u0144 spo\u0142ecznych. ZUS.<\/li>\n\n\n\n<li>Zachowanie Pa\u0144stwowej Podstawowej S\u0142u\u017cby Zdrowia. NFZ.<\/li>\n<\/ol>\n\n\n\n<p><strong>Wrzucam dane do &#8222;Sztucznej Inteligencji Grot&#8221; i przetwarzam&#8230;czas start&#8230;jad\u0119 do pracy&#8230;<\/strong><\/p>\n\n\n\n<p>Odpowiedz na punkt 1,2,3&#8230;<\/p>\n\n\n\n<p><a href=\"https:\/\/poradnikprzedsiebiorcy.pl\/-podatek-nalezny-a-naliczony\">Polskie prawo umo\u017cliwia przedsi\u0119biorcom zmniejszenie podatku nale\u017cnego o podatek naliczony, kt\u00f3ry obejmuje danin\u0119 p\u0142acon\u0105 przez w\u0142a\u015bciciela firmy z tytu\u0142u nabytych towar\u00f3w i us\u0142ug zwi\u0105zanych z prowadzon\u0105 dzia\u0142alno\u015bci\u0105 gospodarcz\u0105.<\/a><\/p>\n\n\n\n<p><br><strong>Likwidujemy ogromny galimatias.<\/strong><br>Wystarczy zadeklarowa\u0107 obr\u00f3t w firmie jako nie przeznaczony dla u\u017cytkownika ko\u0144cowego czyli detalicznego. Wszystkie firmy nie wprowadzaj\u0105ce surowc\u00f3w ,produkt\u00f3w, towar\u00f3w przemys\u0142owych, us\u0142ug dla odbioru ko\u0144cowego, detalicznego pos\u0142uguj\u0105 si\u0119 mi\u0119dzy sob\u0105 warto\u015bci\u0105 netto bez VAT naliczonego. Dopiero odbiorca ko\u0144cowy detaliczny p\u0142aci VAT przy kasie. Pomijamy obr\u00f3t mi\u0119dzy firmami w obrocie opodatkowanym VAT. Nie ma VAT naliczonego mi\u0119dzy firmami. Je\u015bli surowiec, produkt przemys\u0142owy lub us\u0142uga jest eksportowany stosujemy VAT 0%. Je\u015bli surowiec, produkt, towar przemys\u0142owy lub us\u0142uga jest importowany z Unii Europejskiej to mi\u0119dzy firmami nie stosujemy VAT naliczonego. Je\u015bli surowiec, produkt, towar przemys\u0142owy lub us\u0142uga jest importowany z poza Unii Europejskiej na granicy naliczamy c\u0142o r\u00f3wnowa\u017c\u0105ce cen\u0119 netto z podobnymi produktami w obrocie krajowym. Dopiero odbiorca ko\u0144cowy detaliczny p\u0142aci VAT przy kasie.<br>Jakie korzy\u015bci. Pozbawiamy lobbyst\u00f3w z firm doradczych i produkuj\u0105cych zb\u0119dne programy ksi\u0119gowe dochod\u00f3w z dzia\u0142alno\u015bci, kt\u00f3ra dla pa\u0144stwa i przedsi\u0119biorc\u00f3w nie przynosi korzy\u015bci. Nie jest warto\u015bci\u0105 dodan\u0105. Likwidujemy w 100 % wy\u0142udzenia VAT. Poniewa\u017c nie ma VAT do zwrotu. Firma od firmy kupi towar do produkcji lub sprzeda\u017cy detalicznej taniej o VAT, czyli zyska nie p\u0142ac\u0105c VAT. Dopiero jak sprzeda w detalu zap\u0142aci VAT. Poza tym pensja nie b\u0119dzie obci\u0105\u017cona stawk\u0105 VAT. W tej chwili pensja jest obci\u0105\u017cona stawk\u0105 VAT (\u017ceby j\u0105 wyp\u0142aci\u0107 firma musi zarobi\u0107 i odprowadzi\u0107 VAT) i zakupy detaliczne s\u0105 obci\u0105\u017cone VAT. Podw\u00f3jne opodatkowanie pensji stawk\u0105 VAT.<\/p>\n\n\n\n<p>Do czego zmierzam napisz\u0119 w om\u00f3wieniu punkt\u00f3w 4 i 5&#8230;<\/p>\n\n\n\n<p><strong>3 408,60 PLN<\/strong>kwota netto<\/p>\n\n\n\n<p><strong>4 666,00 PLN<\/strong>kwota brutto<\/p>\n\n\n\n<p><strong>5 691,59 PLN<\/strong>\u0142\u0105czny koszt pracodawcy<\/p>\n\n\n\n<p><strong>obliczenia dla umowy o prac\u0119<\/strong><\/p>\n\n\n\n<p>Czy 4 666 PLN to odpowiednie wynagrodzenie dla Twojego pracownika?<\/p>\n\n\n\n<p><strong>Koszty pracownika dla miesi\u0119cznego wynagrodzenia 4 666,00 PLN brutto<\/strong><\/p>\n\n\n\n<figure class=\"wp-block-table\"><table class=\"has-fixed-layout\"><tbody><tr><td><strong>kwota netto<\/strong><\/td><td><strong>3 408,60 PLN<\/strong><\/td><\/tr><tr><td>ubezpieczenie emerytalne<\/td><td>455,40 PLN<\/td><\/tr><tr><td>ubezpieczenie rentowe<\/td><td>69,99 PLN<\/td><\/tr><tr><td>ubezpieczenie chorobowe<\/td><td>114,32 PLN<\/td><\/tr><tr><td>ubezpieczenie zdrowotne<\/td><td>362,37 PLN<\/td><\/tr><tr><td>zaliczka na PIT<\/td><td>162,00 PLN<\/td><\/tr><tr><td>sk\u0142adka PPK<\/td><td>93,32 PLN<\/td><\/tr><tr><td><strong>kwota brutto<\/strong><\/td><td><strong>4 666,00 PLN<\/strong><\/td><\/tr><\/tbody><\/table><\/figure>\n\n\n\n<p><a>poka\u017c rozliczenie roczne<\/a><\/p>\n\n\n\n<p><strong>Wykres rozk\u0142adu koszt\u00f3w pracownika<\/strong><\/p>\n\n\n\n<ul class=\"wp-block-list\">\n<li>kwota netto &#8211; 73.05%<\/li>\n\n\n\n<li>ubezpieczenie emerytalne &#8211; 9.76%<\/li>\n\n\n\n<li>ubezpieczenie rentowe &#8211; 1.5%<\/li>\n\n\n\n<li>ubezpieczenie chorobowe &#8211; 2.45%<\/li>\n\n\n\n<li>ubezpieczenie zdrowotne &#8211; 7.77%<\/li>\n\n\n\n<li>zaliczka na PIT &#8211; 3.47%<\/li>\n\n\n\n<li>Sk\u0142adka PPK &#8211; 2%<\/li>\n<\/ul>\n\n\n\n<p><strong>Koszty pracodawcy dla miesi\u0119cznego wynagrodzenia 4 666,00 PLN brutto<\/strong><\/p>\n\n\n\n<figure class=\"wp-block-table\"><table class=\"has-fixed-layout\"><tbody><tr><td><strong>kwota brutto<\/strong><\/td><td><strong>4 666,00 PLN<\/strong><\/td><\/tr><tr><td>ubezpieczenie emerytalne<\/td><td>455,40 PLN<\/td><\/tr><tr><td>ubezpieczenie rentowe<\/td><td>303,29 PLN<\/td><\/tr><tr><td>ubezpieczenie wypadkowe<\/td><td>77,92 PLN<\/td><\/tr><tr><td>Fundusz Pracy<\/td><td>114,32 PLN<\/td><\/tr><tr><td>FG\u015aP<\/td><td>4,67 PLN<\/td><\/tr><tr><td>sk\u0142adka PPK<\/td><td>69,99 PLN<\/td><\/tr><tr><td><strong>koszty pracodawcy<\/strong><\/td><td><strong>5 691,59 PLN<\/strong><\/td><\/tr><\/tbody><\/table><\/figure>\n\n\n\n<p>poka\u017c rozliczenie roczne<\/p>\n\n\n\n<p><strong>Wykres rozk\u0142adu koszt\u00f3w pracodawcy<\/strong><\/p>\n\n\n\n<ul class=\"wp-block-list\">\n<li>kwota brutto &#8211; 81.98%<\/li>\n\n\n\n<li>ubezpieczenie emerytalne &#8211; 8%<\/li>\n\n\n\n<li>ubezpieczenie rentowe &#8211; 5.33%<\/li>\n\n\n\n<li>ubezpieczenie wypadkowe &#8211; 1.37%<\/li>\n\n\n\n<li>Fundusz Pracy &#8211; 2.01%<\/li>\n\n\n\n<li>FG\u015aP &#8211; 0.08%<\/li>\n\n\n\n<li>Sk\u0142adka PPK &#8211; 1.23%<\/li>\n<\/ul>\n\n\n\n<p>Na przyk\u0142adzie pensji brutto widzimy, \u017ce pracodawca p\u0142aci 8+5,33+1.37+2,01+0,08+1,23=18,02%<\/p>\n\n\n\n<p><strong>5 691,59<\/strong>x18,02%=1025,62 koszt pracodawcy pomniejszony o kwot\u0119 do zap\u0142acenia przez pracodawc\u0119<\/p>\n\n\n\n<p><strong>5 691,59<\/strong>-1025,62=4665,97<\/p>\n\n\n\n<p>4665,97&#215;22%=4665,97+1026,51=5692,48 koszt pracodawcy od pensji brutto.<\/p>\n\n\n\n<p>Z wyliczenia wida\u0107, \u017ce wystarczy zap\u0142aci\u0107 pensj\u0119 w wysoko\u015bci 5691,59 z\u0142 pomniejszon\u0105 o ZUS w ca\u0142o\u015bci zap\u0142acony przez pracownika. Wychodzi na to samo. Pracownik dostanie pensj\u0119 netto w wysoko\u015bci <strong>3 408,60<\/strong>.<\/p>\n\n\n\n<p>Pracodawca b\u0119d\u0105cy p\u0142atnikiem VAT b\u0119dzie mia\u0142 takie same koszty dzia\u0142alno\u015bci po op\u0142aceniu pensji. Pracodawca zwolniony z VAT te\u017c b\u0119dzie mia\u0142 takie same koszty po op\u0142aceniu pensji. <\/p>\n\n\n\n<p>Jeszcze upro\u015bcimy deklaracje DRA i RCA w ZUS-e. Po prostu system sam podzieli wp\u0142aty my tylko podamy kwot\u0119 ZUS od pensji pracownika i kwot\u0119 do zap\u0142acenia w ca\u0142o\u015bci przez pracodawc\u0119. Mniej rubryk i przez to pomy\u0142ek. Pami\u0119tam jak p\u0142aci\u0142em w ZUS przelew na konto NKP pracodawcy i konto NKP pracownika. Wtedy ten system naprawd\u0119 by\u0142 prosty. Dlaczego urz\u0119dnicy tak to skomplikowali.<\/p>\n\n\n\n<p>Zmienimy podstawow\u0105 stawk\u0119 VAT na 22%. Pracodawca zamiast VAT od pensji wyp\u0142aci ca\u0142e <strong>koszty pracodawcy<\/strong> (<strong>5 691,59 PLN<\/strong>), a pracownik b\u0119dzie op\u0142aca\u0142 ZUS we w\u0142asnym zakresie. Oczywi\u015bcie ZUS potr\u0105cony z pensji przez pracodawc\u0119 i rozliczony przez pracodawc\u0119. <\/p>\n\n\n\n<p><a href=\"https:\/\/www.google.com\/search?q=jakie+s%C4%85+straty+bud%C5%BCetu+na+wy%C5%82udzeniach+vat+w+2024+roku&amp;sca_esv=fa723bccb4ce9e36&amp;rlz=1C1GCEU_plPL1161PL1161&amp;sxsrf=AE3TifOavXQFoxJqyEPd10qTAFIeqm1lnw%3A1748117094616&amp;ei=ZiYyaPO1JaGE1fIPq9mnyAk&amp;oq=JAKIE+S%C4%84+STRATY+BUD%C5%BBETU+NA+WY%C5%81UDZENIACH+VAT+W+2024&amp;gs_lp=Egxnd3Mtd2l6LXNlcnAiNUpBS0lFIFPEhCBTVFJBVFkgQlVExbtFVFUgTkEgV1nFgVVEWkVOSUFDSCBWQVQgVyAyMDI0KgIIADIFECEYoAEyBRAhGKABSM4yUPsIWPMdcAF4AZABAJgBoAGgAZgHqgEDMC43uAEByAEA-AEBmAIIoAK3B8ICChAAGLADGNYEGEfCAgQQIRgVmAMAiAYBkAYIkgcDMS43oAeWIbIHAzAuN7gHrwc&amp;sclient=gws-wiz-serp\">Jakie s\u0105 straty bud\u017cetu na wy\u0142udzeniach vat w 2024 roku ?<\/a><\/p>\n\n\n\n<p>VAT nale\u017cny b\u0119dzie widoczny na kasie fiskalnej. Firmy z ma\u0142ymi obrotami b\u0119d\u0105 zwolnione podmiotowo z VAT. Kwot\u0119 zwolnienia urealnimy wzwy\u017c. Przywr\u00f3cimy kart\u0119 podatkow\u0105.<\/p>\n\n\n\n<p><strong><strong>5 691,59<\/strong> PLN brutto-kwota netto<\/strong> <strong>3 408,60 PLN=<strong>Koszty pracownika dla miesi\u0119cznego wynagrodzenia<\/strong><\/strong> <strong>2282,99<\/strong> <\/p>\n\n\n\n<p><strong>Moim zdaniem pa\u0144stwo \u017cyje na kredyt, ci co pracuj\u0105 dostaj\u0105 pensj\u0119 z kredytu zaci\u0105gni\u0119tego na wszystkich.<\/strong><\/p>\n\n\n\n<p><strong>Pracownicy przechodz\u0105 badanie wst\u0119pne w Zak\u0142adzie Medycyny Pracy tylko raz, przed pierwszym w \u017cyciu przyj\u0119ciem do pracy. Tak samo kierowcy prywatnych samochod\u00f3w. W tej chwili to patologia. Ludzie s\u0105 n\u0119kani badaniami. Przecie\u017c jak s\u0105 chorzy to maj\u0105 grup\u0119 inwalidzk\u0105 i zakaz pracy lub jasny komunikat o mo\u017cliwo\u015bci pracy. Lekarze Medycyny Pracy niech zajm\u0105 si\u0119 leczeniem a nie grabieniem ludzi.<\/strong><\/p>\n\n\n\n<p><strong>Zamiast podatku katastralnego proponuj\u0119 \u201emieszkania na start\u201d w wysoko\u015bci zw% VAT do ceny netto mieszkania, a dla lokuj\u0105cych kapita\u0142 i wynajmuj\u0105cych 22% VAT.<\/strong><\/p>\n\n\n\n<p>Cdn\u2026<\/p>\n\n\n\n<p>&amp; 32 <a href=\"https:\/\/topol.org.pl\/?page_id=11128\">Deregulacja<\/a><\/p>\n\n\n\n<p><strong>Pa\u0144stwowa s\u0142u\u017cba zdrowia nie mo\u017ce by\u0107 zr\u00f3\u017cnicowana w dost\u0119pie dla ludzi w zale\u017cno\u015bci od wysoko\u015bci sk\u0142adki. Poniewa\u017c wszyscy musz\u0105 mie\u0107 taki sam dost\u0119p.<\/strong><\/p>\n\n\n\n<p><strong>Pomys\u0142 o mo\u017cliwo\u015bci pracy prywatnie lub pa\u0144stwowo jest dobry. Lekarz musi wybra\u0107.<\/strong>&nbsp;<strong>Ludzie musz\u0105 p\u0142aci\u0107 na NFZ, prywatne fundusze i ubezpieczenie w zachodnich funduszach mo\u017ce by\u0107 tylko dobrowolne. Musimy zachowa\u0107 pa\u0144stwow\u0105 s\u0142u\u017cb\u0119 zdrowia.<\/strong>&nbsp;<strong>Poniewa\u017c jest podstawowa.<\/strong><\/p>\n\n\n\n<p><strong>Szko\u0142y musz\u0105 by\u0107 pa\u0144stwowe tak jak teraz i prywatne tak jak teraz.<\/strong><\/p>\n\n\n\n<p><strong>Nie mo\u017cna pyta\u0107 ludzi o ka\u017cd\u0105 decyzj\u0119 i zmienia\u0107 Konstytucj\u0119 na ich widzimisi\u0119. Prawo do samostanowienia na poziomie lokalnym i w formie opinii ale nie zmieniania Konstytucji przez&nbsp;<a href=\"https:\/\/topol.org.pl\/?page_id=11060\">nie\u015bwiadomych ludzi<\/a>. Ostatnie referendum by\u0142o jasnym przyk\u0142adem !<\/strong>&nbsp;<strong><a href=\"https:\/\/topol.org.pl\/?page_id=3344\">Jestem zwolennikiem u\u017cywania ga\u015bnicy w czasie po\u017caru.<\/a><\/strong><\/p>\n\n\n\n<p><strong>Trzeba powr\u00f3ci\u0107 do powszechno\u015bci karty podatkowej i likwidacji kas fiskalnych na straganach. Ma\u0142y ZUS dla tych co chc\u0105. Po przepracowaniu przez kobiety 20 lat, przez m\u0119\u017cczyzn 25 lat emerytura lub renta r\u00f3wna najni\u017cszej pensji krajowej netto. Teraz naliczanie kapitalizacji i najni\u017csza krajowa rozjecha\u0142y si\u0119 do szeroko\u015bci&nbsp;<a href=\"https:\/\/pl.wikipedia.org\/wiki\/Wielki_Kanion_Kolorado\">kanionu Kolorado<\/a>. Mamy bogactwa naturalne i z tego b\u0119dziemy sp\u0142aca\u0107 prowadz\u0105cych dzia\u0142alno\u015b\u0107 na w\u0142asny rachunek.<\/strong>&nbsp;<strong>Dam przyk\u0142ad dla pana Rafa\u0142a Brzoski. Za\u0142\u00f3\u017cmy, \u017ce ma\u0142\u017ce\u0144stwo prowadzi firm\u0119 razem. Teraz p\u0142ac\u0105 ca\u0142y ZUS dwie osoby. W moim projekcie przez 20 lat ca\u0142e sk\u0142adki op\u0142aca \u017cona. A m\u0105\u017c ma\u0142y ZUS. Przez kolejne 25 lat ca\u0142e sk\u0142adki op\u0142aca m\u0105\u017c, a \u017cona ma\u0142y ZUS. Czyli po 45 latach pracy b\u0119d\u0105 mieli dwie emerytury w wysoko\u015bci najni\u017cszej pensji krajowej netto.<\/strong>&nbsp;<strong>Oczywi\u015bcie na dzieci \u017cona b\u0119dzie mia\u0142a op\u0142acane sk\u0142adki przez pa\u0144stwo.<\/strong>&nbsp;<strong>Czasami ma\u0142\u017ce\u0144stwo chce prowadzi\u0107 sp\u00f3\u0142k\u0119 cywiln\u0105 razem. A nie osobno na zmian\u0119 2 firmy oddzielne. Ca\u0142e \u017cycie z \u017con\u0105 mia\u0142em ten problem.<\/strong>&nbsp;<strong>To jest moja deregulacja.<\/strong>&nbsp;<strong>Wynika z do\u015bwiadczenia.<\/strong>&nbsp;<strong>\u017beby zarz\u0105dza\u0107 gospodark\u0105 wystarczy nie przeszkadza\u0107 i ograniczy\u0107 kapita\u0142 zagraniczny do 49 % udzia\u0142\u00f3w. Firmy musz\u0105 mie\u0107 wi\u0119kszo\u015bciowy udzia\u0142 kapita\u0142u z Polski wtedy cz\u0119\u015bciowo zap\u0142ac\u0105 u nas podatek.<\/strong>&nbsp;<strong>Od kapita\u0142u zagranicznego procentowego udzia\u0142u, powinny odprowadza\u0107 3% podatku obrotowego.<\/strong>&nbsp;<strong>Niestety firmy funkcjonuj\u0105ce na rynku globalnym w niekt\u00f3rych krajach szczeg\u00f3lnie w Europie musz\u0105 spe\u0142nia\u0107&nbsp;<a href=\"https:\/\/www.rp.pl\/finanse\/art42124821-raportowanie-esg-krok-ku-zrownowazonej-przyszlosci-ale-z-wyzwaniami\">ich normy np. ESG<\/a><\/strong>.&nbsp;<strong>Nawet firmy funkcjonuj\u0105ce w \u0142a\u0144cuch dostaw na rynku lokalnym te\u017c musz\u0105 spe\u0142nia\u0107 normy.<\/strong>&nbsp;<strong>Jeszcze jedno, nie ka\u017cda firma chce si\u0119 rozrasta\u0107.<\/strong>&nbsp;<strong>Lub prowadzi\u0107 sp\u00f3\u0142k\u0119 z o.o.<\/strong>&nbsp;<strong>W czasie zarazy mia\u0142em zamkni\u0119t\u0105 dzia\u0142alno\u015b\u0107 rok czasu.<\/strong>&nbsp;<strong><a href=\"https:\/\/www.rp.pl\/uslugi\/art42138591-potezna-akwizycja-inpostu-w-wielkiej-brytanii-zagrozona-royal-mail\">Paczkomaty<\/a>&nbsp;i zmiana nawyk\u00f3w w\u015br\u00f3d klient\u00f3w dokona\u0142y reszty.<\/strong>&nbsp;<strong>Towar zosta\u0142 niesprzedany. Nikt nie pokry\u0142 strat. W tym czasie eksperci od zarazy robili analizy i szykowali narracj\u0119 w mediach.<\/strong>&nbsp;<strong>To si\u0119 nie mo\u017ce powt\u00f3rzy\u0107.<\/strong><\/p>\n\n\n\n<figure class=\"wp-block-image\"><img loading=\"lazy\" decoding=\"async\" width=\"999\" height=\"599\" src=\"https:\/\/topol.org.pl\/wp-content\/uploads\/2025\/04\/Zmiana-przepisow-dotyczacych-ograniczen-nakazow-i-zakazow-zwiazanych-z-Covid-19-w-Polsce-i-na-Swiecie.jpg\" alt=\"\" class=\"wp-image-11135\" srcset=\"https:\/\/topol.org.pl\/wp-content\/uploads\/2025\/04\/Zmiana-przepisow-dotyczacych-ograniczen-nakazow-i-zakazow-zwiazanych-z-Covid-19-w-Polsce-i-na-Swiecie.jpg 999w, https:\/\/topol.org.pl\/wp-content\/uploads\/2025\/04\/Zmiana-przepisow-dotyczacych-ograniczen-nakazow-i-zakazow-zwiazanych-z-Covid-19-w-Polsce-i-na-Swiecie-300x180.jpg 300w, https:\/\/topol.org.pl\/wp-content\/uploads\/2025\/04\/Zmiana-przepisow-dotyczacych-ograniczen-nakazow-i-zakazow-zwiazanych-z-Covid-19-w-Polsce-i-na-Swiecie-768x460.jpg 768w\" sizes=\"auto, (max-width: 999px) 100vw, 999px\" \/><\/figure>\n\n\n\n<p><strong>Zaplecze w gabinecie Prezydenta musz\u0105 stanowi\u0107 zaufani ludzie, poniewa\u017c b\u0119d\u0105 sabotowa\u0107. Kasowa\u0107 dane, kopiowa\u0107 dane lub przeinacza\u0107 wypowiedzi i polecenia. Dlatego nie mo\u017cna zdawa\u0107 si\u0119 na ludzi z og\u0142oszenia. Mo\u017cna z\u0142apa\u0107 gum\u0119 w samochodzie prezydenckim na autostradzie. I waln\u0105\u0107 w band\u0119. Albo mie\u0107 katastrof\u0119 lotnicz\u0105. Rozwi\u0105zaniem jest przysi\u0119ga jak w wojsku. I odpowiedzialno\u015b\u0107 za zdrad\u0119. Teraz mamy przyk\u0142ad jak sabotuj\u0105, urz\u0119dnicy nak\u0142aniani przez Uni\u0119 i fundacje op\u0142acane przez lewak\u00f3w.<\/strong><\/p>\n\n\n\n<p><strong>Nie jestem za promowaniem MO-obywatela w ka\u017cdym aspekcie naszego \u017cycia. Jestem przeciwnikiem cyfryzacji,&nbsp;<a href=\"https:\/\/pl.wikipedia.org\/wiki\/Tokenizacja\">tokenizacji<\/a>.<\/strong><\/p>\n\n\n\n<p><strong>Nie da si\u0119 zarz\u0105dza\u0107 sprawnie bez realnej w\u0142adzy, tak jak w USA. Mo\u017cna zaufa\u0107 tylko\u2026 \u201d Dux Poloniae\u201d<\/strong>.&nbsp;<strong>Nie pr\u00f3bujcie z w\u0142adz\u0105 prezydenck\u0105.<\/strong><\/p>\n\n\n\n<p><strong><a href=\"https:\/\/topol.org.pl\/?page_id=47\">\u017beby pobudowa\u0107 Imperium, trzeba mie\u0107 mo\u017cliwo\u015bci i Polsk\u0119 na miar\u0119 1000-lecia<\/a>.<\/strong>&nbsp;<strong>Nie nazywa\u0107 Rzeczypospolitej\u2026 4RP.<\/strong><\/p>\n\n\n\n<p>Konstytucja z 11.10.2023.&nbsp;\u0179r\u00f3d\u0142o: <a href=\"https:\/\/topol.org.pl\/?page_id=47\">Fragment<\/a><\/p>\n\n\n\n<p>Verte &gt;<a href=\"https:\/\/topol.org.pl\/?page_id=6187\">Fundacja Narodowe Si\u0142y Samoobrony \u201eGrot\u201d<\/a> <\/p>\n\n\n\n<p><\/p>\n","protected":false},"excerpt":{"rendered":"<p>W dniu 23.05.2025 uzupe\u0142ni\u0142em Konstytucj\u0119 z 11.10.2023 r. &amp; 33 Prze\u0142omowa deregulacja Ze wzgl\u0119du na plany globalist\u00f3w, \u017ceby zosta\u0142y na \u015bwiecie tylko korporacje Moja Rzeczpospolita Polska wprowadza program.Potrzebna oferta bytowa \u0179r\u00f3d\u0142o: Fragment Cel Wrzucam dane do &#8222;Sztucznej Inteligencji Grot&#8221; i przetwarzam&#8230;czas start&#8230;jad\u0119 do pracy&#8230; Odpowiedz na punkt 1,2,3&#8230; Polskie prawo umo\u017cliwia przedsi\u0119biorcom zmniejszenie podatku nale\u017cnego [&hellip;]<\/p>\n","protected":false},"author":1,"featured_media":0,"parent":0,"menu_order":295,"comment_status":"closed","ping_status":"closed","template":"","meta":{"footnotes":""},"class_list":["post-12360","page","type-page","status-publish","hentry"],"_links":{"self":[{"href":"https:\/\/topol.org.pl\/index.php?rest_route=\/wp\/v2\/pages\/12360","targetHints":{"allow":["GET"]}}],"collection":[{"href":"https:\/\/topol.org.pl\/index.php?rest_route=\/wp\/v2\/pages"}],"about":[{"href":"https:\/\/topol.org.pl\/index.php?rest_route=\/wp\/v2\/types\/page"}],"author":[{"embeddable":true,"href":"https:\/\/topol.org.pl\/index.php?rest_route=\/wp\/v2\/users\/1"}],"replies":[{"embeddable":true,"href":"https:\/\/topol.org.pl\/index.php?rest_route=%2Fwp%2Fv2%2Fcomments&post=12360"}],"version-history":[{"count":31,"href":"https:\/\/topol.org.pl\/index.php?rest_route=\/wp\/v2\/pages\/12360\/revisions"}],"predecessor-version":[{"id":12475,"href":"https:\/\/topol.org.pl\/index.php?rest_route=\/wp\/v2\/pages\/12360\/revisions\/12475"}],"wp:attachment":[{"href":"https:\/\/topol.org.pl\/index.php?rest_route=%2Fwp%2Fv2%2Fmedia&parent=12360"}],"curies":[{"name":"wp","href":"https:\/\/api.w.org\/{rel}","templated":true}]}}