{"id":12391,"date":"2025-05-24T17:57:47","date_gmt":"2025-05-24T15:57:47","guid":{"rendered":"https:\/\/topol.org.pl\/?page_id=12391"},"modified":"2025-05-25T10:59:33","modified_gmt":"2025-05-25T08:59:33","slug":"kogo-wybrac-na-prezydenta-w-wyborach-2025-roku-karola-nawrockiego-czy-rafala-trzaskowskiego","status":"publish","type":"page","link":"https:\/\/topol.org.pl\/?page_id=12391","title":{"rendered":"Kogo wybra\u0107 na Prezydenta w wyborach 2025 roku? Karola Nawrockiego czy Rafa\u0142a Trzaskowskiego ?"},"content":{"rendered":"\n<p>24.05.2025 17.54 <a href=\"https:\/\/grok.com\/share\/c2hhcmQtMg%3D%3D_72433a79-332f-4057-9504-9ed59bb2122f\">Kogo wybra\u0107 na Prezydenta w wyborach 2025 roku? Karola Nawrockiego czy Rafa\u0142a Trzaskowskiego ?<\/a> \u0179r\u00f3d\u0142o: Grok<\/p>\n\n\n\n<p><strong>Grok nie da\u0142 jasnej odpowiedzi. To sugeruje odpowiedz. Moja opinia b\u0119dzie decyduj\u0105ca.<\/strong><\/p>\n\n\n\n<p>24.05.2025 19.42 <a href=\"https:\/\/www.youtube.com\/watch?v=9kC2DnxoWNA\">Grzegorz P\u0142aczek: K\u0142amstwa NASK wyjd\u0105 po II turze!<\/a> \u0179r\u00f3d\u0142o: <a href=\"https:\/\/www.youtube.com\/@Wolno%C5%9BciowoTV\">Wolno\u015bciowoTV<\/a><\/p>\n\n\n\n<p>Verte &gt;<a href=\"https:\/\/topol.org.pl\/?page_id=6187\">Fundacja Narodowe Si\u0142y Samoobrony \u201eGrot\u201d<\/a><\/p>\n\n\n\n<p><\/p>\n","protected":false},"excerpt":{"rendered":"<p>24.05.2025 17.54 Kogo wybra\u0107 na Prezydenta w wyborach 2025 roku? Karola Nawrockiego czy Rafa\u0142a Trzaskowskiego ? \u0179r\u00f3d\u0142o: Grok Grok nie da\u0142 jasnej odpowiedzi. To sugeruje odpowiedz. Moja opinia b\u0119dzie decyduj\u0105ca. 24.05.2025 19.42 Grzegorz P\u0142aczek: K\u0142amstwa NASK wyjd\u0105 po II turze! \u0179r\u00f3d\u0142o: Wolno\u015bciowoTV Verte &gt;Fundacja Narodowe Si\u0142y Samoobrony \u201eGrot\u201d<\/p>\n","protected":false},"author":1,"featured_media":0,"parent":11820,"menu_order":1,"comment_status":"closed","ping_status":"closed","template":"","meta":{"footnotes":""},"class_list":["post-12391","page","type-page","status-publish","hentry"],"_links":{"self":[{"href":"https:\/\/topol.org.pl\/index.php?rest_route=\/wp\/v2\/pages\/12391","targetHints":{"allow":["GET"]}}],"collection":[{"href":"https:\/\/topol.org.pl\/index.php?rest_route=\/wp\/v2\/pages"}],"about":[{"href":"https:\/\/topol.org.pl\/index.php?rest_route=\/wp\/v2\/types\/page"}],"author":[{"embeddable":true,"href":"https:\/\/topol.org.pl\/index.php?rest_route=\/wp\/v2\/users\/1"}],"replies":[{"embeddable":true,"href":"https:\/\/topol.org.pl\/index.php?rest_route=%2Fwp%2Fv2%2Fcomments&post=12391"}],"version-history":[{"count":3,"href":"https:\/\/topol.org.pl\/index.php?rest_route=\/wp\/v2\/pages\/12391\/revisions"}],"predecessor-version":[{"id":12395,"href":"https:\/\/topol.org.pl\/index.php?rest_route=\/wp\/v2\/pages\/12391\/revisions\/12395"}],"up":[{"embeddable":true,"href":"https:\/\/topol.org.pl\/index.php?rest_route=\/wp\/v2\/pages\/11820"}],"wp:attachment":[{"href":"https:\/\/topol.org.pl\/index.php?rest_route=%2Fwp%2Fv2%2Fmedia&parent=12391"}],"curies":[{"name":"wp","href":"https:\/\/api.w.org\/{rel}","templated":true}]}}