{"id":12410,"date":"2025-05-25T07:42:10","date_gmt":"2025-05-25T05:42:10","guid":{"rendered":"https:\/\/topol.org.pl\/?page_id=12410"},"modified":"2026-01-09T10:56:40","modified_gmt":"2026-01-09T09:56:40","slug":"podwyzszenie-progu-podatkowego","status":"publish","type":"page","link":"https:\/\/topol.org.pl\/?page_id=12410","title":{"rendered":"podwy\u017cszenie progu podatkowego"},"content":{"rendered":"\n<p>25.05.2025 07.54 7. Kwota wolna dla wszystkich 30000 z\u0142+ inflacja(chc\u0119 zap\u0142aci\u0107 podatek powy\u017cej) skala jedna dla wszystkich bez \u017cadnych prog\u00f3w podatkowych. \u0179r\u00f3d\u0142o: <a href=\"https:\/\/topol.org.pl\/?page_id=47\">Fragment<\/a><\/p>\n\n\n\n<p><strong>Nie jestem zwolennikiem prywatyzacji wszystkiego, czyli s\u0142u\u017cby zdrowia i korporacji   pa\u0144stwowych. Nie jestem zwolennikiem \u017cycia na kredyt.<\/strong><\/p>\n\n\n\n<p><a href=\"https:\/\/topol.org.pl\/?page_id=12360\">Prze\u0142omowa deregulacja<\/a><\/p>\n\n\n\n<p><strong>Moim zdaniem pa\u0144stwo \u017cyje na kredyt, ci co pracuj\u0105 dostaj\u0105 pensj\u0119 z kredytu zaci\u0105gni\u0119tego na wszystkich.<\/strong> <strong>Ten kredyt sp\u0142acamy w podnoszonej inflacji przez windowanie, pensji minimalnej, pensji \u015bredniej, zasi\u0142k\u00f3w i kredyt\u00f3w KPO. Kredyt do sp\u0142acenia kredytu. To nienormalne.<\/strong> <strong>Teraz zaci\u0105gamy kredyt KPO \u017ceby kupi\u0107 uzbrojenie, nie u nas tylko na zachodzie od Niemc\u00f3w i Francuz\u00f3w.<\/strong> <strong>Jednocze\u015bnie likwidujemy kopalnie, bloki energetyczne i &#8222;<a href=\"https:\/\/www.google.com\/search?q=Mari%C4%99+w+%C5%9Bwierku&amp;sca_esv=109e11df013ff453&amp;rlz=1C1GCEU_plPL1161PL1161&amp;sxsrf=AE3TifP20Q921jszSj_HXis8WVW6MgYSMQ%3A1748153679272&amp;ei=T7UyaPysELCwwPAPq8SO8A4&amp;ved=0ahUKEwi8kMP4-72NAxUwGBAIHSuiA-4Q4dUDCBA&amp;uact=5&amp;oq=Mari%C4%99+w+%C5%9Bwierku&amp;gs_lp=Egxnd3Mtd2l6LXNlcnAiEU1hcmnEmSB3IMWbd2llcmt1MgUQIRigAUjkNlDPCVjgLXABeAGQAQCYAY0BoAHWCaoBBDAuMTC4AQPIAQD4AQGYAgugApUKwgIKEAAYsAMY1gQYR8ICCBAuGIAEGNQCwgIKEAAYgAQYQxiKBcICChAuGIAEGEMYigXCAgUQLhiABMICBRAAGIAEwgIXEC4YgAQY1AIYlwUY3AQY3gQY3wTYAQHCAgYQABgWGB7CAggQABgWGAoYHsICAhAmwgIFEAAY7wXCAggQABiABBiiBMICBRAhGJ8FmAMAiAYBkAYIugYGCAEQARgUkgcEMS4xMKAH2FCyBwQwLjEwuAeNCg&amp;sclient=gws-wiz-serp\">Mari\u0119<\/a>&#8222;.<\/strong><\/p>\n\n\n\n<p>Verte &gt;<a href=\"https:\/\/topol.org.pl\/?page_id=6187\">Fundacja Narodowe Si\u0142y Samoobrony \u201eGrot\u201d<\/a><\/p>\n\n\n\n<p><\/p>\n","protected":false},"excerpt":{"rendered":"<p>25.05.2025 07.54 7. Kwota wolna dla wszystkich 30000 z\u0142+ inflacja(chc\u0119 zap\u0142aci\u0107 podatek powy\u017cej) skala jedna dla wszystkich bez \u017cadnych prog\u00f3w podatkowych. \u0179r\u00f3d\u0142o: Fragment Nie jestem zwolennikiem prywatyzacji wszystkiego, czyli s\u0142u\u017cby zdrowia i korporacji pa\u0144stwowych. Nie jestem zwolennikiem \u017cycia na kredyt. Prze\u0142omowa deregulacja Moim zdaniem pa\u0144stwo \u017cyje na kredyt, ci co pracuj\u0105 dostaj\u0105 pensj\u0119 z kredytu [&hellip;]<\/p>\n","protected":false},"author":1,"featured_media":0,"parent":6602,"menu_order":2,"comment_status":"closed","ping_status":"closed","template":"","meta":{"footnotes":""},"class_list":["post-12410","page","type-page","status-publish","hentry"],"_links":{"self":[{"href":"https:\/\/topol.org.pl\/index.php?rest_route=\/wp\/v2\/pages\/12410","targetHints":{"allow":["GET"]}}],"collection":[{"href":"https:\/\/topol.org.pl\/index.php?rest_route=\/wp\/v2\/pages"}],"about":[{"href":"https:\/\/topol.org.pl\/index.php?rest_route=\/wp\/v2\/types\/page"}],"author":[{"embeddable":true,"href":"https:\/\/topol.org.pl\/index.php?rest_route=\/wp\/v2\/users\/1"}],"replies":[{"embeddable":true,"href":"https:\/\/topol.org.pl\/index.php?rest_route=%2Fwp%2Fv2%2Fcomments&post=12410"}],"version-history":[{"count":6,"href":"https:\/\/topol.org.pl\/index.php?rest_route=\/wp\/v2\/pages\/12410\/revisions"}],"predecessor-version":[{"id":12419,"href":"https:\/\/topol.org.pl\/index.php?rest_route=\/wp\/v2\/pages\/12410\/revisions\/12419"}],"up":[{"embeddable":true,"href":"https:\/\/topol.org.pl\/index.php?rest_route=\/wp\/v2\/pages\/6602"}],"wp:attachment":[{"href":"https:\/\/topol.org.pl\/index.php?rest_route=%2Fwp%2Fv2%2Fmedia&parent=12410"}],"curies":[{"name":"wp","href":"https:\/\/api.w.org\/{rel}","templated":true}]}}