{"id":12426,"date":"2025-05-25T09:04:11","date_gmt":"2025-05-25T07:04:11","guid":{"rendered":"https:\/\/topol.org.pl\/?page_id=12426"},"modified":"2025-08-23T14:27:39","modified_gmt":"2025-08-23T12:27:39","slug":"33-przelomowa-deregulacja","status":"publish","type":"page","link":"https:\/\/topol.org.pl\/?page_id=12426","title":{"rendered":"&amp; 33 Prze\u0142omowa deregulacja"},"content":{"rendered":"\n<p><strong>W dniu 23.05.2025 uzupe\u0142ni\u0142em Konstytucj\u0119 z 11.10.2023 r.<\/strong><\/p>\n\n\n\n<p>Ze wzgl\u0119du na plany globalist\u00f3w, \u017ceby zosta\u0142y na \u015bwiecie tylko korporacje Moja Rzeczpospolita Polska wprowadza program.<br>Potrzebna oferta bytowa \u0179r\u00f3d\u0142o: <a href=\"https:\/\/topol.org.pl\/?page_id=47\">Fragment<\/a><\/p>\n\n\n\n<p>Cel<\/p>\n\n\n\n<ol class=\"wp-block-list\">\n<li>Zachowanie ma\u0142ych firm na rynku krajowym i zagranicznym.<\/li>\n\n\n\n<li>Rozw\u00f3j tych firm.<\/li>\n\n\n\n<li>Zlikwidowanie nadu\u017cy\u0107 wy\u0142udzenia VAT.<\/li>\n\n\n\n<li>Zachowanie systemu ubezpiecze\u0144 spo\u0142ecznych. ZUS.<\/li>\n\n\n\n<li>Zachowanie Pa\u0144stwowej Podstawowej S\u0142u\u017cby Zdrowia. NFZ.<\/li>\n<\/ol>\n\n\n\n<p><strong>Wrzucam dane do &#8222;Sztucznej Inteligencji Grot&#8221; i przetwarzam&#8230;czas start&#8230;jad\u0119 do pracy&#8230;<\/strong><\/p>\n\n\n\n<p>Odpowiedz na punkt 1,2,3&#8230;<\/p>\n\n\n\n<p><a href=\"https:\/\/poradnikprzedsiebiorcy.pl\/-podatek-nalezny-a-naliczony\">Polskie prawo umo\u017cliwia przedsi\u0119biorcom zmniejszenie podatku nale\u017cnego o podatek naliczony, kt\u00f3ry obejmuje danin\u0119 p\u0142acon\u0105 przez w\u0142a\u015bciciela firmy z tytu\u0142u nabytych towar\u00f3w i us\u0142ug zwi\u0105zanych z prowadzon\u0105 dzia\u0142alno\u015bci\u0105 gospodarcz\u0105.<\/a><\/p>\n\n\n\n<p><br><strong>Likwidujemy ogromny galimatias.<\/strong><br>Wystarczy zadeklarowa\u0107 obr\u00f3t w firmie jako nie przeznaczony dla u\u017cytkownika ko\u0144cowego czyli detalicznego. Wszystkie firmy nie wprowadzaj\u0105ce surowc\u00f3w ,produkt\u00f3w, towar\u00f3w przemys\u0142owych, us\u0142ug dla odbioru ko\u0144cowego, detalicznego pos\u0142uguj\u0105 si\u0119 mi\u0119dzy sob\u0105 warto\u015bci\u0105 netto bez VAT naliczonego. Dopiero odbiorca ko\u0144cowy detaliczny p\u0142aci VAT przy kasie. Pomijamy obr\u00f3t mi\u0119dzy firmami w obrocie opodatkowanym VAT. Nie ma VAT naliczonego mi\u0119dzy firmami. Je\u015bli surowiec, produkt przemys\u0142owy lub us\u0142uga jest eksportowany stosujemy VAT 0%. Je\u015bli surowiec, produkt, towar przemys\u0142owy lub us\u0142uga jest importowany z Unii Europejskiej to mi\u0119dzy firmami nie stosujemy VAT naliczonego. Je\u015bli surowiec, produkt, towar przemys\u0142owy lub us\u0142uga jest importowany z poza Unii Europejskiej na granicy naliczamy c\u0142o r\u00f3wnowa\u017c\u0105ce cen\u0119 netto z podobnymi produktami w obrocie krajowym. Dopiero odbiorca ko\u0144cowy detaliczny p\u0142aci VAT przy kasie.<br>Jakie korzy\u015bci. Pozbawiamy lobbyst\u00f3w z firm doradczych i produkuj\u0105cych zb\u0119dne programy ksi\u0119gowe dochod\u00f3w z dzia\u0142alno\u015bci, kt\u00f3ra dla pa\u0144stwa i przedsi\u0119biorc\u00f3w nie przynosi korzy\u015bci. Nie jest warto\u015bci\u0105 dodan\u0105. Likwidujemy w 100 % wy\u0142udzenia VAT. Poniewa\u017c nie ma VAT do zwrotu. Firma od firmy kupi towar do produkcji lub sprzeda\u017cy detalicznej taniej o VAT, czyli zyska nie p\u0142ac\u0105c VAT. Dopiero jak sprzeda w detalu zap\u0142aci VAT. Poza tym pensja nie b\u0119dzie obci\u0105\u017cona stawk\u0105 VAT. W tej chwili pensja jest obci\u0105\u017cona stawk\u0105 VAT (\u017ceby j\u0105 wyp\u0142aci\u0107 firma musi zarobi\u0107 i odprowadzi\u0107 VAT) i zakupy detaliczne s\u0105 obci\u0105\u017cone VAT. Podw\u00f3jne opodatkowanie pensji stawk\u0105 VAT.<\/p>\n\n\n\n<p>Do czego zmierzam napisz\u0119 w om\u00f3wieniu punkt\u00f3w 4 i 5&#8230;<\/p>\n\n\n\n<p><strong>3 408,60 PLN<\/strong>kwota netto<\/p>\n\n\n\n<p><strong>4 666,00 PLN<\/strong>kwota brutto<\/p>\n\n\n\n<p><strong>5 691,59 PLN<\/strong>\u0142\u0105czny koszt pracodawcy<\/p>\n\n\n\n<p><strong>obliczenia dla umowy o prac\u0119<\/strong><\/p>\n\n\n\n<p>Czy 4 666 PLN to odpowiednie wynagrodzenie dla Twojego pracownika?<\/p>\n\n\n\n<p><strong>Koszty pracownika dla miesi\u0119cznego wynagrodzenia 4 666,00 PLN brutto<\/strong><\/p>\n\n\n\n<figure class=\"wp-block-table\"><table class=\"has-fixed-layout\"><tbody><tr><td><strong>kwota netto<\/strong><\/td><td><strong>3 408,60 PLN<\/strong><\/td><\/tr><tr><td>ubezpieczenie emerytalne<\/td><td>455,40 PLN<\/td><\/tr><tr><td>ubezpieczenie rentowe<\/td><td>69,99 PLN<\/td><\/tr><tr><td>ubezpieczenie chorobowe<\/td><td>114,32 PLN<\/td><\/tr><tr><td>ubezpieczenie zdrowotne<\/td><td>362,37 PLN<\/td><\/tr><tr><td>zaliczka na PIT<\/td><td>162,00 PLN<\/td><\/tr><tr><td>sk\u0142adka PPK<\/td><td>93,32 PLN<\/td><\/tr><tr><td><strong>kwota brutto<\/strong><\/td><td><strong>4 666,00 PLN<\/strong><\/td><\/tr><\/tbody><\/table><\/figure>\n\n\n\n<p><a>poka\u017c rozliczenie roczne<\/a><\/p>\n\n\n\n<p><strong>Wykres rozk\u0142adu koszt\u00f3w pracownika<\/strong><\/p>\n\n\n\n<ul class=\"wp-block-list\">\n<li>kwota netto &#8211; 73.05%<\/li>\n\n\n\n<li>ubezpieczenie emerytalne &#8211; 9.76%<\/li>\n\n\n\n<li>ubezpieczenie rentowe &#8211; 1.5%<\/li>\n\n\n\n<li>ubezpieczenie chorobowe &#8211; 2.45%<\/li>\n\n\n\n<li>ubezpieczenie zdrowotne &#8211; 7.77%<\/li>\n\n\n\n<li>zaliczka na PIT &#8211; 3.47%<\/li>\n\n\n\n<li>Sk\u0142adka PPK &#8211; 2%<\/li>\n<\/ul>\n\n\n\n<p><strong>Koszty pracodawcy dla miesi\u0119cznego wynagrodzenia 4 666,00 PLN brutto<\/strong><\/p>\n\n\n\n<figure class=\"wp-block-table\"><table class=\"has-fixed-layout\"><tbody><tr><td><strong>kwota brutto<\/strong><\/td><td><strong>4 666,00 PLN<\/strong><\/td><\/tr><tr><td>ubezpieczenie emerytalne<\/td><td>455,40 PLN<\/td><\/tr><tr><td>ubezpieczenie rentowe<\/td><td>303,29 PLN<\/td><\/tr><tr><td>ubezpieczenie wypadkowe<\/td><td>77,92 PLN<\/td><\/tr><tr><td>Fundusz Pracy<\/td><td>114,32 PLN<\/td><\/tr><tr><td>FG\u015aP<\/td><td>4,67 PLN<\/td><\/tr><tr><td>sk\u0142adka PPK<\/td><td>69,99 PLN<\/td><\/tr><tr><td><strong>koszty pracodawcy<\/strong><\/td><td><strong>5 691,59 PLN<\/strong><\/td><\/tr><\/tbody><\/table><\/figure>\n\n\n\n<p>poka\u017c rozliczenie roczne<\/p>\n\n\n\n<p><strong>Wykres rozk\u0142adu koszt\u00f3w pracodawcy<\/strong><\/p>\n\n\n\n<ul class=\"wp-block-list\">\n<li>kwota brutto &#8211; 81.98%<\/li>\n\n\n\n<li>ubezpieczenie emerytalne &#8211; 8%<\/li>\n\n\n\n<li>ubezpieczenie rentowe &#8211; 5.33%<\/li>\n\n\n\n<li>ubezpieczenie wypadkowe &#8211; 1.37%<\/li>\n\n\n\n<li>Fundusz Pracy &#8211; 2.01%<\/li>\n\n\n\n<li>FG\u015aP &#8211; 0.08%<\/li>\n\n\n\n<li>Sk\u0142adka PPK &#8211; 1.23%<\/li>\n<\/ul>\n\n\n\n<p>Na przyk\u0142adzie pensji brutto widzimy, \u017ce pracodawca p\u0142aci 8+5,33+1.37+2,01+0,08+1,23=18,02%<\/p>\n\n\n\n<p><strong>5 691,59<\/strong>x18,02%=1025,62 koszt pracodawcy pomniejszony o kwot\u0119 do zap\u0142acenia przez pracodawc\u0119<\/p>\n\n\n\n<p><strong>5 691,59<\/strong>-1025,62=4665,97<\/p>\n\n\n\n<p>4665,97&#215;22%=4665,97+1026,51=5692,48 koszt pracodawcy od pensji brutto.<\/p>\n\n\n\n<p>Z wyliczenia wida\u0107, \u017ce wystarczy zap\u0142aci\u0107 pensj\u0119 w wysoko\u015bci 5691,59 z\u0142 pomniejszon\u0105 o ZUS w ca\u0142o\u015bci zap\u0142acony przez pracownika. Wychodzi na to samo. Pracownik dostanie pensj\u0119 netto w wysoko\u015bci <strong>3 408,60<\/strong>.<\/p>\n\n\n\n<p>Pracodawca b\u0119d\u0105cy p\u0142atnikiem VAT b\u0119dzie mia\u0142 takie same koszty dzia\u0142alno\u015bci po op\u0142aceniu pensji. Pracodawca zwolniony z VAT te\u017c b\u0119dzie mia\u0142 takie same koszty po op\u0142aceniu pensji. <\/p>\n\n\n\n<p>Jeszcze upro\u015bcimy deklaracje DRA i RCA w ZUS-e. Po prostu system sam podzieli wp\u0142aty my tylko podamy kwot\u0119 ZUS od pensji pracownika i kwot\u0119 do zap\u0142acenia w ca\u0142o\u015bci przez pracodawc\u0119. Mniej rubryk i przez to pomy\u0142ek. Pami\u0119tam jak p\u0142aci\u0142em w ZUS przelew na konto NKP pracodawcy i konto NKP pracownika. Wtedy ten system naprawd\u0119 by\u0142 prosty. Dlaczego urz\u0119dnicy tak to skomplikowali.<\/p>\n\n\n\n<p>Zmienimy podstawow\u0105 stawk\u0119 VAT na 22%. Pracodawca zamiast VAT od pensji wyp\u0142aci ca\u0142e <strong>koszty pracodawcy<\/strong> (<strong>5 691,59 PLN<\/strong>), a pracownik b\u0119dzie op\u0142aca\u0142 ZUS we w\u0142asnym zakresie. Oczywi\u015bcie ZUS potr\u0105cony z pensji przez pracodawc\u0119 i rozliczony przez pracodawc\u0119. <\/p>\n\n\n\n<p><a href=\"https:\/\/www.google.com\/search?q=jakie+s%C4%85+straty+bud%C5%BCetu+na+wy%C5%82udzeniach+vat+w+2024+roku&amp;sca_esv=fa723bccb4ce9e36&amp;rlz=1C1GCEU_plPL1161PL1161&amp;sxsrf=AE3TifOavXQFoxJqyEPd10qTAFIeqm1lnw%3A1748117094616&amp;ei=ZiYyaPO1JaGE1fIPq9mnyAk&amp;oq=JAKIE+S%C4%84+STRATY+BUD%C5%BBETU+NA+WY%C5%81UDZENIACH+VAT+W+2024&amp;gs_lp=Egxnd3Mtd2l6LXNlcnAiNUpBS0lFIFPEhCBTVFJBVFkgQlVExbtFVFUgTkEgV1nFgVVEWkVOSUFDSCBWQVQgVyAyMDI0KgIIADIFECEYoAEyBRAhGKABSM4yUPsIWPMdcAF4AZABAJgBoAGgAZgHqgEDMC43uAEByAEA-AEBmAIIoAK3B8ICChAAGLADGNYEGEfCAgQQIRgVmAMAiAYBkAYIkgcDMS43oAeWIbIHAzAuN7gHrwc&amp;sclient=gws-wiz-serp\">Jakie s\u0105 straty bud\u017cetu na wy\u0142udzeniach vat w 2024 roku ?<\/a><\/p>\n\n\n\n<p>VAT nale\u017cny b\u0119dzie widoczny na kasie fiskalnej. Firmy z ma\u0142ymi obrotami b\u0119d\u0105 zwolnione podmiotowo z VAT. Kwot\u0119 zwolnienia urealnimy wzwy\u017c. Przywr\u00f3cimy kart\u0119 podatkow\u0105.<\/p>\n\n\n\n<p><strong><strong>5 691,59<\/strong> PLN brutto-kwota netto<\/strong> <strong>3 408,60 PLN=<strong>Koszty pracownika dla miesi\u0119cznego wynagrodzenia<\/strong><\/strong> <strong>2282,99<\/strong> <\/p>\n\n\n\n<p><strong>Moim zdaniem pa\u0144stwo \u017cyje na kredyt, ci co pracuj\u0105 dostaj\u0105 pensj\u0119 z kredytu zaci\u0105gni\u0119tego na wszystkich.<\/strong><\/p>\n\n\n\n<p><strong>Pracownicy przechodz\u0105 badanie wst\u0119pne w Zak\u0142adzie Medycyny Pracy tylko raz, przed pierwszym w \u017cyciu przyj\u0119ciem do pracy. Tak samo kierowcy prywatnych samochod\u00f3w. W tej chwili to patologia. Ludzie s\u0105 n\u0119kani badaniami. Przecie\u017c jak s\u0105 chorzy to maj\u0105 grup\u0119 inwalidzk\u0105 i zakaz pracy lub jasny komunikat o mo\u017cliwo\u015bci pracy. Lekarze Medycyny Pracy niech zajm\u0105 si\u0119 leczeniem a nie grabieniem ludzi.<\/strong><\/p>\n\n\n\n<p><strong>Zamiast podatku katastralnego proponuj\u0119 \u201emieszkania na start\u201d w wysoko\u015bci zw% VAT do ceny netto mieszkania, a dla lokuj\u0105cych kapita\u0142 i wynajmuj\u0105cych 22% VAT.<\/strong><\/p>\n\n\n\n<p>Cdn\u2026<\/p>\n\n\n\n<p><\/p>\n","protected":false},"excerpt":{"rendered":"<p>W dniu 23.05.2025 uzupe\u0142ni\u0142em Konstytucj\u0119 z 11.10.2023 r. Ze wzgl\u0119du na plany globalist\u00f3w, \u017ceby zosta\u0142y na \u015bwiecie tylko korporacje Moja Rzeczpospolita Polska wprowadza program.Potrzebna oferta bytowa \u0179r\u00f3d\u0142o: Fragment Cel Wrzucam dane do &#8222;Sztucznej Inteligencji Grot&#8221; i przetwarzam&#8230;czas start&#8230;jad\u0119 do pracy&#8230; Odpowiedz na punkt 1,2,3&#8230; Polskie prawo umo\u017cliwia przedsi\u0119biorcom zmniejszenie podatku nale\u017cnego o podatek naliczony, kt\u00f3ry [&hellip;]<\/p>\n","protected":false},"author":1,"featured_media":0,"parent":47,"menu_order":34,"comment_status":"closed","ping_status":"closed","template":"","meta":{"footnotes":""},"class_list":["post-12426","page","type-page","status-publish","hentry"],"_links":{"self":[{"href":"https:\/\/topol.org.pl\/index.php?rest_route=\/wp\/v2\/pages\/12426","targetHints":{"allow":["GET"]}}],"collection":[{"href":"https:\/\/topol.org.pl\/index.php?rest_route=\/wp\/v2\/pages"}],"about":[{"href":"https:\/\/topol.org.pl\/index.php?rest_route=\/wp\/v2\/types\/page"}],"author":[{"embeddable":true,"href":"https:\/\/topol.org.pl\/index.php?rest_route=\/wp\/v2\/users\/1"}],"replies":[{"embeddable":true,"href":"https:\/\/topol.org.pl\/index.php?rest_route=%2Fwp%2Fv2%2Fcomments&post=12426"}],"version-history":[{"count":5,"href":"https:\/\/topol.org.pl\/index.php?rest_route=\/wp\/v2\/pages\/12426\/revisions"}],"predecessor-version":[{"id":12474,"href":"https:\/\/topol.org.pl\/index.php?rest_route=\/wp\/v2\/pages\/12426\/revisions\/12474"}],"up":[{"embeddable":true,"href":"https:\/\/topol.org.pl\/index.php?rest_route=\/wp\/v2\/pages\/47"}],"wp:attachment":[{"href":"https:\/\/topol.org.pl\/index.php?rest_route=%2Fwp%2Fv2%2Fmedia&parent=12426"}],"curies":[{"name":"wp","href":"https:\/\/api.w.org\/{rel}","templated":true}]}}