{"id":12453,"date":"2025-05-25T10:35:42","date_gmt":"2025-05-25T08:35:42","guid":{"rendered":"https:\/\/topol.org.pl\/?page_id=12453"},"modified":"2026-01-09T10:57:20","modified_gmt":"2026-01-09T09:57:20","slug":"w-kraju-ktory-stracil-w-holokauscie-trzy-miliony-obywateli-ii-rp-pochodzenia-zydowskiego","status":"publish","type":"page","link":"https:\/\/topol.org.pl\/?page_id=12453","title":{"rendered":"&#8222;W kraju, kt\u00f3ry straci\u0142 w Holokau\u015bcie trzy miliony obywateli II RP pochodzenia \u017cydowskiego&#8221;"},"content":{"rendered":"\n<p>25.05.2025 10.35 &#8222;<a href=\"https:\/\/www.rp.pl\/komentarze\/art42366021-jedrzej-bielecki-kordon-sanitarny-wokol-brauna-we-francji-czy-niemczech-nawrocki-by-nie-wygral\">W kraju, kt\u00f3ry straci\u0142 w Holokau\u015bcie trzy miliony obywateli II RP pochodzenia \u017cydowskiego&#8221;.<\/a> \u0179r\u00f3d\u0142o: rp.pl<\/p>\n\n\n\n<p><strong>Stracili\u015bmy og\u00f3\u0142em 10 milion\u00f3w obywateli <a href=\"https:\/\/www.google.com\/search?q=pochodzenia+Polskiego&amp;rlz=1C1GCEU_plPL1161PL1161&amp;oq=pochodzenia+Polskiego&amp;gs_lcrp=EgZjaHJvbWUyBggAEEUYOdIBCTIxNjBqMGoxNagCCLACAQ&amp;sourceid=chrome&amp;ie=UTF-8\">pochodzenia polskiego<\/a> na terenie okupowanym przez &#8222;<a href=\"https:\/\/topol.org.pl\/?page_id=9055\">Niemieckie Nazistowskie Niemcy<\/a>&#8222;.<\/strong><\/p>\n\n\n\n<p>Verte &gt;<a href=\"https:\/\/topol.org.pl\/?page_id=6187\">Fundacja Narodowe Si\u0142y Samoobrony \u201eGrot\u201d<\/a><\/p>\n\n\n\n<p><\/p>\n","protected":false},"excerpt":{"rendered":"<p>25.05.2025 10.35 &#8222;W kraju, kt\u00f3ry straci\u0142 w Holokau\u015bcie trzy miliony obywateli II RP pochodzenia \u017cydowskiego&#8221;. \u0179r\u00f3d\u0142o: rp.pl Stracili\u015bmy og\u00f3\u0142em 10 milion\u00f3w obywateli pochodzenia polskiego na terenie okupowanym przez &#8222;Niemieckie Nazistowskie Niemcy&#8222;. Verte &gt;Fundacja Narodowe Si\u0142y Samoobrony \u201eGrot\u201d<\/p>\n","protected":false},"author":1,"featured_media":0,"parent":9055,"menu_order":0,"comment_status":"closed","ping_status":"closed","template":"","meta":{"footnotes":""},"class_list":["post-12453","page","type-page","status-publish","hentry"],"_links":{"self":[{"href":"https:\/\/topol.org.pl\/index.php?rest_route=\/wp\/v2\/pages\/12453","targetHints":{"allow":["GET"]}}],"collection":[{"href":"https:\/\/topol.org.pl\/index.php?rest_route=\/wp\/v2\/pages"}],"about":[{"href":"https:\/\/topol.org.pl\/index.php?rest_route=\/wp\/v2\/types\/page"}],"author":[{"embeddable":true,"href":"https:\/\/topol.org.pl\/index.php?rest_route=\/wp\/v2\/users\/1"}],"replies":[{"embeddable":true,"href":"https:\/\/topol.org.pl\/index.php?rest_route=%2Fwp%2Fv2%2Fcomments&post=12453"}],"version-history":[{"count":2,"href":"https:\/\/topol.org.pl\/index.php?rest_route=\/wp\/v2\/pages\/12453\/revisions"}],"predecessor-version":[{"id":12455,"href":"https:\/\/topol.org.pl\/index.php?rest_route=\/wp\/v2\/pages\/12453\/revisions\/12455"}],"up":[{"embeddable":true,"href":"https:\/\/topol.org.pl\/index.php?rest_route=\/wp\/v2\/pages\/9055"}],"wp:attachment":[{"href":"https:\/\/topol.org.pl\/index.php?rest_route=%2Fwp%2Fv2%2Fmedia&parent=12453"}],"curies":[{"name":"wp","href":"https:\/\/api.w.org\/{rel}","templated":true}]}}