{"id":12456,"date":"2025-05-25T10:57:26","date_gmt":"2025-05-25T08:57:26","guid":{"rendered":"https:\/\/topol.org.pl\/?page_id=12456"},"modified":"2025-05-25T11:57:26","modified_gmt":"2025-05-25T09:57:26","slug":"na-piwo-z-rafalem-trzaskowskim-odparl-ze-zdecydowanie-nie","status":"publish","type":"page","link":"https:\/\/topol.org.pl\/?page_id=12456","title":{"rendered":"&#8222;&#8221;na\u00a0piwo z\u00a0Rafa\u0142em Trzaskowskim odpar\u0142, \u017ce\u00a0&#8222;zdecydowanie nie&#8221;&#8221;"},"content":{"rendered":"\n<p>25.05.2025 10.48 <a href=\"https:\/\/dorzeczy.pl\/opinie\/731313\/sikorski-i-trzaskowski-poszli-z-mentzenem-na-piwo-oto-reakcja-bosaka.html\">na&nbsp;piwo z&nbsp;Rafa\u0142em Trzaskowskim odpar\u0142, \u017ce&nbsp;&#8222;zdecydowanie nie&#8221;<\/a> \u0179r\u00f3d\u0142o:&nbsp;X&nbsp;\/&nbsp;Kana\u0142 Zero\/DoRzeczy.pl<\/p>\n\n\n\n<p><strong>Nie popieram prywatyzacji S\u0142u\u017cby Zdrowia, NFZ, firm pa\u0144stwowych i zwolnienia z podatku do 60 tys. z\u0142otych. W ko\u0144cu ci co zarabiaj\u0105 du\u017co, mieliby jeszcze wi\u0119cej. Emeryci i renci\u015bci umieraliby przed prywatnymi gabinetami, czekaj\u0105c w kolejce na eutanazj\u0119 za <a href=\"https:\/\/topol.org.pl\/?page_id=11552\">aborcjonistkami<\/a>. Pan Rafa\u0142 i S\u0142awomir nie traktuj\u0105 powa\u017cnie polityki. Wydaje si\u0119 \u017ce &#8222;nie doro\u015bli&#8221;. <strong>Jestem za badaniami na trze\u017awo\u015b\u0107 tych pan\u00f3w.<\/strong> Traktuj\u0105 nas jak ch\u0142op\u00f3w pa\u0144szczy\u017anianych, jeden raczy alkoholem drugi legalizuje. W Konfederacji popieram Pana Grzegorza. Jego <a href=\"https:\/\/www.google.com\/search?q=heroiczne&amp;rlz=1C1GCEU_plPL1161PL1161&amp;oq=heroiczne&amp;gs_lcrp=EgZjaHJvbWUyBggAEEUYOdIBCTIyMThqMGoxNagCCLACAQ&amp;sourceid=chrome&amp;ie=UTF-8\">heroiczne<\/a>, powsta\u0144cze akcje.<\/strong> <strong>Dlatego trzeba Go broni\u0107 przed <a href=\"https:\/\/topol.org.pl\/?page_id=5636\">pe\u0142zaj\u0105cym re\u017cimem<\/a>.<\/strong><\/p>\n\n\n\n<p>Verte &gt;<a href=\"https:\/\/topol.org.pl\/?page_id=6187\">Fundacja Narodowe Si\u0142y Samoobrony \u201eGrot\u201d<\/a><\/p>\n\n\n\n<p><\/p>\n","protected":false},"excerpt":{"rendered":"<p>25.05.2025 10.48 na&nbsp;piwo z&nbsp;Rafa\u0142em Trzaskowskim odpar\u0142, \u017ce&nbsp;&#8222;zdecydowanie nie&#8221; \u0179r\u00f3d\u0142o:&nbsp;X&nbsp;\/&nbsp;Kana\u0142 Zero\/DoRzeczy.pl Nie popieram prywatyzacji S\u0142u\u017cby Zdrowia, NFZ, firm pa\u0144stwowych i zwolnienia z podatku do 60 tys. z\u0142otych. W ko\u0144cu ci co zarabiaj\u0105 du\u017co, mieliby jeszcze wi\u0119cej. Emeryci i renci\u015bci umieraliby przed prywatnymi gabinetami, czekaj\u0105c w kolejce na eutanazj\u0119 za aborcjonistkami. Pan Rafa\u0142 i S\u0142awomir nie traktuj\u0105 [&hellip;]<\/p>\n","protected":false},"author":1,"featured_media":0,"parent":11820,"menu_order":2,"comment_status":"closed","ping_status":"closed","template":"","meta":{"footnotes":""},"class_list":["post-12456","page","type-page","status-publish","hentry"],"_links":{"self":[{"href":"https:\/\/topol.org.pl\/index.php?rest_route=\/wp\/v2\/pages\/12456","targetHints":{"allow":["GET"]}}],"collection":[{"href":"https:\/\/topol.org.pl\/index.php?rest_route=\/wp\/v2\/pages"}],"about":[{"href":"https:\/\/topol.org.pl\/index.php?rest_route=\/wp\/v2\/types\/page"}],"author":[{"embeddable":true,"href":"https:\/\/topol.org.pl\/index.php?rest_route=\/wp\/v2\/users\/1"}],"replies":[{"embeddable":true,"href":"https:\/\/topol.org.pl\/index.php?rest_route=%2Fwp%2Fv2%2Fcomments&post=12456"}],"version-history":[{"count":13,"href":"https:\/\/topol.org.pl\/index.php?rest_route=\/wp\/v2\/pages\/12456\/revisions"}],"predecessor-version":[{"id":12486,"href":"https:\/\/topol.org.pl\/index.php?rest_route=\/wp\/v2\/pages\/12456\/revisions\/12486"}],"up":[{"embeddable":true,"href":"https:\/\/topol.org.pl\/index.php?rest_route=\/wp\/v2\/pages\/11820"}],"wp:attachment":[{"href":"https:\/\/topol.org.pl\/index.php?rest_route=%2Fwp%2Fv2%2Fmedia&parent=12456"}],"curies":[{"name":"wp","href":"https:\/\/api.w.org\/{rel}","templated":true}]}}