{"id":12500,"date":"2025-05-27T17:24:34","date_gmt":"2025-05-27T15:24:34","guid":{"rendered":"https:\/\/topol.org.pl\/?page_id=12500"},"modified":"2025-08-23T14:15:50","modified_gmt":"2025-08-23T12:15:50","slug":"przeglad-od-ai","status":"publish","type":"page","link":"https:\/\/topol.org.pl\/?page_id=12500","title":{"rendered":"Przegl\u0105d od AI"},"content":{"rendered":"\n<p>Firmy uwzgl\u0119dnione w najnowszej edycji Listy 500 \u201eRzeczpospolitej\u201d wypracowa\u0142y w 2024 r. w sumie ponad 2,6 bln z\u0142 przychod\u00f3w ze sprzeda\u017cy. Ich \u0142\u0105czny wynik operacyjny si\u0119gn\u0105\u0142 134 mld z\u0142, a wynik netto 93,7 mld z\u0142. Zatrudnia\u0142y ponad 1,6 mln os\u00f3b. \u0179r\u00f3d\u0142o: <a href=\"https:\/\/www.rp.pl\/gielda\/art42369141-gieldowe-spolki-sa-filarem-polskiej-gospodarki\">rp.pl<\/a><\/p>\n\n\n\n<p><a href=\"https:\/\/www.google.com\/search?q=pkb+w+2024&amp;rlz=1C1GCEU_plPL1161PL1161&amp;oq=pkb+w+2024&amp;gs_lcrp=EgZjaHJvbWUyBggAEEUYOdIBCTg0NjZqMGoxNagCCLACAQ&amp;sourceid=chrome&amp;ie=UTF-8\">Warto\u015b\u0107 PKB Polski w 2024 roku wynios\u0142a&nbsp;<mark>3 641,2 miliarda z\u0142otych<\/mark><\/a><\/p>\n\n\n\n<p><a href=\"https:\/\/www.google.com\/search?q=pkb+500+firm+najwi%C4%99kszych+w+2024&amp;sca_esv=7e90f080ec9a8cdb&amp;rlz=1C1GCEU_plPL1161PL1161&amp;sxsrf=AE3TifPLxEKreJnm6_lDVJAzBRsXyfYl0A%3A1748354706125&amp;ei=ksY1aPi5B5anwPAPl-CBwAc&amp;ved=0ahUKEwj4yszp6MONAxWWExAIHRdwAHgQ4dUDCBA&amp;uact=5&amp;oq=pkb+500+firm+najwi%C4%99kszych+w+2024&amp;gs_lp=Egxnd3Mtd2l6LXNlcnAiIXBrYiA1MDAgZmlybSBuYWp3acSZa3N6eWNoIHcgMjAyNDIIECEYoAEYwwRIh-QBUOkIWKKtAXAHeAGQAQCYAZABoAHgGqoBBDIuMja4AQPIAQD4AQGYAiOgAtkbwgIKEAAYsAMY1gQYR8ICChAAGIAEGEMYigXCAgUQABiABMICBhAAGAcYHsICBxAAGIAEGA3CAgoQIRigARjDBBgKwgIIEAAYgAQYogTCAgUQABjvBZgDAIgGAZAGCJIHBDcuMjigB4pssgcEMC4yOLgHuhs&amp;sclient=gws-wiz-serp\">Oto kilka kluczowych fakt\u00f3w dotycz\u0105cych &#8222;Listy 500&#8221;<\/a><\/p>\n\n\n\n<p><a href=\"https:\/\/www.google.com\/search?q=wynik+operacyjny&amp;sca_esv=7e90f080ec9a8cdb&amp;rlz=1C1GCEU_plPL1161PL1161&amp;sxsrf=AE3TifPLxEKreJnm6_lDVJAzBRsXyfYl0A%3A1748354706125&amp;ei=ksY1aPi5B5anwPAPl-CBwAc&amp;ved=0ahUKEwj4yszp6MONAxWWExAIHRdwAHgQ4dUDCBA&amp;uact=5&amp;oq=wynik+operacyjny&amp;gs_lp=Egxnd3Mtd2l6LXNlcnAiEHd5bmlrIG9wZXJhY3lqbnkyBRAAGIAEMgUQABiABDIFEAAYgAQyBhAAGBYYHjIGEAAYFhgeMgYQABgWGB4yBhAAGBYYHjIGEAAYFhgeMgYQABgWGB4yBhAAGBYYHki_CFAAWABwAHgBkAEAmAGMAaABjAGqAQMwLjG4AQPIAQD4AQL4AQGYAgGgApQBmAMAkgcDMC4xoAfBBbIHAzAuMbgHlAE&amp;sclient=gws-wiz-serp\">Wynik operacyjny (lub zysk operacyjny) to<\/a>&nbsp;<mark>miara zyskowno\u015bci przedsi\u0119biorstwa z podstawowej dzia\u0142alno\u015bci<\/mark> <a href=\"https:\/\/pl.wikipedia.org\/wiki\/EBIT\">EBIT<\/a> \u0179r\u00f3d\u0142o: Wikipedia<\/p>\n\n\n\n<p><a href=\"https:\/\/www.google.com\/search?q=Ile+ludzi+pracuje+w+Polsce+w+2024%3F&amp;sca_esv=7e90f080ec9a8cdb&amp;rlz=1C1GCEU_plPL1161PL1161&amp;sxsrf=AE3TifPoBXHIscYkJTwQ-GVoTXE8q1x0ng%3A1748355382592&amp;ei=Nsk1aO_0I9-M7NYP44-I8QQ&amp;ved=0ahUKEwjv55Ss68ONAxVfBtsEHeMHIk4Q4dUDCBA&amp;uact=5&amp;oq=Ile+ludzi+pracuje+w+Polsce+w+2024%3F&amp;gs_lp=Egxnd3Mtd2l6LXNlcnAiIklsZSBsdWR6aSBwcmFjdWplIHcgUG9sc2NlIHcgMjAyND8yBhAAGBYYHjIGEAAYFhgeMgYQABgWGB4yBhAAGBYYHjIGEAAYFhgeMgYQABgWGB4yBhAAGBYYHjIGEAAYFhgeMgYQABgWGB4yCBAAGIAEGKIESOMLUABYAHAAeACQAQCYAXugAXuqAQMwLjG4AQPIAQD4AQL4AQGYAgGgAoQBmAMAkgcDMC4xoAfpBrIHAzAuMbgHhAE&amp;sclient=gws-wiz-serp\">Ile ludzi pracuje w Polsce w 2024?<\/a><\/p>\n\n\n\n<p>W styczniu 2024 roku w mikroprzedsi\u0119biorstwach (5 i mniej pracownik\u00f3w) pracowa\u0142o ponad 4 miliony os\u00f3b, co stanowi\u0142o 26,6% wszystkich pracuj\u0105cych w Polsce.&nbsp;W ma\u0142ych firmach (10-49 pracownik\u00f3w) zatrudnienie wynosi\u0142o&nbsp;<mark>ponad 2,6 miliona os\u00f3b<\/mark>.&nbsp;W sektorze M\u015aP (ma\u0142e i \u015brednie przedsi\u0119biorstwa) pracuje w sumie 6,9 mln os\u00f3b.&nbsp;<\/p>\n\n\n\n<p>Szczeg\u00f3\u0142owe dane:<\/p>\n\n\n\n<ul class=\"wp-block-list\">\n<li><strong>Mikrofirmy (do 5 pracownik\u00f3w):<\/strong>&nbsp;Oko\u0142o 4,004,9 tys.&nbsp;os\u00f3b.<\/li>\n\n\n\n<li><strong><strong>Mikrofirmy<\/strong> (10-49 pracownik\u00f3w):<\/strong>&nbsp;Ponad 2,6 mln os\u00f3b.<\/li>\n\n\n\n<li><strong>Sektor M\u015aP (ma\u0142e i \u015brednie przedsi\u0119biorstwa):<\/strong>&nbsp;6,9 mln os\u00f3b.<\/li>\n\n\n\n<li>Firmy uwzgl\u0119dnione w najnowszej edycji Listy 500 \u201eRzeczpospolitej\u201d 1,6 mln os\u00f3b.<\/li>\n\n\n\n<li><strong>Og\u00f3\u0142 pracuj\u0105cych w gospodarce narodowej:<\/strong>&nbsp;15,064.8 tys.<\/li>\n<\/ul>\n\n\n\n<p><a href=\"https:\/\/www.google.com\/search?q=sektorze+publicznym+to&amp;sca_esv=7e90f080ec9a8cdb&amp;rlz=1C1GCEU_plPL1161PL1161&amp;sxsrf=AE3TifPgzL8UvlXvoznxeLdgannb2i6_0A%3A1748356043641&amp;ei=y8s1aK_1JuaIxc8PxKaO-Ac&amp;ved=0ahUKEwjvhrDn7cONAxVmRPEDHUSTA38Q4dUDCBA&amp;uact=5&amp;oq=sektorze+publicznym+to&amp;gs_lp=Egxnd3Mtd2l6LXNlcnAiFnNla3RvcnplIHB1YmxpY3pueW0gdG8yBRAhGKABSLMZUABY-RRwAHgBkAEAmAGWAaAB-wOqAQMwLjS4AQPIAQD4AQL4AQGYAgSgApEEwgIFEAAYgATCAgYQABgWGB7CAgQQIRgVmAMAkgcDMC40oAfDFbIHAzAuNLgHkQQ&amp;sclient=gws-wiz-serp\">W 2024 roku w bud\u017cet\u00f3wce (sektorze publicznym)<\/a> w Polsce pracowa\u0142o oko\u0142o&nbsp;<mark>3,5 miliona<\/mark>&nbsp;os\u00f3b.&nbsp;Stanowi\u0142o to oko\u0142o 21,6% wszystkich pracuj\u0105cych.&nbsp;<\/p>\n\n\n\n<p>6% wszystkich pracuj\u0105cych w Polsce pracowa\u0142o w rolnictwie, co stanowi\u0142o 1 058 tys.&nbsp;os\u00f3b.&nbsp;<\/p>\n\n\n\n<p>W drugim kwartale&nbsp;<em>2024<\/em>&nbsp;r. populacja os\u00f3b biernych zawodowo w wieku 15-89 lat wynios\u0142a 12 mln 667 tys. i by\u0142a wy\u017csza w odniesieniu do pierwszego<\/p>\n\n\n\n<p>Analiza &#8222;Grot&#8221;<\/p>\n\n\n\n<p><a href=\"https:\/\/www.google.com\/search?q=pkb+w+2024&amp;rlz=1C1GCEU_plPL1161PL1161&amp;oq=pkb+w+2024&amp;gs_lcrp=EgZjaHJvbWUyBggAEEUYOdIBCTg0NjZqMGoxNagCCLACAQ&amp;sourceid=chrome&amp;ie=UTF-8\">Warto\u015b\u0107 PKB Polski w 2024 roku wynios\u0142a&nbsp;<mark>3 641,2 miliarda z\u0142otych<\/mark><\/a><\/p>\n\n\n\n<p>Listy 500 \u201eRzeczpospolitej\u201d 1,6 mln os\u00f3b. to 2,6 bln z\u0142 przychod\u00f3w ze sprzeda\u017cy.<\/p>\n\n\n\n<p><strong>Firmy z Listy 500 \u201eRzeczpospolitej\u201d to 73 % PKB Polski wynik netto 93,7 mld.<\/strong><\/p>\n\n\n\n<p>W 2024 roku dochody bud\u017cetu pa\u0144stwa wynios\u0142y oko\u0142o&nbsp;<mark>623,4 mld z\u0142<\/mark><\/p>\n\n\n\n<p>Dochody z podatku VAT wynios\u0142y&nbsp;<strong>272 mld z\u0142<\/strong><\/p>\n\n\n\n<p>Wp\u0142ywy z akcyzy do bud\u017cetu pa\u0144stwa w 2024 roku szacunkowo wynios\u0142y&nbsp;<mark><strong>90<\/strong> mld z\u0142<\/mark><\/p>\n\n\n\n<p><a href=\"https:\/\/www.google.com\/search?q=dochody+z+podatku+CIT+wynios%C5%82y%C2%A060%2C2+mld+z%C5%82&amp;sca_esv=a983052df2b98a8d&amp;rlz=1C1GCEU_plPL1161PL1161&amp;sxsrf=AE3TifO86MA1OhR-6ZTa5GPgd9ETLC1wWA%3A1748365074162&amp;ei=Eu81aK3PCfuRxc8P_cqPuA0&amp;ved=0ahUKEwitoLu5j8SNAxX7SPEDHX3lA9cQ4dUDCBA&amp;uact=5&amp;oq=dochody+z+podatku+CIT+wynios%C5%82y%C2%A060%2C2+mld+z%C5%82&amp;gs_lp=Egxnd3Mtd2l6LXNlcnAiLWRvY2hvZHkgeiBwb2RhdGt1IENJVCB3eW5pb3PFgnnCoDYwLDIgbWxkIHrFgjIFEAAY7wUyBRAAGO8FMggQABiABBiiBDIIEAAYogQYiQUyBRAAGO8FSMYIUABYAHAAeAGQAQCYAasBoAGrAaoBAzAuMbgBA8gBAPgBAvgBAZgCAaACswGYAwCSBwMwLjGgB9sDsgcDMC4xuAezAQ&amp;sclient=gws-wiz-serp\">dochody z podatku CIT wynios\u0142y&nbsp;<strong>60,2 mld z\u0142<\/strong><\/a><\/p>\n\n\n\n<p><a href=\"https:\/\/www.google.com\/search?rlz=1C1GCEU_plPL1161PL1161&amp;q=dochody+bud%C5%BCetu+pa%C5%84stwa+z+podatku+pit&amp;pf=srp&amp;ei=2u41aLaeBM2mwPAPtazmgQM&amp;sclient=gws-wiz-serp&amp;sec_act=d\">dochody z podatku PIT wynios\u0142y 97,6 mld z\u0142<\/a><\/p>\n\n\n\n<p>623,4-(272+90)=261,4<\/p>\n\n\n\n<p>W 2024 roku dochody bud\u017cetu pa\u0144stwa z PIT i CIT 261,4 <strong>mld z\u0142<\/strong> minus <strong>Firmy z Listy 500 \u201eRzeczpospolitej\u201d to 73 % PKB Polski wynik netto 93,7 mld.<\/strong> od 1,6 miliona zatrudnionych<\/p>\n\n\n\n<p>261,4 <strong>mld<\/strong>&#8211;<strong>93,7 mld<\/strong>=167,7 <strong>mld<\/strong><\/p>\n\n\n\n<p><strong>Mikrofirmy<\/strong>+<strong>Mikrofirmy<\/strong>+<strong>Sektor M\u015aP<\/strong>=<strong>wynik netto<\/strong> 167,7 <strong>mld<\/strong> od 13,5 miliona zatrudnionych<\/p>\n\n\n\n<p>Emerytury i renty, wydatki na te \u015bwiadczenia z ZUS wynios\u0142y 319,5 mld z\u0142.<\/p>\n\n\n\n<p><strong>Jaki wniosek<\/strong> <strong>?<\/strong><\/p>\n\n\n\n<p><strong>Firmy uwzgl\u0119dnione w najnowszej edycji Listy 500 \u201eRzeczpospolitej\u201d to \u201ebizantyjski\u201d \u201echarakteryzuj\u0105cy si\u0119 wielkim przepychem\u201d gie\u0142dowy tw\u00f3r interesariuszy. Kt\u00f3ry wbrew pozorom tylko \u017ceruje. Wi\u0119kszo\u015b\u0107 podatk\u00f3w pochodzi od Mikrofirm(do 5 pracownik\u00f3w)+Mikrofirm(10-49 pracownik\u00f3w)+Sektora M\u015aP.<\/strong> <strong>Prawdopodobnie ta grupa w swojej 8 kilkakrotnej wi\u0119kszo\u015bci finansuje ZUS i jego wydatki na \u015bwiadczenia.<\/strong><\/p>\n\n\n\n<p>cdn&#8230;<\/p>\n\n\n\n<p>Verte &gt;<a href=\"https:\/\/topol.org.pl\/?page_id=6187\">Fundacja Narodowe Si\u0142y Samoobrony \u201eGrot\u201d<\/a><\/p>\n\n\n\n<p><\/p>\n","protected":false},"excerpt":{"rendered":"<p>Firmy uwzgl\u0119dnione w najnowszej edycji Listy 500 \u201eRzeczpospolitej\u201d wypracowa\u0142y w 2024 r. w sumie ponad 2,6 bln z\u0142 przychod\u00f3w ze sprzeda\u017cy. Ich \u0142\u0105czny wynik operacyjny si\u0119gn\u0105\u0142 134 mld z\u0142, a wynik netto 93,7 mld z\u0142. Zatrudnia\u0142y ponad 1,6 mln os\u00f3b. \u0179r\u00f3d\u0142o: rp.pl Warto\u015b\u0107 PKB Polski w 2024 roku wynios\u0142a&nbsp;3 641,2 miliarda z\u0142otych Oto kilka kluczowych [&hellip;]<\/p>\n","protected":false},"author":1,"featured_media":0,"parent":12360,"menu_order":1,"comment_status":"closed","ping_status":"closed","template":"","meta":{"footnotes":""},"class_list":["post-12500","page","type-page","status-publish","hentry"],"_links":{"self":[{"href":"https:\/\/topol.org.pl\/index.php?rest_route=\/wp\/v2\/pages\/12500","targetHints":{"allow":["GET"]}}],"collection":[{"href":"https:\/\/topol.org.pl\/index.php?rest_route=\/wp\/v2\/pages"}],"about":[{"href":"https:\/\/topol.org.pl\/index.php?rest_route=\/wp\/v2\/types\/page"}],"author":[{"embeddable":true,"href":"https:\/\/topol.org.pl\/index.php?rest_route=\/wp\/v2\/users\/1"}],"replies":[{"embeddable":true,"href":"https:\/\/topol.org.pl\/index.php?rest_route=%2Fwp%2Fv2%2Fcomments&post=12500"}],"version-history":[{"count":11,"href":"https:\/\/topol.org.pl\/index.php?rest_route=\/wp\/v2\/pages\/12500\/revisions"}],"predecessor-version":[{"id":12513,"href":"https:\/\/topol.org.pl\/index.php?rest_route=\/wp\/v2\/pages\/12500\/revisions\/12513"}],"up":[{"embeddable":true,"href":"https:\/\/topol.org.pl\/index.php?rest_route=\/wp\/v2\/pages\/12360"}],"wp:attachment":[{"href":"https:\/\/topol.org.pl\/index.php?rest_route=%2Fwp%2Fv2%2Fmedia&parent=12500"}],"curies":[{"name":"wp","href":"https:\/\/api.w.org\/{rel}","templated":true}]}}