{"id":12518,"date":"2025-05-29T07:27:50","date_gmt":"2025-05-29T05:27:50","guid":{"rendered":"https:\/\/topol.org.pl\/?page_id=12518"},"modified":"2026-01-14T15:41:35","modified_gmt":"2026-01-14T14:41:35","slug":"narodowe-sily-samoobrony","status":"publish","type":"page","link":"https:\/\/topol.org.pl\/?page_id=12518","title":{"rendered":"Narodowe Si\u0142y Samoobrony\u2026"},"content":{"rendered":"\n<p>29.05.2025 07.27<\/p>\n\n\n\n<p>Najlepiej rapuje <a href=\"https:\/\/www.youtube.com\/watch?v=Za0sAjakhog\">Grzegorz Braun<\/a> i Adrian Zandberg.<\/p>\n\n\n\n<p>30.05.2025 06.02 <strong>Wybory Prezydenta i moje g\u0142osowanie, maj\u0105 tylko sens&#8230; Je\u015bli jasno powie, \u017ce przeciwstawi si\u0119 wci\u0105ganiu nas do jakiejkolwiek wojny.  Czy na Ukrainie czy na Bliskim Wschodzie. Ci\u0105gle jeste\u015bmy manipulowani. Prezydent powinien zadeklarowa\u0107, \u017ce nie ulegnie OBCYM ZAGRANICZNYM wp\u0142ywom. Niemieckim, francuskim, \u017cydowskim, ukrai\u0144skim, ameryka\u0144skim, rosyjskim &#8230;Nie ulegnie te\u017c wp\u0142ywom PIS i PO.<\/strong> <strong>Odrzuci roszczenia 447(TO WYSTARCZY).<\/strong><\/p>\n\n\n\n<p>Verte &gt;<a href=\"https:\/\/topol.org.pl\/?page_id=6187\">Fundacja Narodowe Si\u0142y Samoobrony \u201eGrot\u201d<\/a><\/p>\n\n\n\n<p><\/p>\n","protected":false},"excerpt":{"rendered":"<p>29.05.2025 07.27 Najlepiej rapuje Grzegorz Braun i Adrian Zandberg. 30.05.2025 06.02 Wybory Prezydenta i moje g\u0142osowanie, maj\u0105 tylko sens&#8230; Je\u015bli jasno powie, \u017ce przeciwstawi si\u0119 wci\u0105ganiu nas do jakiejkolwiek wojny. Czy na Ukrainie czy na Bliskim Wschodzie. Ci\u0105gle jeste\u015bmy manipulowani. Prezydent powinien zadeklarowa\u0107, \u017ce nie ulegnie OBCYM ZAGRANICZNYM wp\u0142ywom. Niemieckim, francuskim, \u017cydowskim, ukrai\u0144skim, ameryka\u0144skim, rosyjskim [&hellip;]<\/p>\n","protected":false},"author":1,"featured_media":0,"parent":6602,"menu_order":0,"comment_status":"closed","ping_status":"closed","template":"","meta":{"footnotes":""},"class_list":["post-12518","page","type-page","status-publish","hentry"],"_links":{"self":[{"href":"https:\/\/topol.org.pl\/index.php?rest_route=\/wp\/v2\/pages\/12518","targetHints":{"allow":["GET"]}}],"collection":[{"href":"https:\/\/topol.org.pl\/index.php?rest_route=\/wp\/v2\/pages"}],"about":[{"href":"https:\/\/topol.org.pl\/index.php?rest_route=\/wp\/v2\/types\/page"}],"author":[{"embeddable":true,"href":"https:\/\/topol.org.pl\/index.php?rest_route=\/wp\/v2\/users\/1"}],"replies":[{"embeddable":true,"href":"https:\/\/topol.org.pl\/index.php?rest_route=%2Fwp%2Fv2%2Fcomments&post=12518"}],"version-history":[{"count":10,"href":"https:\/\/topol.org.pl\/index.php?rest_route=\/wp\/v2\/pages\/12518\/revisions"}],"predecessor-version":[{"id":14086,"href":"https:\/\/topol.org.pl\/index.php?rest_route=\/wp\/v2\/pages\/12518\/revisions\/14086"}],"up":[{"embeddable":true,"href":"https:\/\/topol.org.pl\/index.php?rest_route=\/wp\/v2\/pages\/6602"}],"wp:attachment":[{"href":"https:\/\/topol.org.pl\/index.php?rest_route=%2Fwp%2Fv2%2Fmedia&parent=12518"}],"curies":[{"name":"wp","href":"https:\/\/api.w.org\/{rel}","templated":true}]}}