{"id":12543,"date":"2025-05-31T16:25:14","date_gmt":"2025-05-31T14:25:14","guid":{"rendered":"https:\/\/topol.org.pl\/?page_id=12543"},"modified":"2026-01-08T20:54:56","modified_gmt":"2026-01-08T19:54:56","slug":"aktor-i-rezyser","status":"publish","type":"page","link":"https:\/\/topol.org.pl\/?page_id=12543","title":{"rendered":"Ulubiony aktor i re\u017cyser."},"content":{"rendered":"\n<p>31.05.2025 16.17 <strong>Clint Eastwood urodzi\u0142 si\u0119 31 maja 1930 roku w San Francisco. Jak \u0142atwo policzy\u0107, sko\u0144czy\u0142 w\u0142a\u015bnie 95 lat.<\/strong> \u0179r\u00f3d\u0142o: wp.pl<\/p>\n\n\n\n<p><a href=\"https:\/\/www.instagram.com\/clinteastwoodfans01\/\">Clint Eastwood (urodzony 31 maja 1930) jest Amerykaninem, aktorem, filmowcem, muzykiem i politykiem.<\/a>&nbsp;<\/p>\n\n\n\n<p>Verte &gt;<a href=\"https:\/\/topol.org.pl\/?page_id=6187\">Fundacja Narodowe Si\u0142y Samoobrony \u201eGrot\u201d<\/a><\/p>\n\n\n\n<p><\/p>\n","protected":false},"excerpt":{"rendered":"<p>31.05.2025 16.17 Clint Eastwood urodzi\u0142 si\u0119 31 maja 1930 roku w San Francisco. Jak \u0142atwo policzy\u0107, sko\u0144czy\u0142 w\u0142a\u015bnie 95 lat. \u0179r\u00f3d\u0142o: wp.pl Clint Eastwood (urodzony 31 maja 1930) jest Amerykaninem, aktorem, filmowcem, muzykiem i politykiem.&nbsp; Verte &gt;Fundacja Narodowe Si\u0142y Samoobrony \u201eGrot\u201d<\/p>\n","protected":false},"author":1,"featured_media":0,"parent":11389,"menu_order":9,"comment_status":"closed","ping_status":"closed","template":"","meta":{"footnotes":""},"class_list":["post-12543","page","type-page","status-publish","hentry"],"_links":{"self":[{"href":"https:\/\/topol.org.pl\/index.php?rest_route=\/wp\/v2\/pages\/12543","targetHints":{"allow":["GET"]}}],"collection":[{"href":"https:\/\/topol.org.pl\/index.php?rest_route=\/wp\/v2\/pages"}],"about":[{"href":"https:\/\/topol.org.pl\/index.php?rest_route=\/wp\/v2\/types\/page"}],"author":[{"embeddable":true,"href":"https:\/\/topol.org.pl\/index.php?rest_route=\/wp\/v2\/users\/1"}],"replies":[{"embeddable":true,"href":"https:\/\/topol.org.pl\/index.php?rest_route=%2Fwp%2Fv2%2Fcomments&post=12543"}],"version-history":[{"count":4,"href":"https:\/\/topol.org.pl\/index.php?rest_route=\/wp\/v2\/pages\/12543\/revisions"}],"predecessor-version":[{"id":14031,"href":"https:\/\/topol.org.pl\/index.php?rest_route=\/wp\/v2\/pages\/12543\/revisions\/14031"}],"up":[{"embeddable":true,"href":"https:\/\/topol.org.pl\/index.php?rest_route=\/wp\/v2\/pages\/11389"}],"wp:attachment":[{"href":"https:\/\/topol.org.pl\/index.php?rest_route=%2Fwp%2Fv2%2Fmedia&parent=12543"}],"curies":[{"name":"wp","href":"https:\/\/api.w.org\/{rel}","templated":true}]}}