{"id":12547,"date":"2025-05-31T16:38:25","date_gmt":"2025-05-31T14:38:25","guid":{"rendered":"https:\/\/topol.org.pl\/?page_id=12547"},"modified":"2026-01-08T20:58:36","modified_gmt":"2026-01-08T19:58:36","slug":"nastepna-pandemia-itd","status":"publish","type":"page","link":"https:\/\/topol.org.pl\/?page_id=12547","title":{"rendered":"nast\u0119pna pandemia itd&#8230;"},"content":{"rendered":"\n<p>31.05.2025 16.42 Dlaczego masowo pada byd\u0142o na Bia\u0142orusi? \u0179r\u00f3d\u0142o: rp.pl<\/p>\n\n\n\n<p><a href=\"https:\/\/topol.org.pl\/?page_id=6187\">Verte &gt;<\/a><a href=\"https:\/\/topol.org.pl\/?page_id=6187\">Fundacja Narodowe Si\u0142y Samoobrony \u201eGrot\u201d<\/a><\/p>\n\n\n\n<p><\/p>\n","protected":false},"excerpt":{"rendered":"<p>31.05.2025 16.42 Dlaczego masowo pada byd\u0142o na Bia\u0142orusi? \u0179r\u00f3d\u0142o: rp.pl Verte &gt;Fundacja Narodowe Si\u0142y Samoobrony \u201eGrot\u201d<\/p>\n","protected":false},"author":1,"featured_media":0,"parent":11389,"menu_order":10,"comment_status":"closed","ping_status":"closed","template":"","meta":{"footnotes":""},"class_list":["post-12547","page","type-page","status-publish","hentry"],"_links":{"self":[{"href":"https:\/\/topol.org.pl\/index.php?rest_route=\/wp\/v2\/pages\/12547","targetHints":{"allow":["GET"]}}],"collection":[{"href":"https:\/\/topol.org.pl\/index.php?rest_route=\/wp\/v2\/pages"}],"about":[{"href":"https:\/\/topol.org.pl\/index.php?rest_route=\/wp\/v2\/types\/page"}],"author":[{"embeddable":true,"href":"https:\/\/topol.org.pl\/index.php?rest_route=\/wp\/v2\/users\/1"}],"replies":[{"embeddable":true,"href":"https:\/\/topol.org.pl\/index.php?rest_route=%2Fwp%2Fv2%2Fcomments&post=12547"}],"version-history":[{"count":4,"href":"https:\/\/topol.org.pl\/index.php?rest_route=\/wp\/v2\/pages\/12547\/revisions"}],"predecessor-version":[{"id":14034,"href":"https:\/\/topol.org.pl\/index.php?rest_route=\/wp\/v2\/pages\/12547\/revisions\/14034"}],"up":[{"embeddable":true,"href":"https:\/\/topol.org.pl\/index.php?rest_route=\/wp\/v2\/pages\/11389"}],"wp:attachment":[{"href":"https:\/\/topol.org.pl\/index.php?rest_route=%2Fwp%2Fv2%2Fmedia&parent=12547"}],"curies":[{"name":"wp","href":"https:\/\/api.w.org\/{rel}","templated":true}]}}