{"id":12580,"date":"2025-06-13T18:18:34","date_gmt":"2025-06-13T16:18:34","guid":{"rendered":"https:\/\/topol.org.pl\/?page_id=12580"},"modified":"2025-06-15T07:47:56","modified_gmt":"2025-06-15T05:47:56","slug":"black-grot","status":"publish","type":"page","link":"https:\/\/topol.org.pl\/?page_id=12580","title":{"rendered":"za\u0142o\u017c\u0119 sp\u00f3\u0142k\u0119"},"content":{"rendered":"\n<p>13.06.2025 18.18 <strong>Zauwa\u017cy\u0142em, \u017ce wszyscy sprzedaj\u0105 ksi\u0105\u017cki, jako wsparcie swojej dzia\u0142alno\u015bci patriotycznej. Czasami mam wra\u017cenie, \u017ce tylko o to chodzi. Ja naprawd\u0119 chc\u0119 co\u015b zmieni\u0107. Dochodz\u0119 do wniosku, \u017ce ludzie zrobi\u0105 wszystko &#8222;Dla pieni\u0119dzy&#8221;. Nawet pandemi\u0119, wojn\u0119 , rewolucj\u0119 , przewr\u00f3t, zorganizuj\u0105 destrukcj\u0119 wszystkiego, wszystko wywr\u00f3c\u0105 do g\u00f3ry nogami. R\u0119ce opadaj\u0105, g\u0142owa kipi. Dlatego &#8222;Dla pieni\u0119dzy&#8221; za\u0142o\u017c\u0119 sp\u00f3\u0142k\u0119. Za kilka miesi\u0119cy przechodz\u0119 na emerytur\u0119, dlatego \u017ceby wyj\u015b\u0107 na swoje zostan\u0119 interesariuszem.<\/strong><\/p>\n\n\n\n<p>Verte &gt;<a href=\"https:\/\/topol.org.pl\/?page_id=6187\">Fundacja Narodowe Si\u0142y Samoobrony \u201eGrot\u201d<\/a><\/p>\n","protected":false},"excerpt":{"rendered":"<p>13.06.2025 18.18 Zauwa\u017cy\u0142em, \u017ce wszyscy sprzedaj\u0105 ksi\u0105\u017cki, jako wsparcie swojej dzia\u0142alno\u015bci patriotycznej. Czasami mam wra\u017cenie, \u017ce tylko o to chodzi. Ja naprawd\u0119 chc\u0119 co\u015b zmieni\u0107. Dochodz\u0119 do wniosku, \u017ce ludzie zrobi\u0105 wszystko &#8222;Dla pieni\u0119dzy&#8221;. Nawet pandemi\u0119, wojn\u0119 , rewolucj\u0119 , przewr\u00f3t, zorganizuj\u0105 destrukcj\u0119 wszystkiego, wszystko wywr\u00f3c\u0105 do g\u00f3ry nogami. R\u0119ce opadaj\u0105, g\u0142owa kipi. Dlatego &#8222;Dla [&hellip;]<\/p>\n","protected":false},"author":1,"featured_media":0,"parent":0,"menu_order":296,"comment_status":"closed","ping_status":"closed","template":"","meta":{"footnotes":""},"class_list":["post-12580","page","type-page","status-publish","hentry"],"_links":{"self":[{"href":"https:\/\/topol.org.pl\/index.php?rest_route=\/wp\/v2\/pages\/12580","targetHints":{"allow":["GET"]}}],"collection":[{"href":"https:\/\/topol.org.pl\/index.php?rest_route=\/wp\/v2\/pages"}],"about":[{"href":"https:\/\/topol.org.pl\/index.php?rest_route=\/wp\/v2\/types\/page"}],"author":[{"embeddable":true,"href":"https:\/\/topol.org.pl\/index.php?rest_route=\/wp\/v2\/users\/1"}],"replies":[{"embeddable":true,"href":"https:\/\/topol.org.pl\/index.php?rest_route=%2Fwp%2Fv2%2Fcomments&post=12580"}],"version-history":[{"count":14,"href":"https:\/\/topol.org.pl\/index.php?rest_route=\/wp\/v2\/pages\/12580\/revisions"}],"predecessor-version":[{"id":13523,"href":"https:\/\/topol.org.pl\/index.php?rest_route=\/wp\/v2\/pages\/12580\/revisions\/13523"}],"wp:attachment":[{"href":"https:\/\/topol.org.pl\/index.php?rest_route=%2Fwp%2Fv2%2Fmedia&parent=12580"}],"curies":[{"name":"wp","href":"https:\/\/api.w.org\/{rel}","templated":true}]}}