{"id":12657,"date":"2025-06-23T12:30:03","date_gmt":"2025-06-23T10:30:03","guid":{"rendered":"https:\/\/topol.org.pl\/?page_id=12657"},"modified":"2026-01-09T11:02:10","modified_gmt":"2026-01-09T10:02:10","slug":"pytania-zachodnich-dziennikarzy","status":"publish","type":"page","link":"https:\/\/topol.org.pl\/?page_id=12657","title":{"rendered":"&#8222;pytania zachodnich dziennikarzy\u201d"},"content":{"rendered":"\n<p>23.06.2025 12.28 <a href=\"https:\/\/www.youtube.com\/watch?v=dmMDXjuXblg\">Obejrzyj film \u201ePutina wzburzy\u0142y pytania zachodnich dziennikarzy\u201d w YouTube<\/a> \u0179r\u00f3d\u0142o: <a href=\"https:\/\/www.youtube.com\/@ViacheslavZarutskii\">Viacheslav Zarutskii<\/a><\/p>\n\n\n\n<p>24.06.2025 06.37 <a href=\"https:\/\/www.rp.pl\/konflikty-zbrojne\/art42573231-nato-rozpoczyna-podwojny-wyscig-z-czasem\">&#8222;Najdalej za pi\u0119\u0107 lat Putin b\u0119dzie gotowy uderzy\u0107 w NATO i przetestowa\u0107 sp\u00f3jno\u015b\u0107 sojuszu&#8221;<\/a>. \u0179r\u00f3d\u0142o: rp.pl<\/p>\n\n\n\n<p><strong>Wys\u0142ucha\u0142em wywiadu zachodnich dziennikarzy z Prezydentem Rosji. Jest ma\u0142o prawdopodobne, \u017ce b\u0119dzie wojna z Rosj\u0105. To po prostu drenowanie bud\u017cetu 5 % na cele wojskowe. I os\u0142abianie narod\u00f3w na rzecz koncern\u00f3w globalnych. Ale jak zach\u00f3d b\u0119dzie bombardowa\u0142 suwerenne pa\u0144stwa i nie pozwala\u0142 na normaln\u0105 wymian\u0119 towarow\u0105, mo\u017ce doj\u015b\u0107 do przypadkowej zag\u0142ady spowodowanej brakiem alternatywy. My\u015bl\u0119, \u017ce Iran kupi bro\u0144 j\u0105drow\u0105 i technologi\u0119 produkcji broni j\u0105drowej od Rosji.<\/strong> <strong>Je\u015bli b\u0119dziemy rozwija\u0107 energi\u0119 j\u0105drow\u0105 i my\u015ble\u0107 o w\u0142asnej broni j\u0105drowej te\u017c nas zbombarduj\u0105. Przeczyta\u0142em w rp. pl. \u017ce <a href=\"https:\/\/www.rp.pl\/konflikty-zbrojne\/art42573231-nato-rozpoczyna-podwojny-wyscig-z-czasem\">&#8222;Na razie najlepsz\u0105 barier\u0105 przed Rosj\u0105 pozostaje jednak Ukraina&#8221;<\/a>. Dlatego nie mam z\u0142udze\u0144, \u017ce tak zwany zach\u00f3d po\u015bwi\u0119ci nas w imi\u0119 swoich interes\u00f3w. Bo\u017ce strze\u017c Polsk\u0119 przed przyjaci\u00f3\u0142mi z Zachodu.<\/strong> <strong>Z wrogami ze step\u00f3w za Kaukazem i Uralem poradzimy sobie sami.<\/strong> <strong>Na znak protestu nie jad\u0119 do pracy, ostatnio mia\u0142em jednego klienta przez ca\u0142y dzie\u0144. Gratulacje dla rz\u0105dz\u0105cych i korzystaj\u0105cych z <a href=\"https:\/\/pro.rp.pl\/zus\/art42573291-dlugi-w-zus-liczone-w-miliardach-zlotych\">bud\u017cetu bankowego<\/a>.<\/strong> &#8222;<strong>Pozdr\u00f3wcie globalist\u00f3w z <a href=\"https:\/\/www.google.com\/search?q=Bilderberg&amp;oq=Bilderberg&amp;gs_lcrp=EgZjaHJvbWUyBggAEEUYOTIGCAEQRRg8MgYIAhBFGEEyBggDEEUYQTIGCAQQRRhB0gEKMTIyODhqMGoxNagCALACAA&amp;sourceid=chrome&amp;ie=UTF-8\">Grupy Bilderberg<\/a> i <a href=\"https:\/\/www.google.com\/search?q=Davos&amp;sca_esv=417d38d31a7a82ae&amp;sxsrf=AE3TifPu7RyFgZjNYRa5QtaLtbrpU0P7LA%3A1750743249232&amp;ei=0ThaaPDvDYOH7NYPp6bD2QU&amp;ved=0ahUKEwiwnNrrqomOAxWDA9sEHSfTMFsQ4dUDCBA&amp;uact=5&amp;oq=Davos&amp;gs_lp=Egxnd3Mtd2l6LXNlcnAiBURhdm9zMhAQLhiABBjRAxhDGMcBGIoFMggQLhiABBixAzIFEC4YgAQyBRAAGIAEMgUQABiABDIFEAAYgAQyBRAuGIAEMgUQABiABDIFEAAYgAQyBRAAGIAEMh8QLhiABBjRAxhDGMcBGIoFGJcFGNwEGN4EGOAE2AEBSNgIUABYAHAAeACQAQCYAY0BoAGNAaoBAzAuMbgBA8gBAPgBAvgBAZgCAaACmgGYAwC6BgYIARABGBSSBwMwLjGgB9YNsgcDMC4xuAeaAcIHAzMtMcgHCg&amp;sclient=gws-wiz-serp\">Davos<\/a>&#8222;.<\/strong> <strong>Mo\u017ce pozwol\u0105 wam zgarn\u0105\u0107 okruchy.<\/strong> <a href=\"https:\/\/www.rp.pl\/rolnictwo\/art42557281-az-cwierc-miliarda-dla-rolnikow-za-wybicie-zwierzat-zbyt-latwe-pieniadze\">&#8222;Zbyt \u0142atwe pieni\u0105dze?&#8221;<\/a>. <strong><a href=\"https:\/\/drive.google.com\/file\/d\/1TchHD3LR3qmG3ZXj3nbRuSx04FKTAdsr\/view?usp=sharing\">Zwi\u0119kszy\u0142em stado do 14 kur.<\/a><\/strong><\/p>\n\n\n\n<figure class=\"wp-block-image size-large\"><a href=\"https:\/\/drive.google.com\/file\/d\/1TchHD3LR3qmG3ZXj3nbRuSx04FKTAdsr\/view?usp=sharing\"><img loading=\"lazy\" decoding=\"async\" width=\"1024\" height=\"568\" src=\"https:\/\/topol.org.pl\/wp-content\/uploads\/2025\/06\/Kury-z-mojej-hodowli-1024x568.jpg\" alt=\"\" class=\"wp-image-12673\" srcset=\"https:\/\/topol.org.pl\/wp-content\/uploads\/2025\/06\/Kury-z-mojej-hodowli-1024x568.jpg 1024w, https:\/\/topol.org.pl\/wp-content\/uploads\/2025\/06\/Kury-z-mojej-hodowli-300x166.jpg 300w, https:\/\/topol.org.pl\/wp-content\/uploads\/2025\/06\/Kury-z-mojej-hodowli-768x426.jpg 768w, https:\/\/topol.org.pl\/wp-content\/uploads\/2025\/06\/Kury-z-mojej-hodowli.jpg 1248w\" sizes=\"auto, (max-width: 1024px) 100vw, 1024px\" \/><\/a><\/figure>\n\n\n\n<p>Verte &gt;<a href=\"https:\/\/topol.org.pl\/?page_id=6187\">Fundacja Narodowe Si\u0142y Samoobrony \u201eGrot\u201d<\/a><\/p>\n\n\n\n<p><\/p>\n","protected":false},"excerpt":{"rendered":"<p>23.06.2025 12.28 Obejrzyj film \u201ePutina wzburzy\u0142y pytania zachodnich dziennikarzy\u201d w YouTube \u0179r\u00f3d\u0142o: Viacheslav Zarutskii 24.06.2025 06.37 &#8222;Najdalej za pi\u0119\u0107 lat Putin b\u0119dzie gotowy uderzy\u0107 w NATO i przetestowa\u0107 sp\u00f3jno\u015b\u0107 sojuszu&#8221;. \u0179r\u00f3d\u0142o: rp.pl Wys\u0142ucha\u0142em wywiadu zachodnich dziennikarzy z Prezydentem Rosji. Jest ma\u0142o prawdopodobne, \u017ce b\u0119dzie wojna z Rosj\u0105. To po prostu drenowanie bud\u017cetu 5 % na [&hellip;]<\/p>\n","protected":false},"author":1,"featured_media":0,"parent":9745,"menu_order":1,"comment_status":"closed","ping_status":"closed","template":"","meta":{"footnotes":""},"class_list":["post-12657","page","type-page","status-publish","hentry"],"_links":{"self":[{"href":"https:\/\/topol.org.pl\/index.php?rest_route=\/wp\/v2\/pages\/12657","targetHints":{"allow":["GET"]}}],"collection":[{"href":"https:\/\/topol.org.pl\/index.php?rest_route=\/wp\/v2\/pages"}],"about":[{"href":"https:\/\/topol.org.pl\/index.php?rest_route=\/wp\/v2\/types\/page"}],"author":[{"embeddable":true,"href":"https:\/\/topol.org.pl\/index.php?rest_route=\/wp\/v2\/users\/1"}],"replies":[{"embeddable":true,"href":"https:\/\/topol.org.pl\/index.php?rest_route=%2Fwp%2Fv2%2Fcomments&post=12657"}],"version-history":[{"count":13,"href":"https:\/\/topol.org.pl\/index.php?rest_route=\/wp\/v2\/pages\/12657\/revisions"}],"predecessor-version":[{"id":12676,"href":"https:\/\/topol.org.pl\/index.php?rest_route=\/wp\/v2\/pages\/12657\/revisions\/12676"}],"up":[{"embeddable":true,"href":"https:\/\/topol.org.pl\/index.php?rest_route=\/wp\/v2\/pages\/9745"}],"wp:attachment":[{"href":"https:\/\/topol.org.pl\/index.php?rest_route=%2Fwp%2Fv2%2Fmedia&parent=12657"}],"curies":[{"name":"wp","href":"https:\/\/api.w.org\/{rel}","templated":true}]}}