{"id":12678,"date":"2025-06-25T07:06:29","date_gmt":"2025-06-25T05:06:29","guid":{"rendered":"https:\/\/topol.org.pl\/?page_id=12678"},"modified":"2025-06-26T06:43:31","modified_gmt":"2025-06-26T04:43:31","slug":"wypowiedz-prezydenta-rp-przed-udzialem-w-szczycie-nato","status":"publish","type":"page","link":"https:\/\/topol.org.pl\/?page_id=12678","title":{"rendered":"Wypowied\u017a Prezydenta RP przed udzia\u0142em w Szczycie NATO"},"content":{"rendered":"\n<p>25.06.2025 07.00 <a href=\"https:\/\/www.youtube.com\/watch?v=VqlEAzausdI\">Wypowied\u017a Prezydenta RP przed udzia\u0142em w Szczycie NATO<\/a><\/p>\n\n\n\n<p>\u0179r\u00f3d\u0142o: Prezydent RP Andrzej Duda<\/p>\n\n\n\n<p><strong>R\u0119ce opadaj\u0105, <a href=\"https:\/\/www.rp.pl\/polityka\/art42580171-nato-niemcy-przejmuja-paleczke-chca-zbudowac-najwieksza-konwencjonalna-armie-europy\">Niemcy wzmacniaj\u0105 swoje wojsko.<\/a> Naszym kosztem.<\/strong> <strong>Nie jeste\u015bmy wschodni\u0105 flank\u0105 NATO.<\/strong> <strong>Takie okre\u015blenie to zgoda na wojn\u0119 na naszym terytorium. <a href=\"https:\/\/www.rp.pl\/opinie-polityczno-spoleczne\/art42589401-niemcy-maja-problem-z-pamiecia-o-wojennych-rabunkach-pomozmy-im-ja-odswiezyc\">&#8222;maj\u0105 problem z pami\u0119ci\u0105 o wojennych rabunkach&#8221;<\/a>. Tak Polacy i Niemcy maj\u0105 problem z pami\u0119ci\u0105. W ramach oszcz\u0119dno\u015bci MEN (ministerstwo edukacji) planuje <a href=\"https:\/\/www.rp.pl\/opinie-polityczno-spoleczne\/art42589441-joanna-cwiek-swidecka-a-moze-zlikwidowac-swiadectwa-szkolne\">cyfrowe \u015bwiadectwa szkolne<\/a>. Czy cena, kt\u00f3r\u0105 p\u0142acimy za <a href=\"https:\/\/www.rp.pl\/opinie-polityczno-spoleczne\/art42569561-marek-a-cichocki-niemcy-w-pogoni-za-przywodztwem-w-europie\">niemieckie przyw\u00f3dztwo w Europie<\/a>, nie jest zbyt wysoka? A tymczasem &#8222;<a href=\"https:\/\/www.youtube.com\/watch?v=UG9ZWvc2WWM\">Fundacja Republika\u0144ska<\/a>&#8221; debatuje nad now\u0105 konstytucj\u0105, kt\u00f3ra ma powsta\u0107 za 30 lat. Podobno staniemy si\u0119 mocarstwem jak j\u0105 napiszemy. 4RP i nowy format pa\u0144stwa w kt\u00f3rym b\u0119dziemy federacj\u0105 wojew\u00f3dztw. Decentralizacja spowoduje prawdopodobnie rozmycie pa\u0144stwa i podporz\u0105dkowanie naszego landu Niemcom.  Demokracja bezpo\u015brednia pomo\u017ce w destrukcji, poniewa\u017c ludzie nic nie rozumiej\u0105.<\/strong> <strong>Napisa\u0142em.<\/strong> <a href=\"https:\/\/topol.org.pl\/?page_id=47\">Konstytucja z 11.10.2023 r<\/a>.<\/p>\n\n\n\n<p>Verte &gt;<a href=\"https:\/\/topol.org.pl\/?page_id=6187\">Fundacja Narodowe Si\u0142y Samoobrony \u201eGrot\u201d<\/a><\/p>\n\n\n\n<p><\/p>\n","protected":false},"excerpt":{"rendered":"<p>25.06.2025 07.00 Wypowied\u017a Prezydenta RP przed udzia\u0142em w Szczycie NATO \u0179r\u00f3d\u0142o: Prezydent RP Andrzej Duda R\u0119ce opadaj\u0105, Niemcy wzmacniaj\u0105 swoje wojsko. Naszym kosztem. Nie jeste\u015bmy wschodni\u0105 flank\u0105 NATO. Takie okre\u015blenie to zgoda na wojn\u0119 na naszym terytorium. &#8222;maj\u0105 problem z pami\u0119ci\u0105 o wojennych rabunkach&#8221;. Tak Polacy i Niemcy maj\u0105 problem z pami\u0119ci\u0105. W ramach oszcz\u0119dno\u015bci [&hellip;]<\/p>\n","protected":false},"author":1,"featured_media":0,"parent":0,"menu_order":297,"comment_status":"closed","ping_status":"closed","template":"","meta":{"footnotes":""},"class_list":["post-12678","page","type-page","status-publish","hentry"],"_links":{"self":[{"href":"https:\/\/topol.org.pl\/index.php?rest_route=\/wp\/v2\/pages\/12678","targetHints":{"allow":["GET"]}}],"collection":[{"href":"https:\/\/topol.org.pl\/index.php?rest_route=\/wp\/v2\/pages"}],"about":[{"href":"https:\/\/topol.org.pl\/index.php?rest_route=\/wp\/v2\/types\/page"}],"author":[{"embeddable":true,"href":"https:\/\/topol.org.pl\/index.php?rest_route=\/wp\/v2\/users\/1"}],"replies":[{"embeddable":true,"href":"https:\/\/topol.org.pl\/index.php?rest_route=%2Fwp%2Fv2%2Fcomments&post=12678"}],"version-history":[{"count":10,"href":"https:\/\/topol.org.pl\/index.php?rest_route=\/wp\/v2\/pages\/12678\/revisions"}],"predecessor-version":[{"id":12693,"href":"https:\/\/topol.org.pl\/index.php?rest_route=\/wp\/v2\/pages\/12678\/revisions\/12693"}],"wp:attachment":[{"href":"https:\/\/topol.org.pl\/index.php?rest_route=%2Fwp%2Fv2%2Fmedia&parent=12678"}],"curies":[{"name":"wp","href":"https:\/\/api.w.org\/{rel}","templated":true}]}}