{"id":12695,"date":"2025-06-26T14:21:58","date_gmt":"2025-06-26T12:21:58","guid":{"rendered":"https:\/\/topol.org.pl\/?page_id=12695"},"modified":"2025-06-29T07:08:10","modified_gmt":"2025-06-29T05:08:10","slug":"simpsonowie-zaskoczyli-opinie-publiczna-na-swiecie","status":"publish","type":"page","link":"https:\/\/topol.org.pl\/?page_id=12695","title":{"rendered":"\u201eSimpsonowie\u201d zaskoczyli opini\u0119 publiczn\u0105 na \u015awiecie."},"content":{"rendered":"\n<p id=\"block-bd64fb57-318a-47bd-9493-e0783ed78fbf\">26.06.2025 14.21 <a href=\"https:\/\/www.rp.pl\/telewizja\/art42597381-final-simpsonow-zaskoczyl-widzow-nie-zyje-jedna-z-glownych-bohaterek\">&#8222;Fina\u0142 \u201eSimpson\u00f3w\u201d zaskoczy\u0142 widz\u00f3w&#8221;<\/a> \u0179r\u00f3d\u0142o: <a href=\"https:\/\/www.rp.pl\/telewizja\/art42597381-final-simpsonow-zaskoczyl-widzow-nie-zyje-jedna-z-glownych-bohaterek\">rp.pl<\/a><\/p>\n\n\n\n<p id=\"block-815af124-1619-47b9-8541-f6582f1633b7\"><strong>Marge Simpson z kresk\u00f3wki \u201eSimpsonowie\u201d ma zej\u015b\u0107 z tego \u015awiata za 35 lat. To zapowied\u017a, \u017ce nasi naukowcy wynale\u017ali eliksir na nie\u015bmiertelno\u015b\u0107. I chc\u0105 go wypr\u00f3bowa\u0107 na ca\u0142ej populacji.<\/strong><\/p>\n\n\n\n<p><strong>Na razie m\u00f3wi\u0105, \u017ce Korea\u0144czycy wynale\u017ali bateri\u0119 do samochodu elektrycznego, na kt\u00f3rej mo\u017cna przejecha\u0107 5000 km. A\u017c strach pomy\u015ble\u0107 jak przyjdzie im do g\u0142owy zamocowa\u0107 bateri\u0119 do bezza\u0142ogowego statku powietrznego z \u0142adunkiem wybuchowym. Nie wiem czy m\u00f3wili o Korei P\u00f3\u0142nocnej.<\/strong> <strong>Chyba tak, bardzo ostatnio rozwin\u0119li przemys\u0142.<\/strong><\/p>\n\n\n\n<p id=\"block-44cd5c5a-46ba-4e7b-a80b-aadc9f8e3be2\">Verte &gt;<a href=\"https:\/\/topol.org.pl\/?page_id=6187\">Fundacja Narodowe Si\u0142y Samoobrony \u201eGrot\u201d<\/a><\/p>\n","protected":false},"excerpt":{"rendered":"<p>26.06.2025 14.21 &#8222;Fina\u0142 \u201eSimpson\u00f3w\u201d zaskoczy\u0142 widz\u00f3w&#8221; \u0179r\u00f3d\u0142o: rp.pl Marge Simpson z kresk\u00f3wki \u201eSimpsonowie\u201d ma zej\u015b\u0107 z tego \u015awiata za 35 lat. To zapowied\u017a, \u017ce nasi naukowcy wynale\u017ali eliksir na nie\u015bmiertelno\u015b\u0107. I chc\u0105 go wypr\u00f3bowa\u0107 na ca\u0142ej populacji. Na razie m\u00f3wi\u0105, \u017ce Korea\u0144czycy wynale\u017ali bateri\u0119 do samochodu elektrycznego, na kt\u00f3rej mo\u017cna przejecha\u0107 5000 km. A\u017c strach [&hellip;]<\/p>\n","protected":false},"author":1,"featured_media":0,"parent":12678,"menu_order":1,"comment_status":"closed","ping_status":"closed","template":"","meta":{"footnotes":""},"class_list":["post-12695","page","type-page","status-publish","hentry"],"_links":{"self":[{"href":"https:\/\/topol.org.pl\/index.php?rest_route=\/wp\/v2\/pages\/12695","targetHints":{"allow":["GET"]}}],"collection":[{"href":"https:\/\/topol.org.pl\/index.php?rest_route=\/wp\/v2\/pages"}],"about":[{"href":"https:\/\/topol.org.pl\/index.php?rest_route=\/wp\/v2\/types\/page"}],"author":[{"embeddable":true,"href":"https:\/\/topol.org.pl\/index.php?rest_route=\/wp\/v2\/users\/1"}],"replies":[{"embeddable":true,"href":"https:\/\/topol.org.pl\/index.php?rest_route=%2Fwp%2Fv2%2Fcomments&post=12695"}],"version-history":[{"count":5,"href":"https:\/\/topol.org.pl\/index.php?rest_route=\/wp\/v2\/pages\/12695\/revisions"}],"predecessor-version":[{"id":12700,"href":"https:\/\/topol.org.pl\/index.php?rest_route=\/wp\/v2\/pages\/12695\/revisions\/12700"}],"up":[{"embeddable":true,"href":"https:\/\/topol.org.pl\/index.php?rest_route=\/wp\/v2\/pages\/12678"}],"wp:attachment":[{"href":"https:\/\/topol.org.pl\/index.php?rest_route=%2Fwp%2Fv2%2Fmedia&parent=12695"}],"curies":[{"name":"wp","href":"https:\/\/api.w.org\/{rel}","templated":true}]}}