{"id":12709,"date":"2025-06-29T06:46:07","date_gmt":"2025-06-29T04:46:07","guid":{"rendered":"https:\/\/topol.org.pl\/?page_id=12709"},"modified":"2025-06-29T07:07:59","modified_gmt":"2025-06-29T05:07:59","slug":"zaiste-schizofreniczna-to-sytuacja","status":"publish","type":"page","link":"https:\/\/topol.org.pl\/?page_id=12709","title":{"rendered":"&#8222;Zaiste, schizofreniczna to sytuacja&#8221;"},"content":{"rendered":"\n<p>29.06.2025 06.37 &#8222;<a href=\"https:\/\/www.rp.pl\/publicystyka\/art42580501-marek-migalski-po-co-nam-w-ogole-wojsko\">Zaiste, schizofreniczna to sytuacja<\/a>&#8221; \u0179r\u00f3d\u0142o: <a href=\"https:\/\/www.rp.pl\/publicystyka\/art42580501-marek-migalski-po-co-nam-w-ogole-wojsko\">rp.pl<\/a><\/p>\n\n\n\n<p>Kto jest zwolniony z mobilizacji w razie wojny?<\/p>\n\n\n\n<p>Zgodnie z Ustaw\u0105 o obronie ojczyzny, z mobilizacji mog\u0105 by\u0107 wy\u0142\u0105czeni m.in.&nbsp;<strong>pos\u0142owie, senatorowie, radni oraz osoby zajmuj\u0105ce kierownicze stanowiska w pa\u0144stwie<\/strong>. \u0179r\u00f3d\u0142o: <a href=\"https:\/\/www.google.com\/search?q=ZWOLNIENIE+NA+WYPADEK+WOJNY+Z+OBRONY+KRAJU&amp;oq=ZWOLNIENIE+NA+WYPADEK+WOJNY+Z+OBRONY+KRAJU&amp;gs_lcrp=EgZjaHJvbWUyBggAEEUYOdIBCjIxMTMwajBqMTWoAgiwAgE&amp;sourceid=chrome&amp;ie=UTF-8\">AL Google<\/a><\/p>\n\n\n\n<p><strong>Chce nas wci\u0105gn\u0105\u0107 do nie naszej wojny. &#8222;<a href=\"https:\/\/pl.wikipedia.org\/wiki\/Marek_Migalski\">Sorze<\/a>&#8221; dopiero powstali\u015bmy z ruin.<\/strong><\/p>\n\n\n\n<p>Verte &gt;<a href=\"https:\/\/topol.org.pl\/?page_id=6187\">Fundacja Narodowe Si\u0142y Samoobrony \u201eGrot\u201d<\/a><\/p>\n\n\n\n<p><\/p>\n","protected":false},"excerpt":{"rendered":"<p>29.06.2025 06.37 &#8222;Zaiste, schizofreniczna to sytuacja&#8221; \u0179r\u00f3d\u0142o: rp.pl Kto jest zwolniony z mobilizacji w razie wojny? Zgodnie z Ustaw\u0105 o obronie ojczyzny, z mobilizacji mog\u0105 by\u0107 wy\u0142\u0105czeni m.in.&nbsp;pos\u0142owie, senatorowie, radni oraz osoby zajmuj\u0105ce kierownicze stanowiska w pa\u0144stwie. \u0179r\u00f3d\u0142o: AL Google Chce nas wci\u0105gn\u0105\u0107 do nie naszej wojny. &#8222;Sorze&#8221; dopiero powstali\u015bmy z ruin. Verte &gt;Fundacja Narodowe [&hellip;]<\/p>\n","protected":false},"author":1,"featured_media":0,"parent":12678,"menu_order":2,"comment_status":"closed","ping_status":"closed","template":"","meta":{"footnotes":""},"class_list":["post-12709","page","type-page","status-publish","hentry"],"_links":{"self":[{"href":"https:\/\/topol.org.pl\/index.php?rest_route=\/wp\/v2\/pages\/12709","targetHints":{"allow":["GET"]}}],"collection":[{"href":"https:\/\/topol.org.pl\/index.php?rest_route=\/wp\/v2\/pages"}],"about":[{"href":"https:\/\/topol.org.pl\/index.php?rest_route=\/wp\/v2\/types\/page"}],"author":[{"embeddable":true,"href":"https:\/\/topol.org.pl\/index.php?rest_route=\/wp\/v2\/users\/1"}],"replies":[{"embeddable":true,"href":"https:\/\/topol.org.pl\/index.php?rest_route=%2Fwp%2Fv2%2Fcomments&post=12709"}],"version-history":[{"count":3,"href":"https:\/\/topol.org.pl\/index.php?rest_route=\/wp\/v2\/pages\/12709\/revisions"}],"predecessor-version":[{"id":12712,"href":"https:\/\/topol.org.pl\/index.php?rest_route=\/wp\/v2\/pages\/12709\/revisions\/12712"}],"up":[{"embeddable":true,"href":"https:\/\/topol.org.pl\/index.php?rest_route=\/wp\/v2\/pages\/12678"}],"wp:attachment":[{"href":"https:\/\/topol.org.pl\/index.php?rest_route=%2Fwp%2Fv2%2Fmedia&parent=12709"}],"curies":[{"name":"wp","href":"https:\/\/api.w.org\/{rel}","templated":true}]}}