{"id":12713,"date":"2025-06-29T07:06:16","date_gmt":"2025-06-29T05:06:16","guid":{"rendered":"https:\/\/topol.org.pl\/?page_id=12713"},"modified":"2025-06-29T07:22:02","modified_gmt":"2025-06-29T05:22:02","slug":"instytut-sobieskiego-oraz-instytut-wschodniej-flanki","status":"publish","type":"page","link":"https:\/\/topol.org.pl\/?page_id=12713","title":{"rendered":"Instytut Sobieskiego oraz Instytut Wschodniej Flanki"},"content":{"rendered":"\n<p>29.06.2025 06.57 &#8222;<a href=\"https:\/\/www.rp.pl\/spoleczenstwo\/art42608111-powszechna-sluzba-dla-panstwa-czy-beda-obowiazkowe-szkolenia-dla-mlodych\">Instytut Sobieskiego oraz Instytut Wschodniej Flanki<\/a>&#8221; \u0179r\u00f3d\u0142o: <a href=\"https:\/\/www.rp.pl\/spoleczenstwo\/art42608111-powszechna-sluzba-dla-panstwa-czy-beda-obowiazkowe-szkolenia-dla-mlodych\">rp.pl<\/a><\/p>\n\n\n\n<p><strong>Organizacja pozarz\u0105dowa zarejestrowana w Brukseli. Kto to finansuje ? To dywersja. Powinni\u015bmy to zbada\u0107, sytuacja jest zagro\u017ceniem dla pokoju. To przygotowanie boj\u00f3wek z m\u0142odych nie\u015bwiadomych ludzi przez si\u0142y sponsorowane za granic\u0105.<\/strong><\/p>\n\n\n\n<p>Verte &gt;<a href=\"https:\/\/topol.org.pl\/?page_id=6187\">Fundacja Narodowe Si\u0142y Samoobrony \u201eGrot\u201d<\/a><\/p>\n\n\n\n<p><\/p>\n","protected":false},"excerpt":{"rendered":"<p>29.06.2025 06.57 &#8222;Instytut Sobieskiego oraz Instytut Wschodniej Flanki&#8221; \u0179r\u00f3d\u0142o: rp.pl Organizacja pozarz\u0105dowa zarejestrowana w Brukseli. Kto to finansuje ? To dywersja. Powinni\u015bmy to zbada\u0107, sytuacja jest zagro\u017ceniem dla pokoju. To przygotowanie boj\u00f3wek z m\u0142odych nie\u015bwiadomych ludzi przez si\u0142y sponsorowane za granic\u0105. Verte &gt;Fundacja Narodowe Si\u0142y Samoobrony \u201eGrot\u201d<\/p>\n","protected":false},"author":1,"featured_media":0,"parent":12678,"menu_order":3,"comment_status":"closed","ping_status":"closed","template":"","meta":{"footnotes":""},"class_list":["post-12713","page","type-page","status-publish","hentry"],"_links":{"self":[{"href":"https:\/\/topol.org.pl\/index.php?rest_route=\/wp\/v2\/pages\/12713","targetHints":{"allow":["GET"]}}],"collection":[{"href":"https:\/\/topol.org.pl\/index.php?rest_route=\/wp\/v2\/pages"}],"about":[{"href":"https:\/\/topol.org.pl\/index.php?rest_route=\/wp\/v2\/types\/page"}],"author":[{"embeddable":true,"href":"https:\/\/topol.org.pl\/index.php?rest_route=\/wp\/v2\/users\/1"}],"replies":[{"embeddable":true,"href":"https:\/\/topol.org.pl\/index.php?rest_route=%2Fwp%2Fv2%2Fcomments&post=12713"}],"version-history":[{"count":2,"href":"https:\/\/topol.org.pl\/index.php?rest_route=\/wp\/v2\/pages\/12713\/revisions"}],"predecessor-version":[{"id":12715,"href":"https:\/\/topol.org.pl\/index.php?rest_route=\/wp\/v2\/pages\/12713\/revisions\/12715"}],"up":[{"embeddable":true,"href":"https:\/\/topol.org.pl\/index.php?rest_route=\/wp\/v2\/pages\/12678"}],"wp:attachment":[{"href":"https:\/\/topol.org.pl\/index.php?rest_route=%2Fwp%2Fv2%2Fmedia&parent=12713"}],"curies":[{"name":"wp","href":"https:\/\/api.w.org\/{rel}","templated":true}]}}