{"id":12719,"date":"2025-07-01T06:46:08","date_gmt":"2025-07-01T04:46:08","guid":{"rendered":"https:\/\/topol.org.pl\/?page_id=12719"},"modified":"2025-07-01T06:47:08","modified_gmt":"2025-07-01T04:47:08","slug":"wywolanie-wojny-na-naszym-terytorium-pozbawi-nas-panstwa","status":"publish","type":"page","link":"https:\/\/topol.org.pl\/?page_id=12719","title":{"rendered":"Wywo\u0142anie wojny na naszym terytorium pozbawi nas pa\u0144stwa."},"content":{"rendered":"\n<p>01.07.2025 06.29 <a href=\"https:\/\/www.youtube.com\/watch?v=1TjVrnCvi9A\">Wezwania do Wojska jak Listy Go\u0144cze: Wi\u0119zienie za Odmow\u0119?!<\/a> \u0179r\u00f3d\u0142o: Tomasz Piekielnik<\/p>\n\n\n\n<p><strong>Wywo\u0142anie wojny na naszym terytorium pozbawi nas pa\u0144stwa. Niemcy tylko czekaj\u0105, \u017ceby zaj\u0105\u0107 Ziemie Zachodnie, \u015al\u0105sk i Pojezierze Mazurskie. Ukraina zajmie reszt\u0119. Od pocz\u0105tku chodzi o nasz\u0105 Polsk\u0119. Kt\u00f3r\u0105 zdrajcy narodu wystawiaj\u0105 na likwidacj\u0119. Ukraina nie jest naszym sprzymierze\u0144cem, stanowi dla nas \u015bmiertelne zagro\u017cenie. Niemcy ca\u0142y czas roszcz\u0105 do nas pretensj\u0119. Wczoraj by\u0142 artyku\u0142 o zwi\u0105zku wyp\u0119dzonych. Nie chc\u0119 fa\u0142szywego bratania z Ukrain\u0105 i Niemcami.<\/strong> <strong>To wywo\u0142a wojn\u0119 i nasz\u0105 zag\u0142ad\u0119.<\/strong><\/p>\n\n\n\n<p>Verte ><a href=\"https:\/\/topol.org.pl\/?page_id=6187\">Fundacja Narodowe Si\u0142y Samoobrony \u201eGrot\u201d<\/a><\/p>\n\n\n\n<p><\/p>\n","protected":false},"excerpt":{"rendered":"<p>01.07.2025 06.29 Wezwania do Wojska jak Listy Go\u0144cze: Wi\u0119zienie za Odmow\u0119?! \u0179r\u00f3d\u0142o: Tomasz Piekielnik Wywo\u0142anie wojny na naszym terytorium pozbawi nas pa\u0144stwa. Niemcy tylko czekaj\u0105, \u017ceby zaj\u0105\u0107 Ziemie Zachodnie, \u015al\u0105sk i Pojezierze Mazurskie. Ukraina zajmie reszt\u0119. Od pocz\u0105tku chodzi o nasz\u0105 Polsk\u0119. Kt\u00f3r\u0105 zdrajcy narodu wystawiaj\u0105 na likwidacj\u0119. Ukraina nie jest naszym sprzymierze\u0144cem, stanowi dla [&hellip;]<\/p>\n","protected":false},"author":1,"featured_media":0,"parent":12678,"menu_order":4,"comment_status":"closed","ping_status":"closed","template":"","meta":{"footnotes":""},"class_list":["post-12719","page","type-page","status-publish","hentry"],"_links":{"self":[{"href":"https:\/\/topol.org.pl\/index.php?rest_route=\/wp\/v2\/pages\/12719","targetHints":{"allow":["GET"]}}],"collection":[{"href":"https:\/\/topol.org.pl\/index.php?rest_route=\/wp\/v2\/pages"}],"about":[{"href":"https:\/\/topol.org.pl\/index.php?rest_route=\/wp\/v2\/types\/page"}],"author":[{"embeddable":true,"href":"https:\/\/topol.org.pl\/index.php?rest_route=\/wp\/v2\/users\/1"}],"replies":[{"embeddable":true,"href":"https:\/\/topol.org.pl\/index.php?rest_route=%2Fwp%2Fv2%2Fcomments&post=12719"}],"version-history":[{"count":1,"href":"https:\/\/topol.org.pl\/index.php?rest_route=\/wp\/v2\/pages\/12719\/revisions"}],"predecessor-version":[{"id":12720,"href":"https:\/\/topol.org.pl\/index.php?rest_route=\/wp\/v2\/pages\/12719\/revisions\/12720"}],"up":[{"embeddable":true,"href":"https:\/\/topol.org.pl\/index.php?rest_route=\/wp\/v2\/pages\/12678"}],"wp:attachment":[{"href":"https:\/\/topol.org.pl\/index.php?rest_route=%2Fwp%2Fv2%2Fmedia&parent=12719"}],"curies":[{"name":"wp","href":"https:\/\/api.w.org\/{rel}","templated":true}]}}