{"id":12721,"date":"2025-07-02T06:49:17","date_gmt":"2025-07-02T04:49:17","guid":{"rendered":"https:\/\/topol.org.pl\/?page_id=12721"},"modified":"2025-07-02T07:05:05","modified_gmt":"2025-07-02T05:05:05","slug":"o-zrodlach-polskosci-jej-sile-i-kreatywnosci-polakow","status":"publish","type":"page","link":"https:\/\/topol.org.pl\/?page_id=12721","title":{"rendered":"O \u017ar\u00f3d\u0142ach polsko\u015bci, jej sile i kreatywno\u015bci Polak\u00f3w"},"content":{"rendered":"\n<p>02.07.2025 06.47 <a href=\"https:\/\/www.youtube.com\/watch?v=duPkD03Vazk\">O \u017ar\u00f3d\u0142ach polsko\u015bci, jej sile i kreatywno\u015bci Polak\u00f3w<\/a> | prof. Stanis\u0142aw Miko\u0142ajczak | Europa Europa! \u0179r\u00f3d\u0142o: <a href=\"https:\/\/www.youtube.com\/@Radio.Ratio00\">RadioRatio<\/a><\/p>\n\n\n\n<p>Verte &gt;<a href=\"https:\/\/topol.org.pl\/?page_id=6187\">Fundacja Narodowe Si\u0142y Samoobrony \u201eGrot\u201d<\/a><\/p>\n\n\n\n<p><\/p>\n","protected":false},"excerpt":{"rendered":"<p>02.07.2025 06.47 O \u017ar\u00f3d\u0142ach polsko\u015bci, jej sile i kreatywno\u015bci Polak\u00f3w | prof. Stanis\u0142aw Miko\u0142ajczak | Europa Europa! \u0179r\u00f3d\u0142o: RadioRatio Verte &gt;Fundacja Narodowe Si\u0142y Samoobrony \u201eGrot\u201d<\/p>\n","protected":false},"author":1,"featured_media":0,"parent":10863,"menu_order":10,"comment_status":"closed","ping_status":"closed","template":"","meta":{"footnotes":""},"class_list":["post-12721","page","type-page","status-publish","hentry"],"_links":{"self":[{"href":"https:\/\/topol.org.pl\/index.php?rest_route=\/wp\/v2\/pages\/12721","targetHints":{"allow":["GET"]}}],"collection":[{"href":"https:\/\/topol.org.pl\/index.php?rest_route=\/wp\/v2\/pages"}],"about":[{"href":"https:\/\/topol.org.pl\/index.php?rest_route=\/wp\/v2\/types\/page"}],"author":[{"embeddable":true,"href":"https:\/\/topol.org.pl\/index.php?rest_route=\/wp\/v2\/users\/1"}],"replies":[{"embeddable":true,"href":"https:\/\/topol.org.pl\/index.php?rest_route=%2Fwp%2Fv2%2Fcomments&post=12721"}],"version-history":[{"count":3,"href":"https:\/\/topol.org.pl\/index.php?rest_route=\/wp\/v2\/pages\/12721\/revisions"}],"predecessor-version":[{"id":12724,"href":"https:\/\/topol.org.pl\/index.php?rest_route=\/wp\/v2\/pages\/12721\/revisions\/12724"}],"up":[{"embeddable":true,"href":"https:\/\/topol.org.pl\/index.php?rest_route=\/wp\/v2\/pages\/10863"}],"wp:attachment":[{"href":"https:\/\/topol.org.pl\/index.php?rest_route=%2Fwp%2Fv2%2Fmedia&parent=12721"}],"curies":[{"name":"wp","href":"https:\/\/api.w.org\/{rel}","templated":true}]}}