{"id":12725,"date":"2025-07-03T06:17:17","date_gmt":"2025-07-03T04:17:17","guid":{"rendered":"https:\/\/topol.org.pl\/?page_id=12725"},"modified":"2026-01-09T09:31:07","modified_gmt":"2026-01-09T08:31:07","slug":"kwantowe-uczenie-maszynowe-do-wytwarzania-polprzewodnikow-przyszlosci","status":"publish","type":"page","link":"https:\/\/topol.org.pl\/?page_id=12725","title":{"rendered":"&#8222;kwantowe uczenie maszynowe do wytwarzania p\u00f3\u0142przewodnik\u00f3w przysz\u0142o\u015bci&#8221;"},"content":{"rendered":"\n<p>03.07.2025 06.15 &#8222;<a href=\"https:\/\/cyfrowa.rp.pl\/technologie\/art42646891-rewolucja-w-elektronice-powstal-chip-zaprojektowany-technologia-kwantowa\">kwantowe uczenie maszynowe do wytwarzania p\u00f3\u0142przewodnik\u00f3w przysz\u0142o\u015bci<\/a>&#8221; \u0179r\u00f3d\u0142o: rp.pl<\/p>\n\n\n\n<p>Verte ><a href=\"https:\/\/topol.org.pl\/?page_id=6187\">Fundacja Narodowe Si\u0142y Samoobrony \u201eGrot\u201d<\/a><\/p>\n","protected":false},"excerpt":{"rendered":"<p>03.07.2025 06.15 &#8222;kwantowe uczenie maszynowe do wytwarzania p\u00f3\u0142przewodnik\u00f3w przysz\u0142o\u015bci&#8221; \u0179r\u00f3d\u0142o: rp.pl Verte >Fundacja Narodowe Si\u0142y Samoobrony \u201eGrot\u201d<\/p>\n","protected":false},"author":1,"featured_media":0,"parent":11827,"menu_order":8,"comment_status":"closed","ping_status":"closed","template":"","meta":{"footnotes":""},"class_list":["post-12725","page","type-page","status-publish","hentry"],"_links":{"self":[{"href":"https:\/\/topol.org.pl\/index.php?rest_route=\/wp\/v2\/pages\/12725","targetHints":{"allow":["GET"]}}],"collection":[{"href":"https:\/\/topol.org.pl\/index.php?rest_route=\/wp\/v2\/pages"}],"about":[{"href":"https:\/\/topol.org.pl\/index.php?rest_route=\/wp\/v2\/types\/page"}],"author":[{"embeddable":true,"href":"https:\/\/topol.org.pl\/index.php?rest_route=\/wp\/v2\/users\/1"}],"replies":[{"embeddable":true,"href":"https:\/\/topol.org.pl\/index.php?rest_route=%2Fwp%2Fv2%2Fcomments&post=12725"}],"version-history":[{"count":1,"href":"https:\/\/topol.org.pl\/index.php?rest_route=\/wp\/v2\/pages\/12725\/revisions"}],"predecessor-version":[{"id":12726,"href":"https:\/\/topol.org.pl\/index.php?rest_route=\/wp\/v2\/pages\/12725\/revisions\/12726"}],"up":[{"embeddable":true,"href":"https:\/\/topol.org.pl\/index.php?rest_route=\/wp\/v2\/pages\/11827"}],"wp:attachment":[{"href":"https:\/\/topol.org.pl\/index.php?rest_route=%2Fwp%2Fv2%2Fmedia&parent=12725"}],"curies":[{"name":"wp","href":"https:\/\/api.w.org\/{rel}","templated":true}]}}