{"id":12733,"date":"2025-07-03T07:15:20","date_gmt":"2025-07-03T05:15:20","guid":{"rendered":"https:\/\/topol.org.pl\/?page_id=12733"},"modified":"2026-01-09T11:02:39","modified_gmt":"2026-01-09T10:02:39","slug":"sprzeciwily-sie-mapie-drogowej-zaproponowanej-przez-polska-prezydencje-w-radzie-ue","status":"publish","type":"page","link":"https:\/\/topol.org.pl\/?page_id=12733","title":{"rendered":"&#8222;sprzeciwi\u0142y si\u0119 mapie drogowej zaproponowanej przez polsk\u0105 prezydencj\u0119 w Radzie UE&#8221;"},"content":{"rendered":"\n<p>03.07.2025 07.08 &#8222;<a href=\"https:\/\/energia.rp.pl\/surowce-i-paliwa\/art42541321-europa-chce-skonczyc-z-zaleznoscia-od-ropy-i-gazu-z-rosji-nie-wszystkie-kraje-sie-na-to-godza\">sprzeciwi\u0142y si\u0119 mapie drogowej zaproponowanej przez polsk\u0105 prezydencj\u0119 w Radzie UE<\/a>&#8221; \u0179r\u00f3d\u0142o: rp.pl<\/p>\n\n\n\n<p><strong>Te\u017c sprzeciwiam si\u0119 izolacji Rosji na arenie mi\u0119dzynarodowej. Poniewa\u017c wpychamy j\u0105 pod chi\u0144ski walec. I pchamy Europ\u0119 do wojny, poniewa\u017c taka izolacja rodzi agresj\u0119, kt\u00f3r\u0105 sami wywo\u0142amy swoim dzia\u0142aniem.<\/strong><\/p>\n\n\n\n<p>Verte ><a href=\"https:\/\/topol.org.pl\/?page_id=6187\">Fundacja Narodowe Si\u0142y Samoobrony \u201eGrot\u201d<\/a><\/p>\n","protected":false},"excerpt":{"rendered":"<p>03.07.2025 07.08 &#8222;sprzeciwi\u0142y si\u0119 mapie drogowej zaproponowanej przez polsk\u0105 prezydencj\u0119 w Radzie UE&#8221; \u0179r\u00f3d\u0142o: rp.pl Te\u017c sprzeciwiam si\u0119 izolacji Rosji na arenie mi\u0119dzynarodowej. Poniewa\u017c wpychamy j\u0105 pod chi\u0144ski walec. I pchamy Europ\u0119 do wojny, poniewa\u017c taka izolacja rodzi agresj\u0119, kt\u00f3r\u0105 sami wywo\u0142amy swoim dzia\u0142aniem. Verte >Fundacja Narodowe Si\u0142y Samoobrony \u201eGrot\u201d<\/p>\n","protected":false},"author":1,"featured_media":0,"parent":9745,"menu_order":3,"comment_status":"closed","ping_status":"closed","template":"","meta":{"footnotes":""},"class_list":["post-12733","page","type-page","status-publish","hentry"],"_links":{"self":[{"href":"https:\/\/topol.org.pl\/index.php?rest_route=\/wp\/v2\/pages\/12733","targetHints":{"allow":["GET"]}}],"collection":[{"href":"https:\/\/topol.org.pl\/index.php?rest_route=\/wp\/v2\/pages"}],"about":[{"href":"https:\/\/topol.org.pl\/index.php?rest_route=\/wp\/v2\/types\/page"}],"author":[{"embeddable":true,"href":"https:\/\/topol.org.pl\/index.php?rest_route=\/wp\/v2\/users\/1"}],"replies":[{"embeddable":true,"href":"https:\/\/topol.org.pl\/index.php?rest_route=%2Fwp%2Fv2%2Fcomments&post=12733"}],"version-history":[{"count":2,"href":"https:\/\/topol.org.pl\/index.php?rest_route=\/wp\/v2\/pages\/12733\/revisions"}],"predecessor-version":[{"id":12735,"href":"https:\/\/topol.org.pl\/index.php?rest_route=\/wp\/v2\/pages\/12733\/revisions\/12735"}],"up":[{"embeddable":true,"href":"https:\/\/topol.org.pl\/index.php?rest_route=\/wp\/v2\/pages\/9745"}],"wp:attachment":[{"href":"https:\/\/topol.org.pl\/index.php?rest_route=%2Fwp%2Fv2%2Fmedia&parent=12733"}],"curies":[{"name":"wp","href":"https:\/\/api.w.org\/{rel}","templated":true}]}}