{"id":12736,"date":"2025-07-03T21:53:04","date_gmt":"2025-07-03T19:53:04","guid":{"rendered":"https:\/\/topol.org.pl\/?page_id=12736"},"modified":"2025-07-16T17:05:52","modified_gmt":"2025-07-16T15:05:52","slug":"troska-o-emigrantow-tez-z-winy-niemcow-ktorzy-zaprosili-emigrantow-do-europy","status":"publish","type":"page","link":"https:\/\/topol.org.pl\/?page_id=12736","title":{"rendered":"Troska o emigrant\u00f3w te\u017c z winy Niemc\u00f3w, kt\u00f3rzy zaprosili emigrant\u00f3w do Europy."},"content":{"rendered":"\n<p>03.07.2025 21.17 <a href=\"https:\/\/www.rp.pl\/spoleczenstwo\/art42642291-jacek-kastelaniec-antysemityzm-a-takze-niechec-do-migrantow-biora-sie-z-obojetnosci\">Jacek Kastelaniec: Antysemityzm, a tak\u017ce niech\u0119\u0107 do migrant\u00f3w bior\u0105 si\u0119 z oboj\u0119tno\u015bci<\/a> \u0179r\u00f3d\u0142o: rp.pl<\/p>\n\n\n\n<p><strong>Wydaj\u0119 si\u0119, \u017ce<\/strong> <strong>to<\/strong> <strong>oboj\u0119tno\u015b\u0107 do ci\u0105g\u0142ego m\u00f3wienia o antysemityzmie i troska o emigrant\u00f3w z powodu ich tu\u0142aczki w poszukiwaniu ziemi obiecanej.<\/strong> <strong>\u0141\u0105cznie na ziemiach okupowanych 2RP zgin\u0119\u0142o 10 mln Polak\u00f3w w tym 3 miliony \u017byd\u00f3w.<\/strong> <strong>Wszystko z winy Niemc\u00f3w i ich&nbsp;III&nbsp;Rzeszy.<\/strong>&nbsp;<strong><a href=\"https:\/\/dorzeczy.pl\/opinie\/748839\/imigranci-z-afryki-subsaharyjskiej-kulinska-bez-kompleksow.html\">Troska o emigrant\u00f3w te\u017c z winy Niemc\u00f3w<\/a>, kt\u00f3rzy zaprosili emigrant\u00f3w do Europy.<\/strong><\/p>\n\n\n\n<p>06.07.2025 21.35 <a href=\"https:\/\/www.youtube.com\/watch?v=VyLuRYeyiG0&amp;t=472s\">IZRAELSKIE POCZUCIE WY\u017bSZO\u015aCI I NIECH\u0118\u0106 DO POLAK\u00d3W. MAREK MAGIEROWSKI T\u0141UMACZY POLITYK\u0118 NETANJAHU<\/a> \u0179r\u00f3d\u0142o: Kana\u0142 Zero<\/p>\n\n\n\n<p><strong><a href=\"https:\/\/topol.org.pl\/?page_id=9055\">OBOZY ZAG\u0141ADY by\u0142y na terenie III RZESZY<\/a>, kt\u00f3ra w czasie 2W\u015a okupowa\u0142a Europ\u0119 \u015arodkow\u0105.<\/strong> <strong>447 to nieporozumienie. Nie ma takiego okre\u015blenia jak mienie bez spadkowe.<\/strong> <strong>Jak nie ma spadkobiercy, mienie przejmuje pa\u0144stwo.<\/strong><\/p>\n\n\n\n<p>08.07.2025 18.08 <a href=\"https:\/\/www.youtube.com\/watch?v=V63wKY0rxOo\">Niemcy i ich demony | \u0179r\u00f3d\u0142o:<\/a> <a href=\"https:\/\/www.youtube.com\/watch?v=V63wKY0rxOo\">Po Prostu Historia<\/a><\/p>\n\n\n\n<p>08.07.2025 18.15 <a href=\"https:\/\/dorzeczy.pl\/swiat\/750564\/wspolwina-polakow-za-holocaust-w-domu-niemiecko-polskim.html\">Kontrowersje wok\u00f3\u0142 Domu Niemiecko-Polskiego<\/a> \u0179r\u00f3d\u0142o:&nbsp;X&nbsp;\/&nbsp;tysol.pl\/DoRzeczy.pl<\/p>\n\n\n\n<p><strong><a href=\"https:\/\/www.facebook.com\/reel\/433142735821213\">Demony wype\u0142z\u0142y<\/a> z pod kamienia w\u0119gielnego posadowionego w Berlinie w miejscu planowanego Domu Niemiecko-Polskiego.<\/strong><\/p>\n\n\n\n<p>&#8222;<strong><a href=\"https:\/\/www.rp.pl\/polityka\/art42671691-rzecz-w-tym-europa-w-kryzysie-granic-jerzy-buzek-o-migracjach-populizmie-i-przyszlosci-unii\">Zagro\u017ceniem dla idei zjednoczonej Europy<\/a>&#8221; jest populizm eurokrat\u00f3w wmawiaj\u0105cych, \u017ce potrzebni s\u0105 imigranci \u017ceby zaludni\u0107 Europ\u0119. Robi\u0105 to dla rozwijaj\u0105cych si\u0119 korporacji pozbawionych r\u0105k do pracy. Ci co to m\u00f3wi\u0105, nie bior\u0105 pod uwag\u0119 automatyzacji, sztucznej inteligencji i robotyki. Przybywaj\u0105 do nas agresywni m\u0119\u017cczy\u017ani uzbrojeni w no\u017ce i sponsorowani. Nie akceptuj\u0105cy naszych zasad.<\/strong> <strong>Popieram Ruch Obrony Granic.<\/strong> <strong>Eurokraci<\/strong> <strong>chc\u0105 nas pozbawi\u0107 to\u017csamo\u015bci, tworz\u0105 sztuczny chaos, niszcz\u0105 zasoby, niszcz\u0105 narody i spo\u0142eczno\u015bci lokalne, d\u0105\u017c\u0105 do wojny. Unia Europejska jest z\u0142ym projektem<\/strong>.<\/p>\n\n\n\n<p><a href=\"https:\/\/topol.org.pl\/?page_id=6187\">Fundacja: Narodowe Si\u0142y Samoobrony \u201eGrot\u201d<\/a><\/p>\n\n\n\n<p><\/p>\n","protected":false},"excerpt":{"rendered":"<p>03.07.2025 21.17 Jacek Kastelaniec: Antysemityzm, a tak\u017ce niech\u0119\u0107 do migrant\u00f3w bior\u0105 si\u0119 z oboj\u0119tno\u015bci \u0179r\u00f3d\u0142o: rp.pl Wydaj\u0119 si\u0119, \u017ce to oboj\u0119tno\u015b\u0107 do ci\u0105g\u0142ego m\u00f3wienia o antysemityzmie i troska o emigrant\u00f3w z powodu ich tu\u0142aczki w poszukiwaniu ziemi obiecanej. \u0141\u0105cznie na ziemiach okupowanych 2RP zgin\u0119\u0142o 10 mln Polak\u00f3w w tym 3 miliony \u017byd\u00f3w. Wszystko z winy [&hellip;]<\/p>\n","protected":false},"author":1,"featured_media":0,"parent":12631,"menu_order":1,"comment_status":"closed","ping_status":"closed","template":"","meta":{"footnotes":""},"class_list":["post-12736","page","type-page","status-publish","hentry"],"_links":{"self":[{"href":"https:\/\/topol.org.pl\/index.php?rest_route=\/wp\/v2\/pages\/12736","targetHints":{"allow":["GET"]}}],"collection":[{"href":"https:\/\/topol.org.pl\/index.php?rest_route=\/wp\/v2\/pages"}],"about":[{"href":"https:\/\/topol.org.pl\/index.php?rest_route=\/wp\/v2\/types\/page"}],"author":[{"embeddable":true,"href":"https:\/\/topol.org.pl\/index.php?rest_route=\/wp\/v2\/users\/1"}],"replies":[{"embeddable":true,"href":"https:\/\/topol.org.pl\/index.php?rest_route=%2Fwp%2Fv2%2Fcomments&post=12736"}],"version-history":[{"count":17,"href":"https:\/\/topol.org.pl\/index.php?rest_route=\/wp\/v2\/pages\/12736\/revisions"}],"predecessor-version":[{"id":12823,"href":"https:\/\/topol.org.pl\/index.php?rest_route=\/wp\/v2\/pages\/12736\/revisions\/12823"}],"up":[{"embeddable":true,"href":"https:\/\/topol.org.pl\/index.php?rest_route=\/wp\/v2\/pages\/12631"}],"wp:attachment":[{"href":"https:\/\/topol.org.pl\/index.php?rest_route=%2Fwp%2Fv2%2Fmedia&parent=12736"}],"curies":[{"name":"wp","href":"https:\/\/api.w.org\/{rel}","templated":true}]}}