{"id":12741,"date":"2025-07-05T08:45:24","date_gmt":"2025-07-05T06:45:24","guid":{"rendered":"https:\/\/topol.org.pl\/?page_id=12741"},"modified":"2025-10-16T10:10:26","modified_gmt":"2025-10-16T08:10:26","slug":"poziom-wisly","status":"publish","type":"page","link":"https:\/\/topol.org.pl\/?page_id=12741","title":{"rendered":"Poziom Wis\u0142y"},"content":{"rendered":"\n<p>05.07.2025 08.48 &#8222;<a href=\"https:\/\/klimat.rp.pl\/susza\/art42656761-poziom-wisly-w-warszawie-rekordowo-niski-najgorszy-wynik-w-historii-pomiarow\">Poziom Wis\u0142y<\/a>&#8221; \u0179r\u00f3d\u0142o: <a href=\"https:\/\/klimat.rp.pl\/susza\/art42656761-poziom-wisly-w-warszawie-rekordowo-niski-najgorszy-wynik-w-historii-pomiarow\">rp.pl<\/a><\/p>\n\n\n\n<p><a href=\"https:\/\/topol.org.pl\/?page_id=2698\">Europejski Zielony \u0141ad<\/a><\/p>\n\n\n\n<p>Verte &gt;<a href=\"https:\/\/topol.org.pl\/?page_id=6187\">Fundacja Narodowe Si\u0142y Samoobrony \u201eGrot\u201d<\/a><\/p>\n\n\n\n<p><\/p>\n","protected":false},"excerpt":{"rendered":"<p>05.07.2025 08.48 &#8222;Poziom Wis\u0142y&#8221; \u0179r\u00f3d\u0142o: rp.pl Europejski Zielony \u0141ad Verte &gt;Fundacja Narodowe Si\u0142y Samoobrony \u201eGrot\u201d<\/p>\n","protected":false},"author":1,"featured_media":0,"parent":11389,"menu_order":17,"comment_status":"closed","ping_status":"closed","template":"","meta":{"footnotes":""},"class_list":["post-12741","page","type-page","status-publish","hentry"],"_links":{"self":[{"href":"https:\/\/topol.org.pl\/index.php?rest_route=\/wp\/v2\/pages\/12741","targetHints":{"allow":["GET"]}}],"collection":[{"href":"https:\/\/topol.org.pl\/index.php?rest_route=\/wp\/v2\/pages"}],"about":[{"href":"https:\/\/topol.org.pl\/index.php?rest_route=\/wp\/v2\/types\/page"}],"author":[{"embeddable":true,"href":"https:\/\/topol.org.pl\/index.php?rest_route=\/wp\/v2\/users\/1"}],"replies":[{"embeddable":true,"href":"https:\/\/topol.org.pl\/index.php?rest_route=%2Fwp%2Fv2%2Fcomments&post=12741"}],"version-history":[{"count":6,"href":"https:\/\/topol.org.pl\/index.php?rest_route=\/wp\/v2\/pages\/12741\/revisions"}],"predecessor-version":[{"id":12748,"href":"https:\/\/topol.org.pl\/index.php?rest_route=\/wp\/v2\/pages\/12741\/revisions\/12748"}],"up":[{"embeddable":true,"href":"https:\/\/topol.org.pl\/index.php?rest_route=\/wp\/v2\/pages\/11389"}],"wp:attachment":[{"href":"https:\/\/topol.org.pl\/index.php?rest_route=%2Fwp%2Fv2%2Fmedia&parent=12741"}],"curies":[{"name":"wp","href":"https:\/\/api.w.org\/{rel}","templated":true}]}}